{"id":2745,"date":"2025-07-01T12:15:17","date_gmt":"2025-07-01T12:15:17","guid":{"rendered":"https:\/\/cmykprinted.com\/?post_type=product&#038;p=2745"},"modified":"2025-07-01T12:35:43","modified_gmt":"2025-07-01T12:35:43","slug":"display-signs-for-trade-shows","status":"publish","type":"product","link":"https:\/\/cmykprinted.com\/sv\/produkt\/display-skyltar-for-massor\/","title":{"rendered":"Anpassade tygskyltar f\u00f6r m\u00e4ssor med 48 timmars leveranstid"},"content":{"rendered":"","protected":false},"excerpt":{"rendered":"<p>F\u00e5 ditt varum\u00e4rke att sticka ut p\u00e5 m\u00e4ssor med v\u00e5ra specialdesignade tygskyltar, utformade f\u00f6r att leverera livfulla bilder och professionell effekt. Dessa skyltar tillverkas i v\u00e5r avancerade tillverkningsanl\u00e4ggning och har h\u00f6guppl\u00f6st f\u00e4rgsublimeringstryck p\u00e5 premiumtyger som 250 gsm polyester, vilket garanterar lysande f\u00e4rger och skrynkelbest\u00e4ndig prestanda.<\/p>\n<p>Fr\u00e5n specialanpassade tygskyltar f\u00f6r m\u00e4ssor till h\u00e4ngande banderoller och bordsdisplayer erbjuder vi ett brett utbud av anpassningsbara storlekar och former som passar din monterdesign. V\u00e5ra tygskyltar \u00e4r l\u00e4tta och enkla att montera, perfekta f\u00f6r snabb upps\u00e4ttning och transport, vilket sparar tid och anstr\u00e4ngning under hektiska evenemang.<\/p>\n<p>Njut av \u00e4kta fabriksdirektpriser utan att offra kvaliteten. Oavsett om du beh\u00f6ver en enskild skylt eller bulkproduktion garanterar vi konkurrenskraftiga priser, snabba leveranstider och leverans \u00f6ver hela v\u00e4rlden. Marknadsf\u00f6r ditt varum\u00e4rke med specialanpassade tygskyltar som drar till sig uppm\u00e4rksamhet och ger best\u00e5ende intryck p\u00e5 varje m\u00e4ssa!<\/p>\n<div style=\"width: 720px;\" class=\"wp-video\"><!--[if lt IE 9]><script>document.createElement('video');<\/script><![endif]--><br \/>\n<video class=\"wp-video-shortcode\" id=\"video-2745-1\" width=\"720\" height=\"1280\" preload=\"metadata\" controls=\"controls\"><source type=\"video\/mp4\" src=\"https:\/\/cmykprinted.com\/wp-content\/uploads\/2025\/07\/Instruction-Installation-Custom-Pillowcase-Backdrop.mp4?_=1\" \/><a href=\"https:\/\/cmykprinted.com\/wp-content\/uploads\/2025\/07\/Instruction-Installation-Custom-Pillowcase-Backdrop.mp4\">https:\/\/cmykprinted.com\/wp-content\/uploads\/2025\/07\/Instruction-Installation-Custom-Pillowcase-Backdrop.mp4<\/a><\/video><\/div>\n<p>&nbsp;<\/p>","protected":false},"featured_media":2751,"template":"","meta":{"_kad_post_transparent":"default","_kad_post_title":"hide","_kad_post_layout":"fullwidth","_kad_post_sidebar_id":"","_kad_post_content_style":"unboxed","_kad_post_vertical_padding":"hide","_kad_post_feature":"hide","_kad_post_feature_position":"","_kad_post_header":false,"_kad_post_footer":false},"product_cat":[97,99],"product_tag":[632,630,631],"class_list":{"0":"post-2745","1":"product","2":"type-product","3":"status-publish","4":"has-post-thumbnail","6":"product_cat-tension-fabric-displays","7":"product_cat-custom-fabric-displays","8":"product_tag-custom-fabric-display-signs","9":"product_tag-display-signs-for-trade-shows","10":"product_tag-fabric-display-signs","12":"first","13":"instock","14":"shipping-taxable","15":"product-type-simple","16":"entry","17":"content-bg","18":"loop-entry"},"_links":{"self":[{"href":"https:\/\/cmykprinted.com\/sv\/wp-json\/wp\/v2\/product\/2745","targetHints":{"allow":["GET"]}}],"collection":[{"href":"https:\/\/cmykprinted.com\/sv\/wp-json\/wp\/v2\/product"}],"about":[{"href":"https:\/\/cmykprinted.com\/sv\/wp-json\/wp\/v2\/types\/product"}],"version-history":[{"count":1,"href":"https:\/\/cmykprinted.com\/sv\/wp-json\/wp\/v2\/product\/2745\/revisions"}],"predecessor-version":[{"id":2756,"href":"https:\/\/cmykprinted.com\/sv\/wp-json\/wp\/v2\/product\/2745\/revisions\/2756"}],"wp:featuredmedia":[{"embeddable":true,"href":"https:\/\/cmykprinted.com\/sv\/wp-json\/wp\/v2\/media\/2751"}],"wp:attachment":[{"href":"https:\/\/cmykprinted.com\/sv\/wp-json\/wp\/v2\/media?parent=2745"}],"wp:term":[{"taxonomy":"product_cat","embeddable":true,"href":"https:\/\/cmykprinted.com\/sv\/wp-json\/wp\/v2\/product_cat?post=2745"},{"taxonomy":"product_tag","embeddable":true,"href":"https:\/\/cmykprinted.com\/sv\/wp-json\/wp\/v2\/product_tag?post=2745"}],"curies":[{"name":"wp","href":"https:\/\/api.w.org\/{rel}","templated":true}]}}