{"id":2767,"date":"2025-07-03T07:12:11","date_gmt":"2025-07-03T07:12:11","guid":{"rendered":"https:\/\/cmykprinted.com\/?post_type=product&#038;p=2767"},"modified":"2025-07-03T07:55:11","modified_gmt":"2025-07-03T07:55:11","slug":"banner-with-velcro","status":"publish","type":"product","link":"https:\/\/cmykprinted.com\/sv\/produkt\/banner-med-kardborre\/","title":{"rendered":"Anpassad bakgrundsbanner med kardborreband \u2013 30 % l\u00e4gre pris"},"content":{"rendered":"","protected":false},"excerpt":{"rendered":"<p>Skapa en i\u00f6gonfallande uppvisning med v\u00e5r anpassade bakgrundsbanderoll med praktisk kardborref\u00e4ste! Denna bakgrundsbanderoll med kardborref\u00e4ste \u00e4r designad f\u00f6r enkelhet och m\u00e5ngsidighet och \u00e4r perfekt f\u00f6r m\u00e4ssor, fotob\u00e5s, presskonferenser, butiker och speciella evenemang. Tillverkad av h\u00f6gkvalitativt, slitstarkt tyg eller vinyl, erbjuder den livfullt fyrf\u00e4rgstryck som visar upp ditt varum\u00e4rke, budskap eller konstverk i fantastisk detalj.<\/p>\n<p>Kardborrebanden l\u00e4ngs kanterna s\u00e4kerst\u00e4ller snabb installation och s\u00f6ml\u00f6s justering med ramar eller stativ, vilket g\u00f6r att du enkelt kan byta grafik utan verktyg. V\u00e5r anpassade bakgrundsbanderoll finns i olika storlekar som passar ditt utrymme och \u00e4r l\u00e4tt, b\u00e4rbar och enkel att transportera. Oavsett om den anv\u00e4nds inomhus eller utomhus beh\u00e5ller den sina livfulla f\u00e4rger och skarpa bilder. G\u00f6r ett professionellt intryck och lyft din marknadsf\u00f6ring med en bakgrundsl\u00f6sning som \u00e4r b\u00e5de praktisk och visuellt effektfull. F\u00f6rvandla din vision till verklighet med v\u00e5r anpassade bakgrundsbanderoll med kardborreband idag!<\/p>\n<div style=\"width: 1290px;\" class=\"wp-video\"><!--[if lt IE 9]><script>document.createElement('video');<\/script><![endif]--><br \/>\n<video class=\"wp-video-shortcode\" id=\"video-2767-1\" width=\"1290\" height=\"726\" loop autoplay preload=\"auto\" controls=\"controls\"><source type=\"video\/mp4\" src=\"http:\/\/cmykprinted.com\/wp-content\/uploads\/2022\/12\/vinyl-PVC-banners.mp4?_=1\" \/><a href=\"http:\/\/cmykprinted.com\/wp-content\/uploads\/2022\/12\/vinyl-PVC-banners.mp4\">http:\/\/cmykprinted.com\/wp-content\/uploads\/2022\/12\/vinyl-PVC-banners.mp4<\/a><\/video><\/div>\n<p>&nbsp;<\/p>","protected":false},"featured_media":2772,"template":"","meta":{"_kad_post_transparent":"default","_kad_post_title":"hide","_kad_post_layout":"fullwidth","_kad_post_sidebar_id":"","_kad_post_content_style":"unboxed","_kad_post_vertical_padding":"hide","_kad_post_feature":"hide","_kad_post_feature_position":"","_kad_post_header":false,"_kad_post_footer":false},"product_cat":[85,90,91,89],"product_tag":[637,638],"class_list":{"0":"post-2767","1":"product","2":"type-product","3":"status-publish","4":"has-post-thumbnail","6":"product_cat-outdoor-vinyl-banners","7":"product_cat-glossy-pvc-banners","8":"product_cat-matte-vinyl-banners","9":"product_cat-pvc-banners","10":"product_tag-banner-with-velcro","11":"product_tag-custom-backdrop-banner","13":"first","14":"instock","15":"shipping-taxable","16":"product-type-simple","17":"entry","18":"content-bg","19":"loop-entry"},"_links":{"self":[{"href":"https:\/\/cmykprinted.com\/sv\/wp-json\/wp\/v2\/product\/2767","targetHints":{"allow":["GET"]}}],"collection":[{"href":"https:\/\/cmykprinted.com\/sv\/wp-json\/wp\/v2\/product"}],"about":[{"href":"https:\/\/cmykprinted.com\/sv\/wp-json\/wp\/v2\/types\/product"}],"version-history":[{"count":1,"href":"https:\/\/cmykprinted.com\/sv\/wp-json\/wp\/v2\/product\/2767\/revisions"}],"predecessor-version":[{"id":2775,"href":"https:\/\/cmykprinted.com\/sv\/wp-json\/wp\/v2\/product\/2767\/revisions\/2775"}],"wp:featuredmedia":[{"embeddable":true,"href":"https:\/\/cmykprinted.com\/sv\/wp-json\/wp\/v2\/media\/2772"}],"wp:attachment":[{"href":"https:\/\/cmykprinted.com\/sv\/wp-json\/wp\/v2\/media?parent=2767"}],"wp:term":[{"taxonomy":"product_cat","embeddable":true,"href":"https:\/\/cmykprinted.com\/sv\/wp-json\/wp\/v2\/product_cat?post=2767"},{"taxonomy":"product_tag","embeddable":true,"href":"https:\/\/cmykprinted.com\/sv\/wp-json\/wp\/v2\/product_tag?post=2767"}],"curies":[{"name":"wp","href":"https:\/\/api.w.org\/{rel}","templated":true}]}}