{"id":2784,"date":"2025-07-07T02:32:54","date_gmt":"2025-07-07T02:32:54","guid":{"rendered":"https:\/\/cmykprinted.com\/?post_type=product&#038;p=2784"},"modified":"2025-07-07T02:35:29","modified_gmt":"2025-07-07T02:35:29","slug":"street-light-pole-banner","status":"publish","type":"product","link":"https:\/\/cmykprinted.com\/sv\/produkt\/gatlyktstolpe-banner\/","title":{"rendered":"Billig pris gatubelysningsstolpebanner med f\u00e4sten"},"content":{"rendered":"","protected":false},"excerpt":{"rendered":"<p>Letar du efter ett budgetv\u00e4nligt men \u00e4nd\u00e5 effektfullt s\u00e4tt att visa upp ditt varum\u00e4rke, marknadsf\u00f6ra evenemang eller dekorera stadens gator? V\u00e5ra prisv\u00e4rda gatubelysningsbanderoller med f\u00e4sten \u00e4r den perfekta l\u00f6sningen.<\/p>\n<p>Tillverkade av slitstarka, v\u00e4derbest\u00e4ndiga material som kraftig vinyl eller polyestertyg, garanterar dessa banderoller livfulla, h\u00e5llbara utskrifter som t\u00e5l sol, regn och vind. Varje set levereras komplett med robusta f\u00e4sten f\u00f6r s\u00e4ker och enkel installation p\u00e5 olika st\u00e5ngstorlekar, vilket g\u00f6r dem idealiska f\u00f6r gator, parkeringsplatser, campus, shoppingomr\u00e5den med mera.<\/p>\n<p>Viktiga funktioner:<br \/>\n1. Kostnadseffektiv marknadsf\u00f6ring \u2013 H\u00f6g synlighet till ett \u00f6verkomligt pris.<\/p>\n<p>2. Anpassad utskrift \u2013 Grafik i fullf\u00e4rg f\u00f6r att framh\u00e4va ditt unika budskap eller varum\u00e4rke.<\/p>\n<p>3. H\u00e5llbara material \u2013 Utformade f\u00f6r att klara utomhusf\u00f6rh\u00e5llanden f\u00f6r l\u00e4ngre tids anv\u00e4ndning.<\/p>\n<p>4. Enkel installation \u2013 Inkluderar p\u00e5litliga f\u00e4sten f\u00f6r snabb montering.<\/p>\n<p>5. M\u00e5ngsidiga anv\u00e4ndningsomr\u00e5den \u2013 Perfekt f\u00f6r s\u00e4songsbetonade kampanjer, festivaler, medborgarstolthet och aff\u00e4rsreklam.<\/p>\n<p>L\u00e5t inte budgetbegr\u00e4nsningar begr\u00e4nsa din synlighet. Med v\u00e5ra billiga gatlyktor med f\u00e4sten kan du dra till dig uppm\u00e4rksamhet och f\u00f6rst\u00e4rka ditt budskap utan att spendera f\u00f6r mycket. Kontakta oss idag f\u00f6r anpassade storlekar, designer och en gratis offert!<\/p>\n<figure id=\"attachment_2785\" aria-describedby=\"caption-attachment-2785\" style=\"width: 1000px\" class=\"wp-caption alignnone\"><img fetchpriority=\"high\" decoding=\"async\" class=\"size-full wp-image-2785\" src=\"https:\/\/cmykprinted.com\/wp-content\/uploads\/2025\/07\/Street-Light-Pole-Banner.jpg\" alt=\"Gatubelysningsstolpebanner\" width=\"1000\" height=\"560\" srcset=\"https:\/\/cmykprinted.com\/wp-content\/uploads\/2025\/07\/Street-Light-Pole-Banner.jpg 1000w, https:\/\/cmykprinted.com\/wp-content\/uploads\/2025\/07\/Street-Light-Pole-Banner-300x168.jpg 300w, https:\/\/cmykprinted.com\/wp-content\/uploads\/2025\/07\/Street-Light-Pole-Banner-768x430.jpg 768w, https:\/\/cmykprinted.com\/wp-content\/uploads\/2025\/07\/Street-Light-Pole-Banner-18x10.jpg 18w, https:\/\/cmykprinted.com\/wp-content\/uploads\/2025\/07\/Street-Light-Pole-Banner-600x336.jpg 600w\" sizes=\"(max-width: 1000px) 100vw, 1000px\" \/><figcaption id=\"caption-attachment-2785\" class=\"wp-caption-text\">Gatubelysningsstolpebanner<\/figcaption><\/figure>\n<p>&nbsp;<\/p>","protected":false},"featured_media":2786,"template":"","meta":{"_kad_post_transparent":"default","_kad_post_title":"hide","_kad_post_layout":"fullwidth","_kad_post_sidebar_id":"","_kad_post_content_style":"unboxed","_kad_post_vertical_padding":"hide","_kad_post_feature":"hide","_kad_post_feature_position":"","_kad_post_header":false,"_kad_post_footer":false},"product_cat":[85,90,91,89],"product_tag":[642,641],"class_list":{"0":"post-2784","1":"product","2":"type-product","3":"status-publish","4":"has-post-thumbnail","6":"product_cat-outdoor-vinyl-banners","7":"product_cat-glossy-pvc-banners","8":"product_cat-matte-vinyl-banners","9":"product_cat-pvc-banners","10":"product_tag-light-pole-banner-with-brackets","11":"product_tag-street-light-pole-banner","13":"first","14":"instock","15":"shipping-taxable","16":"product-type-simple","17":"entry","18":"content-bg","19":"loop-entry"},"_links":{"self":[{"href":"https:\/\/cmykprinted.com\/sv\/wp-json\/wp\/v2\/product\/2784","targetHints":{"allow":["GET"]}}],"collection":[{"href":"https:\/\/cmykprinted.com\/sv\/wp-json\/wp\/v2\/product"}],"about":[{"href":"https:\/\/cmykprinted.com\/sv\/wp-json\/wp\/v2\/types\/product"}],"version-history":[{"count":1,"href":"https:\/\/cmykprinted.com\/sv\/wp-json\/wp\/v2\/product\/2784\/revisions"}],"predecessor-version":[{"id":2789,"href":"https:\/\/cmykprinted.com\/sv\/wp-json\/wp\/v2\/product\/2784\/revisions\/2789"}],"wp:featuredmedia":[{"embeddable":true,"href":"https:\/\/cmykprinted.com\/sv\/wp-json\/wp\/v2\/media\/2786"}],"wp:attachment":[{"href":"https:\/\/cmykprinted.com\/sv\/wp-json\/wp\/v2\/media?parent=2784"}],"wp:term":[{"taxonomy":"product_cat","embeddable":true,"href":"https:\/\/cmykprinted.com\/sv\/wp-json\/wp\/v2\/product_cat?post=2784"},{"taxonomy":"product_tag","embeddable":true,"href":"https:\/\/cmykprinted.com\/sv\/wp-json\/wp\/v2\/product_tag?post=2784"}],"curies":[{"name":"wp","href":"https:\/\/api.w.org\/{rel}","templated":true}]}}