{"id":2790,"date":"2025-07-07T09:16:58","date_gmt":"2025-07-07T09:16:58","guid":{"rendered":"https:\/\/cmykprinted.com\/?post_type=product&#038;p=2790"},"modified":"2025-07-08T00:21:16","modified_gmt":"2025-07-08T00:21:16","slug":"double-sided-vinyl-banners","status":"publish","type":"product","link":"https:\/\/cmykprinted.com\/sv\/produkt\/dubbelsidiga-vinyl-banderoller\/","title":{"rendered":"18 oz dubbelsidiga vinylbanderoller med 11 dollar"},"content":{"rendered":"","protected":false},"excerpt":{"rendered":"<p>I den dynamiska v\u00e4rlden av marknadsf\u00f6ring och marknadsf\u00f6ring \u00e4r det av st\u00f6rsta vikt att g\u00f6ra ett dj\u00e4rvt uttalande och f\u00e5nga uppm\u00e4rksamhet. V\u00e5ra dubbelsidiga vinylbanderoller p\u00e5 18 oz \u2013 den ultimata l\u00f6sningen f\u00f6r f\u00f6retag, evenemang och privatpersoner som vill l\u00e4mna ett outpl\u00e5nligt avtryck.<\/p>\n<p>Dessa banderoller \u00e4r tillverkade med precision och konstruerade f\u00f6r h\u00f6gsta kvalitet, och \u00e4r inte bara vinylbitar; de \u00e4r kraftfulla verktyg utformade f\u00f6r att lyfta ditt budskap till nya h\u00f6jder.<\/p>\n<p>K\u00e4rnan i v\u00e5ra 18 oz dubbelsidiga vinylbanderoller ligger i en exceptionell h\u00e5llbarhet. Dessa banderoller \u00e4r tillverkade av h\u00f6gkvalitativt och slitstarkt vinylmaterial och \u00e4r byggda f\u00f6r att motst\u00e5 de tuffaste elementen. Oavsett om det \u00e4r stekande sol, skyfall, starka vindar eller minusgrader, f\u00f6rblir v\u00e5ra banderoller intakta och livfulla. Vikten p\u00e5 18 oz ger en robust och robust struktur som s\u00e4kerst\u00e4ller att din banderoll inte slits s\u00f6nder, fransas eller bleknar l\u00e4tt.<\/p>\n<p>Denna h\u00e5llbarhet g\u00f6r dem idealiska f\u00f6r b\u00e5de kortsiktig och l\u00e5ngsiktig utomhusanv\u00e4ndning. Om du till exempel marknadsf\u00f6r en s\u00e4songsrea utanf\u00f6r din butik kommer bannern att beh\u00e5lla sin integritet genom hela kampanjen. Eller, om du anv\u00e4nder den f\u00f6r att markera platsen f\u00f6r ett storskaligt evenemang under flera dagar, kan du lita p\u00e5 att den kommer att forts\u00e4tta se bra ut och f\u00f6rmedla ditt budskap tydligt.<\/p>\n<p>Den dubbelsidiga karakt\u00e4ren hos dessa banderoller f\u00f6rdubblar effekten. Oavsett vilken riktning din publik n\u00e4rmar sig fr\u00e5n, kommer de att m\u00f6tas med ett tydligt och \u00f6vertygande budskap. Detta \u00e4r s\u00e4rskilt f\u00f6rdelaktigt f\u00f6r omr\u00e5den med h\u00f6g trafik, s\u00e5som trafikerade gator, korsningar eller stora \u00f6ppna ytor p\u00e5 festivaler och m\u00e4ssor.<\/p>\n<p>Det maximerar synligheten f\u00f6r ditt varum\u00e4rke, din produkt eller ditt evenemang, vilket s\u00e4kerst\u00e4ller att din marknadsf\u00f6ringsinvestering r\u00e4cker l\u00e4ngre.<\/p>\n<figure id=\"attachment_2785\" aria-describedby=\"caption-attachment-2785\" style=\"width: 1000px\" class=\"wp-caption alignnone\"><img fetchpriority=\"high\" decoding=\"async\" class=\"size-full wp-image-2785\" src=\"https:\/\/cmykprinted.com\/wp-content\/uploads\/2025\/07\/Street-Light-Pole-Banner.jpg\" alt=\" Dubbelsidiga vinylbanderoller\" width=\"1000\" height=\"560\" srcset=\"https:\/\/cmykprinted.com\/wp-content\/uploads\/2025\/07\/Street-Light-Pole-Banner.jpg 1000w, https:\/\/cmykprinted.com\/wp-content\/uploads\/2025\/07\/Street-Light-Pole-Banner-300x168.jpg 300w, https:\/\/cmykprinted.com\/wp-content\/uploads\/2025\/07\/Street-Light-Pole-Banner-768x430.jpg 768w, https:\/\/cmykprinted.com\/wp-content\/uploads\/2025\/07\/Street-Light-Pole-Banner-18x10.jpg 18w, https:\/\/cmykprinted.com\/wp-content\/uploads\/2025\/07\/Street-Light-Pole-Banner-600x336.jpg 600w\" sizes=\"(max-width: 1000px) 100vw, 1000px\" \/><figcaption id=\"caption-attachment-2785\" class=\"wp-caption-text\">Dubbelsidiga vinylbanderoller<\/figcaption><\/figure>","protected":false},"featured_media":2792,"template":"","meta":{"_kad_post_transparent":"default","_kad_post_title":"hide","_kad_post_layout":"fullwidth","_kad_post_sidebar_id":"","_kad_post_content_style":"unboxed","_kad_post_vertical_padding":"hide","_kad_post_feature":"hide","_kad_post_feature_position":"","_kad_post_header":false,"_kad_post_footer":false},"product_cat":[85,90,91,89],"product_tag":[644,645,643],"class_list":{"0":"post-2790","1":"product","2":"type-product","3":"status-publish","4":"has-post-thumbnail","6":"product_cat-outdoor-vinyl-banners","7":"product_cat-glossy-pvc-banners","8":"product_cat-matte-vinyl-banners","9":"product_cat-pvc-banners","10":"product_tag-18-oz-vinyl-banners","11":"product_tag-double-sided-banners","12":"product_tag-double-sided-vinyl-banners","14":"first","15":"instock","16":"shipping-taxable","17":"product-type-simple","18":"entry","19":"content-bg","20":"loop-entry"},"_links":{"self":[{"href":"https:\/\/cmykprinted.com\/sv\/wp-json\/wp\/v2\/product\/2790","targetHints":{"allow":["GET"]}}],"collection":[{"href":"https:\/\/cmykprinted.com\/sv\/wp-json\/wp\/v2\/product"}],"about":[{"href":"https:\/\/cmykprinted.com\/sv\/wp-json\/wp\/v2\/types\/product"}],"version-history":[{"count":1,"href":"https:\/\/cmykprinted.com\/sv\/wp-json\/wp\/v2\/product\/2790\/revisions"}],"predecessor-version":[{"id":2796,"href":"https:\/\/cmykprinted.com\/sv\/wp-json\/wp\/v2\/product\/2790\/revisions\/2796"}],"wp:featuredmedia":[{"embeddable":true,"href":"https:\/\/cmykprinted.com\/sv\/wp-json\/wp\/v2\/media\/2792"}],"wp:attachment":[{"href":"https:\/\/cmykprinted.com\/sv\/wp-json\/wp\/v2\/media?parent=2790"}],"wp:term":[{"taxonomy":"product_cat","embeddable":true,"href":"https:\/\/cmykprinted.com\/sv\/wp-json\/wp\/v2\/product_cat?post=2790"},{"taxonomy":"product_tag","embeddable":true,"href":"https:\/\/cmykprinted.com\/sv\/wp-json\/wp\/v2\/product_tag?post=2790"}],"curies":[{"name":"wp","href":"https:\/\/api.w.org\/{rel}","templated":true}]}}