{"id":2799,"date":"2025-07-08T08:16:30","date_gmt":"2025-07-08T08:16:30","guid":{"rendered":"https:\/\/cmykprinted.com\/?post_type=product&#038;p=2799"},"modified":"2025-07-08T08:16:30","modified_gmt":"2025-07-08T08:16:30","slug":"custom-fabric-banners","status":"publish","type":"product","link":"https:\/\/cmykprinted.com\/sv\/produkt\/skraddarsydda-tyg-banderoller\/","title":{"rendered":"Anpassade tygbanderoller f\u00f6r m\u00e4ssor\/sport\/evenemang med 20 % rabatt"},"content":{"rendered":"","protected":false},"excerpt":{"rendered":"<p>G\u00f6r ett kraftfullt intryck p\u00e5 m\u00e4ssor, sportevenemang eller andra speciella tillf\u00e4llen med v\u00e5ra f\u00f6rstklassiga anpassade tygbanderoller. Tillverkade av h\u00f6gkvalitativa, slitstarka material, levererar dessa banderoller livfulla, skarpa bilder som f\u00e5ngar allas blickar och f\u00f6rst\u00e4rker din varum\u00e4rkesn\u00e4rvaro. De \u00e4r l\u00e4tta men \u00e4nd\u00e5 robusta, enkla att transportera, installera och \u00e5teranv\u00e4nda, vilket sparar tid och pengar.<\/p>\n<p>Oavsett om du visar upp ditt f\u00f6retag p\u00e5 en utst\u00e4llning, hejar p\u00e5 ditt lag eller skapar en fantastisk bakgrund f\u00f6r ett evenemang, erbjuder v\u00e5ra tygbanderoller m\u00e5ngsidiga l\u00f6sningar skr\u00e4ddarsydda f\u00f6r dina unika behov. Njut av livfulla f\u00e4rger tack vare avancerat f\u00e4rgsublimeringstryck, vilket s\u00e4kerst\u00e4ller att ditt budskap f\u00f6rblir dj\u00e4rvt och professionellt.<\/p>\n<p>Missa inte v\u00e5rt tidsbegr\u00e4nsade erbjudande: F\u00e5 20 % rabatt p\u00e5 dina specialdesignade tygbanderoller idag och f\u00e5 ditt varum\u00e4rke att lysa starkare \u00e4n n\u00e5gonsin. Kontakta oss nu f\u00f6r att h\u00f6ja din presentationsf\u00f6rm\u00e5ga och sticka ut fr\u00e5n konkurrenterna!<\/p>\n<div style=\"width: 854px;\" class=\"wp-video\"><!--[if lt IE 9]><script>document.createElement('video');<\/script><![endif]--><br \/>\n<video class=\"wp-video-shortcode\" id=\"video-2799-1\" width=\"854\" height=\"480\" preload=\"metadata\" controls=\"controls\"><source type=\"video\/mp4\" src=\"https:\/\/cmykprinted.com\/wp-content\/uploads\/2025\/06\/Large-Flag-Banner-for-Football-Events.mp4?_=1\" \/><a href=\"https:\/\/cmykprinted.com\/wp-content\/uploads\/2025\/06\/Large-Flag-Banner-for-Football-Events.mp4\">https:\/\/cmykprinted.com\/wp-content\/uploads\/2025\/06\/Large-Flag-Banner-for-Football-Events.mp4<\/a><\/video><\/div>","protected":false},"featured_media":2807,"template":"","meta":{"_kad_post_transparent":"default","_kad_post_title":"hide","_kad_post_layout":"fullwidth","_kad_post_sidebar_id":"","_kad_post_content_style":"unboxed","_kad_post_vertical_padding":"hide","_kad_post_feature":"hide","_kad_post_feature_position":"","_kad_post_header":false,"_kad_post_footer":false},"product_cat":[79],"product_tag":[646,408,648,647],"class_list":{"0":"post-2799","1":"product","2":"type-product","3":"status-publish","4":"has-post-thumbnail","6":"product_cat-custom-flags","7":"product_tag-custom-fabric-banners","8":"product_tag-fabric-banners","9":"product_tag-fabric-banners-for-events","10":"product_tag-fabric-banners-for-trade-show","12":"first","13":"instock","14":"shipping-taxable","15":"product-type-simple","16":"entry","17":"content-bg","18":"loop-entry"},"_links":{"self":[{"href":"https:\/\/cmykprinted.com\/sv\/wp-json\/wp\/v2\/product\/2799","targetHints":{"allow":["GET"]}}],"collection":[{"href":"https:\/\/cmykprinted.com\/sv\/wp-json\/wp\/v2\/product"}],"about":[{"href":"https:\/\/cmykprinted.com\/sv\/wp-json\/wp\/v2\/types\/product"}],"version-history":[{"count":1,"href":"https:\/\/cmykprinted.com\/sv\/wp-json\/wp\/v2\/product\/2799\/revisions"}],"predecessor-version":[{"id":2808,"href":"https:\/\/cmykprinted.com\/sv\/wp-json\/wp\/v2\/product\/2799\/revisions\/2808"}],"wp:featuredmedia":[{"embeddable":true,"href":"https:\/\/cmykprinted.com\/sv\/wp-json\/wp\/v2\/media\/2807"}],"wp:attachment":[{"href":"https:\/\/cmykprinted.com\/sv\/wp-json\/wp\/v2\/media?parent=2799"}],"wp:term":[{"taxonomy":"product_cat","embeddable":true,"href":"https:\/\/cmykprinted.com\/sv\/wp-json\/wp\/v2\/product_cat?post=2799"},{"taxonomy":"product_tag","embeddable":true,"href":"https:\/\/cmykprinted.com\/sv\/wp-json\/wp\/v2\/product_tag?post=2799"}],"curies":[{"name":"wp","href":"https:\/\/api.w.org\/{rel}","templated":true}]}}