{"id":2856,"date":"2025-10-17T08:07:33","date_gmt":"2025-10-17T08:07:33","guid":{"rendered":"https:\/\/cmykprinted.com\/?post_type=product&#038;p=2856"},"modified":"2025-10-17T08:07:33","modified_gmt":"2025-10-17T08:07:33","slug":"ez-tube-display","status":"publish","type":"product","link":"https:\/\/cmykprinted.com\/sv\/produkt\/ez-ror-display\/","title":{"rendered":"Billig anpassad EZ Tube Display Banner rak sp\u00e4nningstyg bakgrund"},"content":{"rendered":"","protected":false},"excerpt":{"rendered":"<p>N\u00e4r det g\u00e4ller att visa upp ditt varum\u00e4rke p\u00e5 ett professionellt, i\u00f6gonfallande och effektivt s\u00e4tt, finns det inget som g\u00e5r upp mot EZ Tube Display. Detta portabla displaysystem \u00e4r designat med elegant stil och enkel montering i \u00e5tanke och \u00e4r en favorit bland utst\u00e4llare, eventplanerare och marknadsf\u00f6rare som v\u00e4rdes\u00e4tter b\u00e5de bekv\u00e4mlighet och effekt. Oavsett om det g\u00e4ller m\u00e4ssor, produktlanseringar, utst\u00e4llningar eller f\u00f6retagsevenemang, ger EZ Tube Display ditt varum\u00e4rke ett polerat, exklusivt utseende som omedelbart drar till sig uppm\u00e4rksamhet.<\/p>\n<p>I dagens konkurrensutsatta marknadsf\u00f6ringslandskap framst\u00e5r EZ Tube Display som en m\u00e5ngsidig, h\u00e5llbar och visuellt fantastisk l\u00f6sning f\u00f6r f\u00f6retag som vill g\u00f6ra ett best\u00e5ende intryck. Med sin verktygsfria installation, livfulla utskriftskvalitet och \u00e5teranv\u00e4ndbara struktur erbjuder den o\u00f6vertr\u00e4ffat v\u00e4rde och bekv\u00e4mlighet f\u00f6r professionell evenemangsmarknadsf\u00f6ring. Lyft din n\u00e4sta m\u00e4ssa eller ditt kampanjevenemang med en EZ Tube Display \u2013 d\u00e4r enkelhet m\u00f6ter sofistikering och ditt varum\u00e4rke st\u00e5r i centrum.<\/p>\n<div style=\"width: 720px;\" class=\"wp-video\"><!--[if lt IE 9]><script>document.createElement('video');<\/script><![endif]--><br \/>\n<video class=\"wp-video-shortcode\" id=\"video-2856-1\" width=\"720\" height=\"1280\" preload=\"metadata\" controls=\"controls\"><source type=\"video\/mp4\" src=\"https:\/\/cmykprinted.com\/wp-content\/uploads\/2025\/07\/Branded-Backdrops.mp4?_=1\" \/><a href=\"https:\/\/cmykprinted.com\/wp-content\/uploads\/2025\/07\/Branded-Backdrops.mp4\">https:\/\/cmykprinted.com\/wp-content\/uploads\/2025\/07\/Branded-Backdrops.mp4<\/a><\/video><\/div>","protected":false},"featured_media":2857,"template":"","meta":{"_kad_post_transparent":"default","_kad_post_title":"hide","_kad_post_layout":"fullwidth","_kad_post_sidebar_id":"","_kad_post_content_style":"unboxed","_kad_post_vertical_padding":"hide","_kad_post_feature":"hide","_kad_post_feature_position":"","_kad_post_header":false,"_kad_post_footer":false},"product_cat":[97,100],"product_tag":[664,662,663,197],"class_list":{"0":"post-2856","1":"product","2":"type-product","3":"status-publish","4":"has-post-thumbnail","6":"product_cat-tension-fabric-displays","7":"product_cat-straight-tension-fabric-backdrop","8":"product_tag-custom-straight-tension-fabric-backdrop","9":"product_tag-ez-tube-display","10":"product_tag-ez-tube-display-banner","11":"product_tag-tension-fabric-backdrop","13":"first","14":"instock","15":"shipping-taxable","16":"product-type-simple","17":"entry","18":"content-bg","19":"loop-entry"},"_links":{"self":[{"href":"https:\/\/cmykprinted.com\/sv\/wp-json\/wp\/v2\/product\/2856","targetHints":{"allow":["GET"]}}],"collection":[{"href":"https:\/\/cmykprinted.com\/sv\/wp-json\/wp\/v2\/product"}],"about":[{"href":"https:\/\/cmykprinted.com\/sv\/wp-json\/wp\/v2\/types\/product"}],"version-history":[{"count":1,"href":"https:\/\/cmykprinted.com\/sv\/wp-json\/wp\/v2\/product\/2856\/revisions"}],"predecessor-version":[{"id":2863,"href":"https:\/\/cmykprinted.com\/sv\/wp-json\/wp\/v2\/product\/2856\/revisions\/2863"}],"wp:featuredmedia":[{"embeddable":true,"href":"https:\/\/cmykprinted.com\/sv\/wp-json\/wp\/v2\/media\/2857"}],"wp:attachment":[{"href":"https:\/\/cmykprinted.com\/sv\/wp-json\/wp\/v2\/media?parent=2856"}],"wp:term":[{"taxonomy":"product_cat","embeddable":true,"href":"https:\/\/cmykprinted.com\/sv\/wp-json\/wp\/v2\/product_cat?post=2856"},{"taxonomy":"product_tag","embeddable":true,"href":"https:\/\/cmykprinted.com\/sv\/wp-json\/wp\/v2\/product_tag?post=2856"}],"curies":[{"name":"wp","href":"https:\/\/api.w.org\/{rel}","templated":true}]}}