{"id":2891,"date":"2025-11-03T07:59:54","date_gmt":"2025-11-03T07:59:54","guid":{"rendered":"https:\/\/cmykprinted.com\/?post_type=product&#038;p=2891"},"modified":"2025-11-03T07:59:54","modified_gmt":"2025-11-03T07:59:54","slug":"printed-table-runners-trade-show","status":"publish","type":"product","link":"https:\/\/cmykprinted.com\/sv\/produkt\/tryckta-bordslopare-massa\/","title":{"rendered":"L\u00e5g MOQ Fullf\u00e4rgsgrafiktryckta bordsl\u00f6pare M\u00e4ssa med b\u00e4sta pris"},"content":{"rendered":"<p>G\u00f6r din monter of\u00f6rgl\u00f6mlig med v\u00e5r kollektion av tryckta bordsl\u00f6pare i fullf\u00e4rg med l\u00e5g MOQ och b\u00e4sta pris. V\u00e5ra tryckta bordsl\u00f6pare \u00e4r designade f\u00f6r f\u00f6retag som vill ha kvalitet och v\u00e4rde och levererar livfull grafik i h\u00f6g uppl\u00f6sning som v\u00e4cker ditt varum\u00e4rke till liv. Oavsett om du deltar i utst\u00e4llningar, konferenser eller f\u00f6retagsevenemang s\u00e4kerst\u00e4ller v\u00e5ra tryckta bordsl\u00f6pare att ditt bord ser professionellt och i\u00f6gonfallande ut fr\u00e5n alla vinklar.<\/p>\n<p>Vi anv\u00e4nder premium skrynkelbest\u00e4ndig polyester och avancerat sublimeringstryck f\u00f6r att skapa tryckta bordsl\u00f6pare till m\u00e4ssor som visar upp din logotyp, slogan och konstverk i fantastisk fyrf\u00e4rg. Med l\u00e5ga minsta orderkvantiteter (MOQ) och oslagbara priser direkt fr\u00e5n fabriken kan \u00e4ven sm\u00e5 f\u00f6retag njuta av anpassad varum\u00e4rkesprofilering utan att spendera f\u00f6r mycket. V\u00e4lj mellan olika storlekar och stilar f\u00f6r att passa alla visningsbord perfekt.<\/p>\n<p>Snabb produktion, p\u00e5litlig kvalitet och konkurrenskraftiga priser g\u00f6r v\u00e5ra tryckta bordsl\u00f6pare till det b\u00e4sta valet f\u00f6r att marknadsf\u00f6ra ditt varum\u00e4rke med effekt och stil.<\/p>\n<div style=\"width: 1280px;\" class=\"wp-video\"><!--[if lt IE 9]><script>document.createElement('video');<\/script><![endif]-->\n<video class=\"wp-video-shortcode\" id=\"video-2891-1\" width=\"1280\" height=\"720\" preload=\"metadata\" controls=\"controls\"><source type=\"video\/mp4\" src=\"https:\/\/cmykprinted.com\/wp-content\/uploads\/2025\/11\/Printed-Table-Runners-Trade-Show.mp4?_=1\" \/><a href=\"https:\/\/cmykprinted.com\/wp-content\/uploads\/2025\/11\/Printed-Table-Runners-Trade-Show.mp4\">https:\/\/cmykprinted.com\/wp-content\/uploads\/2025\/11\/Printed-Table-Runners-Trade-Show.mp4<\/a><\/video><\/div>","protected":false},"excerpt":{"rendered":"<p>Make your booth unforgettable with our Low MOQ Best Price Full Color Graphic Printed Table Runners Trade Show collection. Designed for businesses that want quality and value, our printed table covers trade show products deliver vibrant, high-definition graphics that bring your brand to life. Whether you\u2019re attending exhibitions, conferences, or corporate events, our printed table&#8230;<\/p>","protected":false},"featured_media":2895,"template":"","meta":{"_kad_post_transparent":"default","_kad_post_title":"hide","_kad_post_layout":"fullwidth","_kad_post_sidebar_id":"","_kad_post_content_style":"unboxed","_kad_post_vertical_padding":"hide","_kad_post_feature":"hide","_kad_post_feature_position":"","_kad_post_header":false,"_kad_post_footer":false},"product_cat":[80,81],"product_tag":[674,673],"class_list":{"0":"post-2891","1":"product","2":"type-product","3":"status-publish","4":"has-post-thumbnail","6":"product_cat-custom-tablecloth","7":"product_cat-custom-stretch-tablecloth","8":"product_tag-full-color-graphic-printed-table-runners","9":"product_tag-printed-table-runners-trade-show","11":"first","12":"instock","13":"shipping-taxable","14":"product-type-simple","15":"entry","16":"content-bg","17":"loop-entry"},"_links":{"self":[{"href":"https:\/\/cmykprinted.com\/sv\/wp-json\/wp\/v2\/product\/2891","targetHints":{"allow":["GET"]}}],"collection":[{"href":"https:\/\/cmykprinted.com\/sv\/wp-json\/wp\/v2\/product"}],"about":[{"href":"https:\/\/cmykprinted.com\/sv\/wp-json\/wp\/v2\/types\/product"}],"version-history":[{"count":1,"href":"https:\/\/cmykprinted.com\/sv\/wp-json\/wp\/v2\/product\/2891\/revisions"}],"predecessor-version":[{"id":2900,"href":"https:\/\/cmykprinted.com\/sv\/wp-json\/wp\/v2\/product\/2891\/revisions\/2900"}],"wp:featuredmedia":[{"embeddable":true,"href":"https:\/\/cmykprinted.com\/sv\/wp-json\/wp\/v2\/media\/2895"}],"wp:attachment":[{"href":"https:\/\/cmykprinted.com\/sv\/wp-json\/wp\/v2\/media?parent=2891"}],"wp:term":[{"taxonomy":"product_cat","embeddable":true,"href":"https:\/\/cmykprinted.com\/sv\/wp-json\/wp\/v2\/product_cat?post=2891"},{"taxonomy":"product_tag","embeddable":true,"href":"https:\/\/cmykprinted.com\/sv\/wp-json\/wp\/v2\/product_tag?post=2891"}],"curies":[{"name":"wp","href":"https:\/\/api.w.org\/{rel}","templated":true}]}}