{"id":393,"date":"2022-12-03T03:54:51","date_gmt":"2022-12-03T03:54:51","guid":{"rendered":"https:\/\/cmykprinted.com\/?post_type=product&#038;p=393"},"modified":"2022-12-09T09:14:36","modified_gmt":"2022-12-09T09:14:36","slug":"custom-printed-advertising-promotional-beach-feather-flag","status":"publish","type":"product","link":"https:\/\/cmykprinted.com\/sv\/produkt\/custom-printed-advertising-promotional-beach-feather-flag\/","title":{"rendered":"Anpassad tryckt reklamflagga f\u00f6r strandfj\u00e4der"},"content":{"rendered":"","protected":false},"excerpt":{"rendered":"<p>F\u00f6rs\u00f6ker du sticka ut p\u00e5 en livlig gata eller p\u00e5 fullsatta m\u00e4ssor? Dj\u00e4rva anpassade flaggor \u00e4r ett bepr\u00f6vat s\u00e4tt att uppm\u00e4rksamma v\u00e5r verksamhet p\u00e5 en bondemarknad, m\u00e4ssa eller foodtruck. De \u00e4r ocks\u00e5 effektiv marknadsf\u00f6ring med h\u00f6g synlighet \u2013 en m\u00f6jlighet att f\u00e5 ditt f\u00f6retags namn, logotyp och f\u00e4rger att uppm\u00e4rksammas av b\u00e5de fotg\u00e4ngare och v\u00e4gtrafik. V\u00e5ra reklamflaggor kommer med allt du beh\u00f6ver f\u00f6r att s\u00e4tta upp p\u00e5 en plan yta. Ditt paket kommer att inneh\u00e5lla en v\u00e4derbest\u00e4ndig polyesterflagga, glasfiber- och aluminiumst\u00e5ng, en markspetsbas och till och med ett mjukt fodral f\u00f6r enkel transport. Utforska v\u00e5rt galleri med anpassade flaggmallar, inklusive bransch- och evenemangsspecifika alternativ. N\u00e4r du har hittat ett favoritalternativ, l\u00e4gg till dina anpassade detaljer i v\u00e5r onlinedesignstudio. Vi tar hand om resten, professionellt trycker vi och skickar din best\u00e4llning. Din reklamflagga kommer att se bra ut och redo att b\u00f6rja vrida p\u00e5 sig.<\/p>\n<div style=\"width: 1280px;\" class=\"wp-video\"><!--[if lt IE 9]><script>document.createElement('video');<\/script><![endif]--><br \/>\n<video class=\"wp-video-shortcode\" id=\"video-393-1\" width=\"1280\" height=\"720\" loop autoplay preload=\"auto\" controls=\"controls\"><source type=\"video\/mp4\" src=\"http:\/\/cmykprinted.com\/wp-content\/uploads\/2022\/12\/Custom-Printed-Advertising-Promotional-Beach-Feather-Flag.mp4?_=1\" \/><a href=\"http:\/\/cmykprinted.com\/wp-content\/uploads\/2022\/12\/Custom-Printed-Advertising-Promotional-Beach-Feather-Flag.mp4\">http:\/\/cmykprinted.com\/wp-content\/uploads\/2022\/12\/Custom-Printed-Advertising-Promotional-Beach-Feather-Flag.mp4<\/a><\/video><\/div>","protected":false},"featured_media":394,"template":"","meta":{"_kad_post_transparent":"default","_kad_post_title":"hide","_kad_post_layout":"fullwidth","_kad_post_sidebar_id":"","_kad_post_content_style":"unboxed","_kad_post_vertical_padding":"hide","_kad_post_feature":"hide","_kad_post_feature_position":"","_kad_post_header":false,"_kad_post_footer":false},"product_cat":[64,65,66,67],"product_tag":[107,104,105,106,108],"class_list":{"0":"post-393","1":"product","2":"type-product","3":"status-publish","4":"has-post-thumbnail","6":"product_cat-beach-flags","7":"product_cat-feather-flags-banners","8":"product_cat-rectangular-flags-banners","9":"product_cat-teardrop-flags-banners","10":"product_tag-advertising-beach-flag","11":"product_tag-beach-feather-flag","12":"product_tag-custom-beach-flag","13":"product_tag-custom-beach-flag-feather-flag","14":"product_tag-promotional-beach-flag","16":"first","17":"instock","18":"shipping-taxable","19":"product-type-simple","20":"entry","21":"content-bg","22":"loop-entry"},"_links":{"self":[{"href":"https:\/\/cmykprinted.com\/sv\/wp-json\/wp\/v2\/product\/393","targetHints":{"allow":["GET"]}}],"collection":[{"href":"https:\/\/cmykprinted.com\/sv\/wp-json\/wp\/v2\/product"}],"about":[{"href":"https:\/\/cmykprinted.com\/sv\/wp-json\/wp\/v2\/types\/product"}],"version-history":[{"count":3,"href":"https:\/\/cmykprinted.com\/sv\/wp-json\/wp\/v2\/product\/393\/revisions"}],"predecessor-version":[{"id":433,"href":"https:\/\/cmykprinted.com\/sv\/wp-json\/wp\/v2\/product\/393\/revisions\/433"}],"wp:featuredmedia":[{"embeddable":true,"href":"https:\/\/cmykprinted.com\/sv\/wp-json\/wp\/v2\/media\/394"}],"wp:attachment":[{"href":"https:\/\/cmykprinted.com\/sv\/wp-json\/wp\/v2\/media?parent=393"}],"wp:term":[{"taxonomy":"product_cat","embeddable":true,"href":"https:\/\/cmykprinted.com\/sv\/wp-json\/wp\/v2\/product_cat?post=393"},{"taxonomy":"product_tag","embeddable":true,"href":"https:\/\/cmykprinted.com\/sv\/wp-json\/wp\/v2\/product_tag?post=393"}],"curies":[{"name":"wp","href":"https:\/\/api.w.org\/{rel}","templated":true}]}}