{"id":510,"date":"2022-12-17T13:15:19","date_gmt":"2022-12-17T13:15:19","guid":{"rendered":"https:\/\/cmykprinted.com\/?post_type=product&#038;p=510"},"modified":"2022-12-17T14:48:04","modified_gmt":"2022-12-17T14:48:04","slug":"outdoor-flexible-custom-printed-fence-mesh-banners-signs","status":"publish","type":"product","link":"https:\/\/cmykprinted.com\/sv\/produkt\/outdoor-flexible-custom-printed-fence-mesh-banners-signs\/","title":{"rendered":"Utomhus flexibla anpassade tryckta staket Mesh Banners skyltar"},"content":{"rendered":"","protected":false},"excerpt":{"rendered":"<p>Fence mesh banners \u00e4r en typ av utomhusreklammaterial som \u00e4r designade f\u00f6r att motst\u00e5 vind och andra ogynnsamma v\u00e4derf\u00f6rh\u00e5llanden. De \u00e4r gjorda av ett n\u00e4tliknande material som l\u00e5ter vinden passera igenom, vilket g\u00f6r dem mindre ben\u00e4gna att flaxa eller b\u00f6lja i vinden. Detta g\u00f6r dem s\u00e4rskilt l\u00e4mpade f\u00f6r anv\u00e4ndning i stolpe-till-stolpe-displayer, byggnadsomslag och st\u00e4llningsskyltar. Mesh-banderoller \u00e4r vanligtvis tryckta p\u00e5 premium 440 GSM mesh vinyl och levereras f\u00e5llade och med \u00f6ljetter s\u00e5 att de enkelt kan h\u00e4ngas eller f\u00e4stas p\u00e5 en struktur. De kan vara ett kostnadseffektivt s\u00e4tt att marknadsf\u00f6ra och marknadsf\u00f6ra ditt f\u00f6retag eller evenemang, och v\u00e5r fabrik kan erbjuda massrabatter p\u00e5 stora best\u00e4llningar.<\/p>\n<div style=\"width: 1290px;\" class=\"wp-video\"><!--[if lt IE 9]><script>document.createElement('video');<\/script><![endif]--><br \/>\n<video class=\"wp-video-shortcode\" id=\"video-510-1\" width=\"1290\" height=\"726\" loop autoplay preload=\"auto\" controls=\"controls\"><source type=\"video\/mp4\" src=\"http:\/\/cmykprinted.com\/wp-content\/uploads\/2022\/12\/Fence-Mesh-Banners.mp4?_=1\" \/><a href=\"http:\/\/cmykprinted.com\/wp-content\/uploads\/2022\/12\/Fence-Mesh-Banners.mp4\">http:\/\/cmykprinted.com\/wp-content\/uploads\/2022\/12\/Fence-Mesh-Banners.mp4<\/a><\/video><\/div>\n<p>&nbsp;<\/p>","protected":false},"featured_media":512,"template":"","meta":{"_kad_post_transparent":"default","_kad_post_title":"hide","_kad_post_layout":"fullwidth","_kad_post_sidebar_id":"","_kad_post_content_style":"unboxed","_kad_post_vertical_padding":"hide","_kad_post_feature":"hide","_kad_post_feature_position":"","_kad_post_header":false,"_kad_post_footer":false},"product_cat":[85,87,86],"product_tag":[123,121,124,122],"class_list":{"0":"post-510","1":"product","2":"type-product","3":"status-publish","4":"has-post-thumbnail","6":"product_cat-outdoor-vinyl-banners","7":"product_cat-fabric-mesh-banners","8":"product_cat-fence-mesh-banners","9":"product_tag-custom-mesh-banners","10":"product_tag-fence-mesh-banners","11":"product_tag-flexible-mesh-banners","12":"product_tag-outdoor-mesh-banners","14":"first","15":"instock","16":"shipping-taxable","17":"product-type-simple","18":"entry","19":"content-bg","20":"loop-entry"},"_links":{"self":[{"href":"https:\/\/cmykprinted.com\/sv\/wp-json\/wp\/v2\/product\/510","targetHints":{"allow":["GET"]}}],"collection":[{"href":"https:\/\/cmykprinted.com\/sv\/wp-json\/wp\/v2\/product"}],"about":[{"href":"https:\/\/cmykprinted.com\/sv\/wp-json\/wp\/v2\/types\/product"}],"version-history":[{"count":4,"href":"https:\/\/cmykprinted.com\/sv\/wp-json\/wp\/v2\/product\/510\/revisions"}],"predecessor-version":[{"id":522,"href":"https:\/\/cmykprinted.com\/sv\/wp-json\/wp\/v2\/product\/510\/revisions\/522"}],"wp:featuredmedia":[{"embeddable":true,"href":"https:\/\/cmykprinted.com\/sv\/wp-json\/wp\/v2\/media\/512"}],"wp:attachment":[{"href":"https:\/\/cmykprinted.com\/sv\/wp-json\/wp\/v2\/media?parent=510"}],"wp:term":[{"taxonomy":"product_cat","embeddable":true,"href":"https:\/\/cmykprinted.com\/sv\/wp-json\/wp\/v2\/product_cat?post=510"},{"taxonomy":"product_tag","embeddable":true,"href":"https:\/\/cmykprinted.com\/sv\/wp-json\/wp\/v2\/product_tag?post=510"}],"curies":[{"name":"wp","href":"https:\/\/api.w.org\/{rel}","templated":true}]}}