{"id":536,"date":"2022-12-18T04:41:34","date_gmt":"2022-12-18T04:41:34","guid":{"rendered":"https:\/\/cmykprinted.com\/?post_type=product&#038;p=536"},"modified":"2022-12-18T05:05:21","modified_gmt":"2022-12-18T05:05:21","slug":"outdoor-circle-pop-up-banner-stand-with-full-color-printing","status":"publish","type":"product","link":"https:\/\/cmykprinted.com\/sv\/produkt\/outdoor-circle-pop-up-banner-stand-with-full-color-printing\/","title":{"rendered":"Utomhus Circle Pop-Up Banner Stand med fyrf\u00e4rgstryck"},"content":{"rendered":"","protected":false},"excerpt":{"rendered":"<p>Den cirkel-popup-banner du beskrev l\u00e5ter som ett anv\u00e4ndbart marknadsf\u00f6rings- och reklamverktyg som kan anv\u00e4ndas f\u00f6r att visa upp ett f\u00f6retags logotyp eller varum\u00e4rke vid evenemang, m\u00e4ssor och andra reklamaktiviteter. Dess unika form och snabba inst\u00e4llningstid g\u00f6r den v\u00e4l l\u00e4mpad f\u00f6r anv\u00e4ndning i en m\u00e4ngd olika milj\u00f6er, och tillg\u00e5ngen p\u00e5 olika storlekar m\u00f6jligg\u00f6r flexibilitet n\u00e4r det g\u00e4ller m\u00e4ngden utrymme som \u00e4r tillg\u00e4ngligt f\u00f6r visning. Bannerns h\u00e5llbara, patenterade ram och l\u00e4tta design g\u00f6r den enkel att transportera och f\u00f6rvara, och b\u00e4rv\u00e4skan hj\u00e4lper till att h\u00e5lla den skyddad under transport. Fullf\u00e4rgsutskrift m\u00f6jligg\u00f6r anpassning och m\u00f6jlighet att skapa visuellt tilltalande displayer som effektivt visar upp ett f\u00f6retags varum\u00e4rke.<\/p>\n<div style=\"width: 1290px;\" class=\"wp-video\"><!--[if lt IE 9]><script>document.createElement('video');<\/script><![endif]--><br \/>\n<video class=\"wp-video-shortcode\" id=\"video-536-1\" width=\"1290\" height=\"726\" loop autoplay preload=\"auto\" controls=\"controls\"><source type=\"video\/mp4\" src=\"http:\/\/cmykprinted.com\/wp-content\/uploads\/2022\/12\/Circle-Pop-Up-Banners.mp4?_=1\" \/><a href=\"http:\/\/cmykprinted.com\/wp-content\/uploads\/2022\/12\/Circle-Pop-Up-Banners.mp4\">http:\/\/cmykprinted.com\/wp-content\/uploads\/2022\/12\/Circle-Pop-Up-Banners.mp4<\/a><\/video><\/div>\n<p>&nbsp;<\/p>","protected":false},"featured_media":537,"template":"","meta":{"_kad_post_transparent":"default","_kad_post_title":"hide","_kad_post_layout":"fullwidth","_kad_post_sidebar_id":"","_kad_post_content_style":"unboxed","_kad_post_vertical_padding":"hide","_kad_post_feature":"hide","_kad_post_feature_position":"","_kad_post_header":false,"_kad_post_footer":false},"product_cat":[92,93],"product_tag":[125,127,126,128],"class_list":{"0":"post-536","1":"product","2":"type-product","3":"status-publish","4":"has-post-thumbnail","6":"product_cat-pop-up-banners","7":"product_cat-circle-pop-up-banners","8":"product_tag-circle-pop-up-banner","9":"product_tag-circle-pop-up-banner-stand","10":"product_tag-outdoor-pop-up-banner","11":"product_tag-pop-up-banner","13":"first","14":"instock","15":"shipping-taxable","16":"product-type-simple","17":"entry","18":"content-bg","19":"loop-entry"},"_links":{"self":[{"href":"https:\/\/cmykprinted.com\/sv\/wp-json\/wp\/v2\/product\/536","targetHints":{"allow":["GET"]}}],"collection":[{"href":"https:\/\/cmykprinted.com\/sv\/wp-json\/wp\/v2\/product"}],"about":[{"href":"https:\/\/cmykprinted.com\/sv\/wp-json\/wp\/v2\/types\/product"}],"version-history":[{"count":3,"href":"https:\/\/cmykprinted.com\/sv\/wp-json\/wp\/v2\/product\/536\/revisions"}],"predecessor-version":[{"id":548,"href":"https:\/\/cmykprinted.com\/sv\/wp-json\/wp\/v2\/product\/536\/revisions\/548"}],"wp:featuredmedia":[{"embeddable":true,"href":"https:\/\/cmykprinted.com\/sv\/wp-json\/wp\/v2\/media\/537"}],"wp:attachment":[{"href":"https:\/\/cmykprinted.com\/sv\/wp-json\/wp\/v2\/media?parent=536"}],"wp:term":[{"taxonomy":"product_cat","embeddable":true,"href":"https:\/\/cmykprinted.com\/sv\/wp-json\/wp\/v2\/product_cat?post=536"},{"taxonomy":"product_tag","embeddable":true,"href":"https:\/\/cmykprinted.com\/sv\/wp-json\/wp\/v2\/product_tag?post=536"}],"curies":[{"name":"wp","href":"https:\/\/api.w.org\/{rel}","templated":true}]}}