{"id":590,"date":"2022-12-19T03:28:56","date_gmt":"2022-12-19T03:28:56","guid":{"rendered":"https:\/\/cmykprinted.com\/?post_type=product&#038;p=590"},"modified":"2022-12-19T05:12:32","modified_gmt":"2022-12-19T05:12:32","slug":"high-quality-custom-uv-transfer-stickers-in-various-colors","status":"publish","type":"product","link":"https:\/\/cmykprinted.com\/sv\/produkt\/high-quality-custom-uv-transfer-stickers-in-various-colors\/","title":{"rendered":"H\u00f6gkvalitativa anpassade UV-\u00f6verf\u00f6ringsdekaler i olika f\u00e4rger"},"content":{"rendered":"","protected":false},"excerpt":{"rendered":"<p>V\u00e5ra anpassade UV-\u00f6verf\u00f6ringsdekaler \u00e4r ett utm\u00e4rkt och kostnadseffektivt s\u00e4tt att marknadsf\u00f6ra ditt f\u00f6retag eller s\u00e4tta en personlig touch till ditt fordon. Med \u00f6ver 50 specialmaterial och f\u00e4rger att v\u00e4lja mellan, inklusive reflekterande, glitter och holografiska alternativ, kan du skapa den perfekta \u00f6verf\u00f6ringsdekalen som passar dina behov. Oavsett om du vill anv\u00e4nda dina f\u00f6retagsfordon f\u00f6r att marknadsf\u00f6ra ditt f\u00f6retag, varum\u00e4rke eller grupp, eller om du bara vill l\u00e4gga till lite personlighet till din bil, \u00e4r v\u00e5ra anpassade dekaler ett utm\u00e4rkt val. Dessutom g\u00f6r v\u00e5rt l\u00e4ttanv\u00e4nda designverktyg det enkelt att skapa episka, anpassade dekaler p\u00e5 spr\u00e5ng som g\u00f6r att du m\u00e4rks var du \u00e4n g\u00e5r. S\u00e5 varf\u00f6r v\u00e4nta? B\u00f6rja designa dina anpassade UV-\u00f6verf\u00f6ringsdekaler idag och ta dina marknadsf\u00f6ringsinsatser till n\u00e4sta niv\u00e5!<\/p>\n<div style=\"width: 1290px;\" class=\"wp-video\"><!--[if lt IE 9]><script>document.createElement('video');<\/script><![endif]--><br \/>\n<video class=\"wp-video-shortcode\" id=\"video-590-1\" width=\"1290\" height=\"726\" loop autoplay preload=\"auto\" controls=\"controls\"><source type=\"video\/mp4\" src=\"http:\/\/cmykprinted.com\/wp-content\/uploads\/2022\/12\/UV-Transfer-Stickers.mp4?_=1\" \/><a href=\"http:\/\/cmykprinted.com\/wp-content\/uploads\/2022\/12\/UV-Transfer-Stickers.mp4\">http:\/\/cmykprinted.com\/wp-content\/uploads\/2022\/12\/UV-Transfer-Stickers.mp4<\/a><\/video><\/div>\n<p>&nbsp;<\/p>","protected":false},"featured_media":591,"template":"","meta":{"_kad_post_transparent":"default","_kad_post_title":"hide","_kad_post_layout":"fullwidth","_kad_post_sidebar_id":"","_kad_post_content_style":"unboxed","_kad_post_vertical_padding":"hide","_kad_post_feature":"hide","_kad_post_feature_position":"","_kad_post_header":false,"_kad_post_footer":false},"product_cat":[101,103],"product_tag":[139,141,140,138],"class_list":{"0":"post-590","1":"product","2":"type-product","3":"status-publish","4":"has-post-thumbnail","6":"product_cat-transfer-stickers","7":"product_cat-uv-transfer-stickers","8":"product_tag-custom-uv-sticker","9":"product_tag-custom-uv-transfer-stickers","10":"product_tag-high-quality-transfer-stickers","11":"product_tag-uv-transfer-stickers","13":"first","14":"instock","15":"shipping-taxable","16":"product-type-simple","17":"entry","18":"content-bg","19":"loop-entry"},"_links":{"self":[{"href":"https:\/\/cmykprinted.com\/sv\/wp-json\/wp\/v2\/product\/590","targetHints":{"allow":["GET"]}}],"collection":[{"href":"https:\/\/cmykprinted.com\/sv\/wp-json\/wp\/v2\/product"}],"about":[{"href":"https:\/\/cmykprinted.com\/sv\/wp-json\/wp\/v2\/types\/product"}],"version-history":[{"count":3,"href":"https:\/\/cmykprinted.com\/sv\/wp-json\/wp\/v2\/product\/590\/revisions"}],"predecessor-version":[{"id":598,"href":"https:\/\/cmykprinted.com\/sv\/wp-json\/wp\/v2\/product\/590\/revisions\/598"}],"wp:featuredmedia":[{"embeddable":true,"href":"https:\/\/cmykprinted.com\/sv\/wp-json\/wp\/v2\/media\/591"}],"wp:attachment":[{"href":"https:\/\/cmykprinted.com\/sv\/wp-json\/wp\/v2\/media?parent=590"}],"wp:term":[{"taxonomy":"product_cat","embeddable":true,"href":"https:\/\/cmykprinted.com\/sv\/wp-json\/wp\/v2\/product_cat?post=590"},{"taxonomy":"product_tag","embeddable":true,"href":"https:\/\/cmykprinted.com\/sv\/wp-json\/wp\/v2\/product_tag?post=590"}],"curies":[{"name":"wp","href":"https:\/\/api.w.org\/{rel}","templated":true}]}}