{"id":612,"date":"2022-12-21T13:15:52","date_gmt":"2022-12-21T13:15:52","guid":{"rendered":"https:\/\/cmykprinted.com\/?post_type=product&#038;p=612"},"modified":"2022-12-21T14:08:22","modified_gmt":"2022-12-21T14:08:22","slug":"outdoor-folding-50mm-heavy-duty-hexagonal-aluminum-tents","status":"publish","type":"product","link":"https:\/\/cmykprinted.com\/sv\/produkt\/outdoor-folding-50mm-heavy-duty-hexagonal-aluminum-tents\/","title":{"rendered":"Hopf\u00e4llbara 50 mm kraftiga sexkantiga aluminiumt\u00e4lt f\u00f6r utomhusbruk"},"content":{"rendered":"","protected":false},"excerpt":{"rendered":"<p>V\u00e5ra 50 mm kraftiga hexagonala aluminiumt\u00e4lt \u00e4r den ultimata l\u00f6sningen f\u00f6r alla typer av utomhusevenemang, inklusive loppmarknader, hantverksshower, sportevenemang och konstfestivaler. De \u00e4r ocks\u00e5 l\u00e4mpliga f\u00f6r inomhusbruk, vilket g\u00f6r dem otroligt m\u00e5ngsidiga och bekv\u00e4ma. Baldakinerna \u00e4r gjorda av kraftig polyester som \u00e4r b\u00e5de vattenbest\u00e4ndig och tryckt med UV-skyddat bl\u00e4ck, vilket s\u00e4kerst\u00e4ller att de \u00e4r byggda f\u00f6r att h\u00e5lla och t\u00e5la v\u00e4der och vind. F\u00f6rutom deras h\u00e5llbarhet och funktionalitet \u00e4r v\u00e5ra specialanpassade t\u00e4lt ocks\u00e5 mycket b\u00e4rbara, vilket g\u00f6r dem till det perfekta valet f\u00f6r individer och organisationer som beh\u00f6ver en p\u00e5litlig och l\u00e4ttanv\u00e4nd skyddsl\u00f6sning som kan resa n\u00e4stan \u00f6verallt. Oavsett om du beh\u00f6ver en tillf\u00e4llig kapell f\u00f6r ett eng\u00e5ngsevenemang eller en l\u00e5ngsiktig l\u00f6sning f\u00f6r ditt f\u00f6retag eller din organisation, erbjuder v\u00e5ra 50 mm kraftiga hexagonala aluminiumt\u00e4lt den perfekta kombinationen av styrka, h\u00e5llbarhet och bekv\u00e4mlighet.<\/p>\n<div style=\"width: 1290px;\" class=\"wp-video\"><!--[if lt IE 9]><script>document.createElement('video');<\/script><![endif]--><br \/>\n<video class=\"wp-video-shortcode\" id=\"video-612-1\" width=\"1290\" height=\"726\" loop autoplay preload=\"auto\" controls=\"controls\"><source type=\"video\/mp4\" src=\"http:\/\/cmykprinted.com\/wp-content\/uploads\/2022\/12\/50mm-Heavy-Duty-Hexagon-Aluminum-Tents.mp4?_=1\" \/><a href=\"http:\/\/cmykprinted.com\/wp-content\/uploads\/2022\/12\/50mm-Heavy-Duty-Hexagon-Aluminum-Tents.mp4\">http:\/\/cmykprinted.com\/wp-content\/uploads\/2022\/12\/50mm-Heavy-Duty-Hexagon-Aluminum-Tents.mp4<\/a><\/video><\/div>","protected":false},"featured_media":613,"template":"","meta":{"_kad_post_transparent":"default","_kad_post_title":"hide","_kad_post_layout":"fullwidth","_kad_post_sidebar_id":"","_kad_post_content_style":"unboxed","_kad_post_vertical_padding":"hide","_kad_post_feature":"hide","_kad_post_feature_position":"","_kad_post_header":false,"_kad_post_footer":false},"product_cat":[68,75,74],"product_tag":[147,151,149,148,150],"class_list":{"0":"post-612","1":"product","2":"type-product","3":"status-publish","4":"has-post-thumbnail","6":"product_cat-custom-canopy-tents","7":"product_cat-10x10-custom-branded-canopy-tents","8":"product_cat-50mm-heavy-duty-hexagon-aluminum-tents","9":"product_tag-50mm-heavy-duty-hexagonal-aluminum-tents","10":"product_tag-folding-aluminum-tents","11":"product_tag-heavy-duty-aluminum-tents","12":"product_tag-hexagonal-aluminum-tents","13":"product_tag-outdoor-aluminum-tents","15":"first","16":"instock","17":"shipping-taxable","18":"product-type-simple","19":"entry","20":"content-bg","21":"loop-entry"},"_links":{"self":[{"href":"https:\/\/cmykprinted.com\/sv\/wp-json\/wp\/v2\/product\/612","targetHints":{"allow":["GET"]}}],"collection":[{"href":"https:\/\/cmykprinted.com\/sv\/wp-json\/wp\/v2\/product"}],"about":[{"href":"https:\/\/cmykprinted.com\/sv\/wp-json\/wp\/v2\/types\/product"}],"version-history":[{"count":3,"href":"https:\/\/cmykprinted.com\/sv\/wp-json\/wp\/v2\/product\/612\/revisions"}],"predecessor-version":[{"id":623,"href":"https:\/\/cmykprinted.com\/sv\/wp-json\/wp\/v2\/product\/612\/revisions\/623"}],"wp:featuredmedia":[{"embeddable":true,"href":"https:\/\/cmykprinted.com\/sv\/wp-json\/wp\/v2\/media\/613"}],"wp:attachment":[{"href":"https:\/\/cmykprinted.com\/sv\/wp-json\/wp\/v2\/media?parent=612"}],"wp:term":[{"taxonomy":"product_cat","embeddable":true,"href":"https:\/\/cmykprinted.com\/sv\/wp-json\/wp\/v2\/product_cat?post=612"},{"taxonomy":"product_tag","embeddable":true,"href":"https:\/\/cmykprinted.com\/sv\/wp-json\/wp\/v2\/product_tag?post=612"}],"curies":[{"name":"wp","href":"https:\/\/api.w.org\/{rel}","templated":true}]}}