{"id":624,"date":"2022-12-22T03:01:03","date_gmt":"2022-12-22T03:01:03","guid":{"rendered":"https:\/\/cmykprinted.com\/?post_type=product&#038;p=624"},"modified":"2022-12-22T03:51:54","modified_gmt":"2022-12-22T03:51:54","slug":"custom-printed-hand-flags-handheld-stick-flag-at-cheap-price","status":"publish","type":"product","link":"https:\/\/cmykprinted.com\/sv\/produkt\/custom-printed-hand-flags-handheld-stick-flag-at-cheap-price\/","title":{"rendered":"Specialtryckta handflaggor Handh\u00e5llen stickflagga till ett billigt pris"},"content":{"rendered":"","protected":false},"excerpt":{"rendered":"<p>Skr\u00e4ddarsydda tryckta handflaggor \u00e4r ett utm\u00e4rkt s\u00e4tt att f\u00e5 fram ditt budskap vid alla evenemang eller kampanjer. De \u00e4r prisv\u00e4rda, men de sl\u00e5r h\u00e5rt n\u00e4r det g\u00e4ller att v\u00e4cka uppm\u00e4rksamhet. Oavsett om du \u00e4r p\u00e5 en m\u00e4ssa, en sportmatch, en parad, en konferens eller n\u00e5gon annan typ av evenemang, \u00e4r specialtryckta handflaggor ett utm\u00e4rkt s\u00e4tt att visa upp ditt varum\u00e4rke eller budskap. De \u00e4r gjorda av slitstarkt polyestertyg och \u00e4r tryckta med dye sublimation printing, vilket s\u00e4kerst\u00e4ller att f\u00e4rgerna \u00e4r starka och levande. Flaggorna \u00e4r enkel omv\u00e4nd tryckta, vilket inneb\u00e4r att bilden syns p\u00e5 ena sidan och baksidan \u00e4r en spegelbild. De \u00e4r avslutade med antingen en plast- eller tr\u00e4pinne och f\u00e4sts p\u00e5 pinnen med hj\u00e4lp av en flagghylsa. Anpassade tryckta handflaggor \u00e4r inte bara ett bra s\u00e4tt att marknadsf\u00f6ra ditt varum\u00e4rke eller budskap, utan de \u00e4r ocks\u00e5 ett roligt och interaktivt s\u00e4tt att engagera din publik. S\u00e5 varf\u00f6r v\u00e4nta? F\u00e5 dina skr\u00e4ddarsydda tryckta handflaggor idag och se hur ditt meddelande flyger!<\/p>\n<div style=\"width: 1290px;\" class=\"wp-video\"><!--[if lt IE 9]><script>document.createElement('video');<\/script><![endif]--><br \/>\n<video class=\"wp-video-shortcode\" id=\"video-624-1\" width=\"1290\" height=\"726\" loop autoplay preload=\"auto\" controls=\"controls\"><source type=\"video\/mp4\" src=\"http:\/\/cmykprinted.com\/wp-content\/uploads\/2022\/12\/Custom-Printed-Hand-Flags.mp4?_=1\" \/><a href=\"http:\/\/cmykprinted.com\/wp-content\/uploads\/2022\/12\/Custom-Printed-Hand-Flags.mp4\">http:\/\/cmykprinted.com\/wp-content\/uploads\/2022\/12\/Custom-Printed-Hand-Flags.mp4<\/a><\/video><\/div>\n<p>&nbsp;<\/p>","protected":false},"featured_media":625,"template":"","meta":{"_kad_post_transparent":"default","_kad_post_title":"hide","_kad_post_layout":"fullwidth","_kad_post_sidebar_id":"","_kad_post_content_style":"unboxed","_kad_post_vertical_padding":"hide","_kad_post_feature":"hide","_kad_post_feature_position":"","_kad_post_header":false,"_kad_post_footer":false},"product_cat":[79],"product_tag":[153,155,152,154],"class_list":{"0":"post-624","1":"product","2":"type-product","3":"status-publish","4":"has-post-thumbnail","6":"product_cat-custom-flags","7":"product_tag-custom-hand-flags","8":"product_tag-custom-handheld-flag","9":"product_tag-custom-printed-hand-flags","10":"product_tag-handheld-stick-flag","12":"first","13":"instock","14":"shipping-taxable","15":"product-type-simple","16":"entry","17":"content-bg","18":"loop-entry"},"_links":{"self":[{"href":"https:\/\/cmykprinted.com\/sv\/wp-json\/wp\/v2\/product\/624","targetHints":{"allow":["GET"]}}],"collection":[{"href":"https:\/\/cmykprinted.com\/sv\/wp-json\/wp\/v2\/product"}],"about":[{"href":"https:\/\/cmykprinted.com\/sv\/wp-json\/wp\/v2\/types\/product"}],"version-history":[{"count":4,"href":"https:\/\/cmykprinted.com\/sv\/wp-json\/wp\/v2\/product\/624\/revisions"}],"predecessor-version":[{"id":635,"href":"https:\/\/cmykprinted.com\/sv\/wp-json\/wp\/v2\/product\/624\/revisions\/635"}],"wp:featuredmedia":[{"embeddable":true,"href":"https:\/\/cmykprinted.com\/sv\/wp-json\/wp\/v2\/media\/625"}],"wp:attachment":[{"href":"https:\/\/cmykprinted.com\/sv\/wp-json\/wp\/v2\/media?parent=624"}],"wp:term":[{"taxonomy":"product_cat","embeddable":true,"href":"https:\/\/cmykprinted.com\/sv\/wp-json\/wp\/v2\/product_cat?post=624"},{"taxonomy":"product_tag","embeddable":true,"href":"https:\/\/cmykprinted.com\/sv\/wp-json\/wp\/v2\/product_tag?post=624"}],"curies":[{"name":"wp","href":"https:\/\/api.w.org\/{rel}","templated":true}]}}