{"id":644,"date":"2022-12-22T07:18:12","date_gmt":"2022-12-22T07:18:12","guid":{"rendered":"https:\/\/cmykprinted.com\/?post_type=product&#038;p=644"},"modified":"2022-12-22T07:55:34","modified_gmt":"2022-12-22T07:55:34","slug":"custom-table-runners-table-cover-trade-show-tablecloth","status":"publish","type":"product","link":"https:\/\/cmykprinted.com\/sv\/produkt\/custom-table-runners-table-cover-trade-show-tablecloth\/","title":{"rendered":"Anpassade bordsl\u00f6pare bordsduk m\u00e4ssduk"},"content":{"rendered":"","protected":false},"excerpt":{"rendered":"<p>Om du \u00e4r i behov av skr\u00e4ddarsydda bordsl\u00f6pare f\u00f6r ditt f\u00f6retag eller personliga evenemang, har vi dig t\u00e4ckt. V\u00e5ra h\u00f6gkvalitativa bordsdukar \u00e4r perfekta f\u00f6r allt fr\u00e5n m\u00e4ssor till insamlingar, och de \u00e4r designade f\u00f6r att h\u00e5lla. Tillverkade av f\u00f6rstklassigt polyestertyg och med fullf\u00e4rg, 1440DPI dye-sublimation-tryck, kommer dessa skr\u00e4ddarsydda bordsl\u00f6pare garanterat att g\u00f6ra ett best\u00e5ende intryck. Anv\u00e4nd dem f\u00f6r att marknadsf\u00f6ra ditt varum\u00e4rke eller din logotyp p\u00e5 konferenser, evenemang eller m\u00e4ssor, eller l\u00e4gg dem helt enkelt till en solid bordsduk f\u00f6r en touch av elegans och dekor. Finns i f\u00f6rdefinierade m\u00e5tt p\u00e5 2&#039;x7,5\u2032, du kan till och med v\u00e4lja anpassade storlekar f\u00f6r att perfekt passa dina behov. Lita p\u00e5 oss som din tillf\u00f6rlitliga k\u00e4lla f\u00f6r anpassade bordsl\u00f6pare som effektivt kommer att marknadsf\u00f6ra ditt f\u00f6retag och st\u00e5 emot tidens tand.<\/p>","protected":false},"featured_media":647,"template":"","meta":{"_kad_post_transparent":"default","_kad_post_title":"hide","_kad_post_layout":"fullwidth","_kad_post_sidebar_id":"","_kad_post_content_style":"unboxed","_kad_post_vertical_padding":"hide","_kad_post_feature":"hide","_kad_post_feature_position":"","_kad_post_header":false,"_kad_post_footer":false},"product_cat":[80,82],"product_tag":[157,156,158,159],"class_list":{"0":"post-644","1":"product","2":"type-product","3":"status-publish","4":"has-post-thumbnail","6":"product_cat-custom-tablecloth","7":"product_cat-custom-table-runner","8":"product_tag-custom-table-cover","9":"product_tag-custom-table-runners","10":"product_tag-custom-tablecloth","11":"product_tag-trade-show-tablecloth","13":"first","14":"instock","15":"shipping-taxable","16":"product-type-simple","17":"entry","18":"content-bg","19":"loop-entry"},"_links":{"self":[{"href":"https:\/\/cmykprinted.com\/sv\/wp-json\/wp\/v2\/product\/644","targetHints":{"allow":["GET"]}}],"collection":[{"href":"https:\/\/cmykprinted.com\/sv\/wp-json\/wp\/v2\/product"}],"about":[{"href":"https:\/\/cmykprinted.com\/sv\/wp-json\/wp\/v2\/types\/product"}],"version-history":[{"count":2,"href":"https:\/\/cmykprinted.com\/sv\/wp-json\/wp\/v2\/product\/644\/revisions"}],"predecessor-version":[{"id":646,"href":"https:\/\/cmykprinted.com\/sv\/wp-json\/wp\/v2\/product\/644\/revisions\/646"}],"wp:featuredmedia":[{"embeddable":true,"href":"https:\/\/cmykprinted.com\/sv\/wp-json\/wp\/v2\/media\/647"}],"wp:attachment":[{"href":"https:\/\/cmykprinted.com\/sv\/wp-json\/wp\/v2\/media?parent=644"}],"wp:term":[{"taxonomy":"product_cat","embeddable":true,"href":"https:\/\/cmykprinted.com\/sv\/wp-json\/wp\/v2\/product_cat?post=644"},{"taxonomy":"product_tag","embeddable":true,"href":"https:\/\/cmykprinted.com\/sv\/wp-json\/wp\/v2\/product_tag?post=644"}],"curies":[{"name":"wp","href":"https:\/\/api.w.org\/{rel}","templated":true}]}}