{"id":664,"date":"2022-12-22T09:47:33","date_gmt":"2022-12-22T09:47:33","guid":{"rendered":"https:\/\/cmykprinted.com\/?post_type=product&#038;p=664"},"modified":"2022-12-22T14:15:54","modified_gmt":"2022-12-22T14:15:54","slug":"horizontal-pop-up-banners-with-free-custom-printing-services","status":"publish","type":"product","link":"https:\/\/cmykprinted.com\/sv\/produkt\/horizontal-pop-up-banners-with-free-custom-printing-services\/","title":{"rendered":"Horisontella popup-banners med gratis anpassade utskriftstj\u00e4nster"},"content":{"rendered":"","protected":false},"excerpt":{"rendered":"<p>V\u00e5ra horisontella popup-banderoller \u00e4r gjorda av slitstarka material som \u00e4r designade f\u00f6r att t\u00e5la v\u00e4der och vind, vilket g\u00f6r dem perfekta f\u00f6r anv\u00e4ndning b\u00e5de inomhus och utomhus. De \u00e4r l\u00e4tta att s\u00e4tta upp och ta ner och kan f\u00f6rvaras och transporteras med l\u00e4tthet, vilket g\u00f6r dem till ett bekv\u00e4mt val f\u00f6r f\u00f6retag p\u00e5 spr\u00e5ng. Med v\u00e5ra kostnadsfria anpassade utskriftstj\u00e4nster kan du f\u00e5 dina banderoller tryckta med din f\u00f6retagslogotyp, varum\u00e4rkesbudskap eller n\u00e5gon annan anpassad design du v\u00e4ljer. Dessa horisontella popup-banners kommer s\u00e4kerligen att g\u00f6ra stor inverkan vid alla evenemang och kommer att hj\u00e4lpa dig att effektivt marknadsf\u00f6ra ditt f\u00f6retag f\u00f6r potentiella kunder. Oavsett om du vill marknadsf\u00f6ra ditt varum\u00e4rke p\u00e5 en m\u00e4ssa, sportevenemang eller f\u00f6retagsfest \u00e4r v\u00e5ra horisontella popup-banners det perfekta valet.<\/p>\n<div style=\"width: 1290px;\" class=\"wp-video\"><!--[if lt IE 9]><script>document.createElement('video');<\/script><![endif]--><br \/>\n<video class=\"wp-video-shortcode\" id=\"video-664-1\" width=\"1290\" height=\"726\" loop autoplay preload=\"auto\" controls=\"controls\"><source type=\"video\/mp4\" src=\"http:\/\/cmykprinted.com\/wp-content\/uploads\/2022\/12\/horizontal-pop-up-banners.mp4?_=1\" \/><a href=\"http:\/\/cmykprinted.com\/wp-content\/uploads\/2022\/12\/horizontal-pop-up-banners.mp4\">http:\/\/cmykprinted.com\/wp-content\/uploads\/2022\/12\/horizontal-pop-up-banners.mp4<\/a><\/video><\/div>\n<p>&nbsp;<\/p>","protected":false},"featured_media":665,"template":"","meta":{"_kad_post_transparent":"default","_kad_post_title":"hide","_kad_post_layout":"fullwidth","_kad_post_sidebar_id":"","_kad_post_content_style":"unboxed","_kad_post_vertical_padding":"hide","_kad_post_feature":"hide","_kad_post_feature_position":"","_kad_post_header":false,"_kad_post_footer":false},"product_cat":[92,94],"product_tag":[167,165,166],"class_list":{"0":"post-664","1":"product","2":"type-product","3":"status-publish","4":"has-post-thumbnail","6":"product_cat-pop-up-banners","7":"product_cat-horizontal-pop-up-banners","8":"product_tag-custom-pop-up-banners","9":"product_tag-horizontal-pop-up-banners","10":"product_tag-pop-up-banners","12":"first","13":"instock","14":"shipping-taxable","15":"product-type-simple","16":"entry","17":"content-bg","18":"loop-entry"},"_links":{"self":[{"href":"https:\/\/cmykprinted.com\/sv\/wp-json\/wp\/v2\/product\/664","targetHints":{"allow":["GET"]}}],"collection":[{"href":"https:\/\/cmykprinted.com\/sv\/wp-json\/wp\/v2\/product"}],"about":[{"href":"https:\/\/cmykprinted.com\/sv\/wp-json\/wp\/v2\/types\/product"}],"version-history":[{"count":3,"href":"https:\/\/cmykprinted.com\/sv\/wp-json\/wp\/v2\/product\/664\/revisions"}],"predecessor-version":[{"id":672,"href":"https:\/\/cmykprinted.com\/sv\/wp-json\/wp\/v2\/product\/664\/revisions\/672"}],"wp:featuredmedia":[{"embeddable":true,"href":"https:\/\/cmykprinted.com\/sv\/wp-json\/wp\/v2\/media\/665"}],"wp:attachment":[{"href":"https:\/\/cmykprinted.com\/sv\/wp-json\/wp\/v2\/media?parent=664"}],"wp:term":[{"taxonomy":"product_cat","embeddable":true,"href":"https:\/\/cmykprinted.com\/sv\/wp-json\/wp\/v2\/product_cat?post=664"},{"taxonomy":"product_tag","embeddable":true,"href":"https:\/\/cmykprinted.com\/sv\/wp-json\/wp\/v2\/product_tag?post=664"}],"curies":[{"name":"wp","href":"https:\/\/api.w.org\/{rel}","templated":true}]}}