{"id":673,"date":"2022-12-22T14:59:51","date_gmt":"2022-12-22T14:59:51","guid":{"rendered":"https:\/\/cmykprinted.com\/?post_type=product&#038;p=673"},"modified":"2022-12-22T15:10:44","modified_gmt":"2022-12-22T15:10:44","slug":"free-custom-curved-tension-fabric-pop-up-displays-backwall","status":"publish","type":"product","link":"https:\/\/cmykprinted.com\/sv\/produkt\/free-custom-curved-tension-fabric-pop-up-displays-backwall\/","title":{"rendered":"Gratis anpassade b\u00f6jda popup-displayer av sp\u00e4nningstyg f\u00f6r bakv\u00e4gg"},"content":{"rendered":"","protected":false},"excerpt":{"rendered":"<p>Popup-sk\u00e4rmar med kr\u00f6kt tyg erbjuder en uppslukande och f\u00e4ngslande publikupplevelse som \u00e4r perfekt f\u00f6r m\u00e4ssor, v\u00e4lg\u00f6renhetsevenemang, industrikongresser och andra tillst\u00e4llningar. Dessa sk\u00e4rmar har realistiska, f\u00e4rgsublimerade bilder som skapar en 3D-liknande effekt, vilket s\u00e4kerst\u00e4ller att de sticker ut och drar uppm\u00e4rksamheten till ditt budskap. Vi anv\u00e4nder levande, \u00e5teranv\u00e4ndbart tygmaterial som minimerar ljusreflektion f\u00f6r att h\u00e5lla dina utskrifter synliga, vilket s\u00e4kerst\u00e4ller att ditt budskap kommer att synas tydligt av din publik. F\u00f6rutom deras imponerande visuella inverkan erbjuder dessa displayer samma f\u00f6rdelar som inf\u00e4llbara banderoller, vilket g\u00f6r dem perfekta att anv\u00e4nda som bakgrunder f\u00f6r m\u00e4ssmontrar och popup-butiker. Trots sin stora storlek \u00e4r dessa displayer l\u00e4tta och enkla att s\u00e4tta upp, och kr\u00e4ver bara montering av aluminiumramen och ins\u00e4ttning och dragning av tyget \u00f6ver den. Genom att skriva ut dina egna popup-sk\u00e4rmar med b\u00f6jt tyg kan du ta din evenemangsmarknadsf\u00f6ring till n\u00e4sta niv\u00e5 och effektivt marknadsf\u00f6ra ditt varum\u00e4rke eller budskap till en bred publik.<\/p>","protected":false},"featured_media":674,"template":"","meta":{"_kad_post_transparent":"default","_kad_post_title":"hide","_kad_post_layout":"fullwidth","_kad_post_sidebar_id":"","_kad_post_content_style":"unboxed","_kad_post_vertical_padding":"hide","_kad_post_feature":"hide","_kad_post_feature_position":"","_kad_post_header":false,"_kad_post_footer":false},"product_cat":[97,98],"product_tag":[168,170,134,169],"class_list":{"0":"post-673","1":"product","2":"type-product","3":"status-publish","4":"has-post-thumbnail","6":"product_cat-tension-fabric-displays","7":"product_cat-curved-tension-fabric-pop-up-displays","8":"product_tag-curved-tension-fabric-pop-up-displays","9":"product_tag-pop-up-tension-fabric-displays","10":"product_tag-tension-fabric-displays","11":"product_tag-tension-fabric-pop-up-display","13":"first","14":"instock","15":"shipping-taxable","16":"product-type-simple","17":"entry","18":"content-bg","19":"loop-entry"},"_links":{"self":[{"href":"https:\/\/cmykprinted.com\/sv\/wp-json\/wp\/v2\/product\/673","targetHints":{"allow":["GET"]}}],"collection":[{"href":"https:\/\/cmykprinted.com\/sv\/wp-json\/wp\/v2\/product"}],"about":[{"href":"https:\/\/cmykprinted.com\/sv\/wp-json\/wp\/v2\/types\/product"}],"version-history":[{"count":1,"href":"https:\/\/cmykprinted.com\/sv\/wp-json\/wp\/v2\/product\/673\/revisions"}],"predecessor-version":[{"id":680,"href":"https:\/\/cmykprinted.com\/sv\/wp-json\/wp\/v2\/product\/673\/revisions\/680"}],"wp:featuredmedia":[{"embeddable":true,"href":"https:\/\/cmykprinted.com\/sv\/wp-json\/wp\/v2\/media\/674"}],"wp:attachment":[{"href":"https:\/\/cmykprinted.com\/sv\/wp-json\/wp\/v2\/media?parent=673"}],"wp:term":[{"taxonomy":"product_cat","embeddable":true,"href":"https:\/\/cmykprinted.com\/sv\/wp-json\/wp\/v2\/product_cat?post=673"},{"taxonomy":"product_tag","embeddable":true,"href":"https:\/\/cmykprinted.com\/sv\/wp-json\/wp\/v2\/product_tag?post=673"}],"curies":[{"name":"wp","href":"https:\/\/api.w.org\/{rel}","templated":true}]}}