{"id":682,"date":"2022-12-29T09:44:31","date_gmt":"2022-12-29T09:44:31","guid":{"rendered":"https:\/\/cmykprinted.com\/?post_type=product&#038;p=682"},"modified":"2022-12-29T10:03:18","modified_gmt":"2022-12-29T10:03:18","slug":"custom-3d-metal-transfer-sticker-metallic-logo-label-sticker","status":"publish","type":"product","link":"https:\/\/cmykprinted.com\/sv\/produkt\/custom-3d-metal-transfer-sticker-metallic-logo-label-sticker\/","title":{"rendered":"Custom 3D Metal Transfer Sticker Metallisk logotypetikett"},"content":{"rendered":"","protected":false},"excerpt":{"rendered":"<p>3D-metall\u00f6verf\u00f6ringsetiketter \u00e4r en typ av m\u00e4rkningsl\u00f6sning som involverar anv\u00e4ndning av mycket h\u00e5llbar nickelfolie f\u00f6r att skapa en tredimensionell effekt. Dessa klisterm\u00e4rken \u00e4r designade f\u00f6r att ge ett &quot;no label&quot;-utseende genom att ta bort \u00f6verfl\u00f6digt material fr\u00e5n designen, vilket resulterar i ett mer raffinerat och professionellt utseende. De anv\u00e4nds ofta som avancerade produktetiketter eller f\u00f6r \u00e5terf\u00f6rs\u00e4ljning i onlinebutiker.<br \/>\nF\u00f6r att skapa 3D-dekaler f\u00f6r metall\u00f6verf\u00f6ring skrivs designen f\u00f6rst ut p\u00e5 ett ark nickelfolie med hj\u00e4lp av en specialiserad utskriftsprocess. Det \u00f6verfl\u00f6diga materialet tas sedan bort, vilket bara l\u00e4mnar de upph\u00f6jda delarna av designen. Den resulterande klisterlappen bel\u00e4ggs sedan med ett lager lim och kan appliceras p\u00e5 en m\u00e4ngd olika ytor, inklusive plast, metall och papper.<br \/>\nEn av f\u00f6rdelarna med att anv\u00e4nda 3D-metall\u00f6verf\u00f6ringsdekaler \u00e4r deras h\u00e5llbarhet. Nickel \u00e4r ett starkt och korrosionsbest\u00e4ndigt material, s\u00e5 dessa klisterm\u00e4rken t\u00e5l slitage och bibeh\u00e5ller sin kvalitet \u00f6ver tid. De \u00e4r ocks\u00e5 resistenta mot blekning och missf\u00e4rgning, vilket g\u00f6r dem till en l\u00e5ngvarig m\u00e4rkningsl\u00f6sning. Dessutom kan den tredimensionella effekten av dessa klisterm\u00e4rken l\u00e4gga till ett unikt och i\u00f6gonfallande element till din produktf\u00f6rpackning eller varum\u00e4rke.<\/p>\n<div style=\"width: 1280px;\" class=\"wp-video\"><!--[if lt IE 9]><script>document.createElement('video');<\/script><![endif]--><br \/>\n<video class=\"wp-video-shortcode\" id=\"video-682-1\" width=\"1280\" height=\"720\" loop autoplay preload=\"metadata\" controls=\"controls\"><source type=\"video\/mp4\" src=\"http:\/\/cmykprinted.com\/wp-content\/uploads\/2022\/12\/Metal-Transfer-Sticker.mp4?_=1\" \/><a href=\"http:\/\/cmykprinted.com\/wp-content\/uploads\/2022\/12\/Metal-Transfer-Sticker.mp4\">http:\/\/cmykprinted.com\/wp-content\/uploads\/2022\/12\/Metal-Transfer-Sticker.mp4<\/a><\/video><\/div>\n<p>&nbsp;<\/p>","protected":false},"featured_media":683,"template":"","meta":{"_kad_post_transparent":"default","_kad_post_title":"hide","_kad_post_layout":"fullwidth","_kad_post_sidebar_id":"","_kad_post_content_style":"unboxed","_kad_post_vertical_padding":"hide","_kad_post_feature":"hide","_kad_post_feature_position":"","_kad_post_header":false,"_kad_post_footer":false},"product_cat":[101,102],"product_tag":[174,173,171,172],"class_list":{"0":"post-682","1":"product","2":"type-product","3":"status-publish","4":"has-post-thumbnail","6":"product_cat-transfer-stickers","7":"product_cat-metal-transfer-stickers","8":"product_tag-3d-metal-transfer-sticker","9":"product_tag-custom-metal-transfer-sticker","10":"product_tag-metal-transfer-sticker","11":"product_tag-metallic-logo-label-sticker","13":"first","14":"instock","15":"shipping-taxable","16":"product-type-simple","17":"entry","18":"content-bg","19":"loop-entry"},"_links":{"self":[{"href":"https:\/\/cmykprinted.com\/sv\/wp-json\/wp\/v2\/product\/682","targetHints":{"allow":["GET"]}}],"collection":[{"href":"https:\/\/cmykprinted.com\/sv\/wp-json\/wp\/v2\/product"}],"about":[{"href":"https:\/\/cmykprinted.com\/sv\/wp-json\/wp\/v2\/types\/product"}],"version-history":[{"count":2,"href":"https:\/\/cmykprinted.com\/sv\/wp-json\/wp\/v2\/product\/682\/revisions"}],"predecessor-version":[{"id":691,"href":"https:\/\/cmykprinted.com\/sv\/wp-json\/wp\/v2\/product\/682\/revisions\/691"}],"wp:featuredmedia":[{"embeddable":true,"href":"https:\/\/cmykprinted.com\/sv\/wp-json\/wp\/v2\/media\/683"}],"wp:attachment":[{"href":"https:\/\/cmykprinted.com\/sv\/wp-json\/wp\/v2\/media?parent=682"}],"wp:term":[{"taxonomy":"product_cat","embeddable":true,"href":"https:\/\/cmykprinted.com\/sv\/wp-json\/wp\/v2\/product_cat?post=682"},{"taxonomy":"product_tag","embeddable":true,"href":"https:\/\/cmykprinted.com\/sv\/wp-json\/wp\/v2\/product_tag?post=682"}],"curies":[{"name":"wp","href":"https:\/\/api.w.org\/{rel}","templated":true}]}}