{"id":692,"date":"2022-12-29T10:09:13","date_gmt":"2022-12-29T10:09:13","guid":{"rendered":"https:\/\/cmykprinted.com\/?post_type=product&#038;p=692"},"modified":"2022-12-29T10:44:20","modified_gmt":"2022-12-29T10:44:20","slug":"double-sided-printed-advertising-beach-teardrop-flags-banner","status":"publish","type":"product","link":"https:\/\/cmykprinted.com\/sv\/produkt\/double-sided-printed-advertising-beach-teardrop-flags-banner\/","title":{"rendered":"Dubbelsidigt tryckt reklamstrand Teardrop-flaggor Banner"},"content":{"rendered":"","protected":false},"excerpt":{"rendered":"<p>Teardropflaggor, \u00e4ven k\u00e4nd som teardropflaggor eller fj\u00e4derflaggor, \u00e4r en typ av stor, droppformad flagga som anv\u00e4nds i reklam- och marknadsf\u00f6ringssyfte. De \u00e4r gjorda genom att trycka en anpassad design p\u00e5 flaggan med en f\u00e4rgsublimeringsprocess, vilket m\u00f6jligg\u00f6r levande grafik av h\u00f6g kvalitet. Flaggorna \u00e4r f\u00e4sta p\u00e5 en l\u00e4tt flaggst\u00e5ng i aluminium och glasfiber, som \u00e4r b\u00f6jbar och hj\u00e4lper till att h\u00e5lla flaggan sp\u00e4nd \u00e4ven i bl\u00e5siga f\u00f6rh\u00e5llanden. Flaggst\u00e5ngen kan antingen stickas i marken eller placeras p\u00e5 ett flaggstativ, beroende p\u00e5 anv\u00e4ndarens specifika behov och preferenser.<br \/>\nAtt anv\u00e4nda en teardrop flagg-banner framf\u00f6r din butik eller ditt f\u00f6retag kan vara ett effektivt s\u00e4tt att locka potentiella kunders och andra f\u00f6rbipasserandes uppm\u00e4rksamhet. Dessa flaggor \u00e4r i\u00f6gonfallande och kan hj\u00e4lpa till att effektivt marknadsf\u00f6ra ditt f\u00f6retag och dess produkter eller tj\u00e4nster. Teardrop flagga banners \u00e4r ocks\u00e5 m\u00e5ngsidiga och kan anv\u00e4ndas i en m\u00e4ngd olika milj\u00f6er, inklusive m\u00e4ssor, utomhusevenemang och skyltf\u00f6nster. Genom att v\u00e4lja en anpassad design som exakt \u00e5terspeglar ditt f\u00f6retags varum\u00e4rke och budskap, kan du effektivt kommunicera ditt budskap och g\u00f6ra ett starkt intryck p\u00e5 din m\u00e5lgrupp.<\/p>\n<div style=\"width: 1280px;\" class=\"wp-video\"><!--[if lt IE 9]><script>document.createElement('video');<\/script><![endif]--><br \/>\n<video class=\"wp-video-shortcode\" id=\"video-692-1\" width=\"1280\" height=\"720\" loop autoplay preload=\"metadata\" controls=\"controls\"><source type=\"video\/mp4\" src=\"http:\/\/cmykprinted.com\/wp-content\/uploads\/2022\/12\/Beach-Teardrop-Flags-Banner.mp4?_=1\" \/><a href=\"http:\/\/cmykprinted.com\/wp-content\/uploads\/2022\/12\/Beach-Teardrop-Flags-Banner.mp4\">http:\/\/cmykprinted.com\/wp-content\/uploads\/2022\/12\/Beach-Teardrop-Flags-Banner.mp4<\/a><\/video><\/div>","protected":false},"featured_media":693,"template":"","meta":{"_kad_post_transparent":"default","_kad_post_title":"hide","_kad_post_layout":"fullwidth","_kad_post_sidebar_id":"","_kad_post_content_style":"unboxed","_kad_post_vertical_padding":"hide","_kad_post_feature":"hide","_kad_post_feature_position":"","_kad_post_header":false,"_kad_post_footer":false},"product_cat":[64,67],"product_tag":[177,176,175,178],"class_list":{"0":"post-692","1":"product","2":"type-product","3":"status-publish","4":"has-post-thumbnail","6":"product_cat-beach-flags","7":"product_cat-teardrop-flags-banners","8":"product_tag-advertising-beach-flags","9":"product_tag-beach-teardrop-banner","10":"product_tag-beach-teardrop-flags","11":"product_tag-teardrop-flags","13":"first","14":"instock","15":"shipping-taxable","16":"product-type-simple","17":"entry","18":"content-bg","19":"loop-entry"},"_links":{"self":[{"href":"https:\/\/cmykprinted.com\/sv\/wp-json\/wp\/v2\/product\/692","targetHints":{"allow":["GET"]}}],"collection":[{"href":"https:\/\/cmykprinted.com\/sv\/wp-json\/wp\/v2\/product"}],"about":[{"href":"https:\/\/cmykprinted.com\/sv\/wp-json\/wp\/v2\/types\/product"}],"version-history":[{"count":4,"href":"https:\/\/cmykprinted.com\/sv\/wp-json\/wp\/v2\/product\/692\/revisions"}],"predecessor-version":[{"id":703,"href":"https:\/\/cmykprinted.com\/sv\/wp-json\/wp\/v2\/product\/692\/revisions\/703"}],"wp:featuredmedia":[{"embeddable":true,"href":"https:\/\/cmykprinted.com\/sv\/wp-json\/wp\/v2\/media\/693"}],"wp:attachment":[{"href":"https:\/\/cmykprinted.com\/sv\/wp-json\/wp\/v2\/media?parent=692"}],"wp:term":[{"taxonomy":"product_cat","embeddable":true,"href":"https:\/\/cmykprinted.com\/sv\/wp-json\/wp\/v2\/product_cat?post=692"},{"taxonomy":"product_tag","embeddable":true,"href":"https:\/\/cmykprinted.com\/sv\/wp-json\/wp\/v2\/product_tag?post=692"}],"curies":[{"name":"wp","href":"https:\/\/api.w.org\/{rel}","templated":true}]}}