{"id":704,"date":"2022-12-29T12:00:11","date_gmt":"2022-12-29T12:00:11","guid":{"rendered":"https:\/\/cmykprinted.com\/?post_type=product&#038;p=704"},"modified":"2022-12-29T15:39:11","modified_gmt":"2022-12-29T15:39:11","slug":"40mm-hexagonal-folding-aluminum-frame-10x15ft-pop-up-tent","status":"publish","type":"product","link":"https:\/\/cmykprinted.com\/sv\/produkt\/40mm-hexagonal-folding-aluminum-frame-10x15ft-pop-up-tent\/","title":{"rendered":"40 mm sexkantigt hopf\u00e4llbart aluminiumram 10x15ft popup-t\u00e4lt"},"content":{"rendered":"","protected":false},"excerpt":{"rendered":"<p>Denna pop up-kapell har en starkare ram gjord av uppgraderad st\u00e5lkonstruktion, med st\u00f6rre fackverksst\u00e4nger och en f\u00f6rst\u00e4rkt tv\u00e4rbalk som m\u00e4ter 26 x 13 f\u00f6r \u00f6kad styrka och b\u00e4ttre vindmotst\u00e5nd. St\u00e5lf\u00f6tterna har tv\u00e5 borrade h\u00e5l f\u00f6r \u00f6kad stabilitet. Sj\u00e4lva kapellet \u00e4r 10\u00d715 fot och ger en gener\u00f6s 150 kvadratfot skugga, l\u00e4mplig f\u00f6r sammankomster p\u00e5 8-13 personer. Den kan anv\u00e4ndas i b\u00e5de soliga och regniga f\u00f6rh\u00e5llanden. Det \u00e4r enkelt att s\u00e4tta upp kapellet, det kr\u00e4ver inga verktyg och det tar bara n\u00e5gra minuter f\u00f6r en person att slutf\u00f6ra. St\u00f6dr\u00f6ren kan justeras till tre olika niv\u00e5er f\u00f6r \u00f6kad m\u00e5ngsidighet. Baldakinen \u00e4r gjord av 300D polyester med en PU-bel\u00e4ggning som blockerar cirka 99% UV-str\u00e5lar och har vattent\u00e4ta remsor. Baldakinen kommer med en komplett upps\u00e4ttning tillbeh\u00f6r, inklusive en rullv\u00e4ska, sands\u00e4ckar, jordpluggar, nylonrep och band. Dessa tillbeh\u00f6r, s\u00e5v\u00e4l som reservdelar, \u00e4r tillg\u00e4ngliga f\u00f6r livet.<\/p>\n<div style=\"width: 1280px;\" class=\"wp-video\"><!--[if lt IE 9]><script>document.createElement('video');<\/script><![endif]--><br \/>\n<video class=\"wp-video-shortcode\" id=\"video-704-1\" width=\"1280\" height=\"720\" loop autoplay preload=\"auto\" controls=\"controls\"><source type=\"video\/mp4\" src=\"http:\/\/cmykprinted.com\/wp-content\/uploads\/2022\/12\/10x15ft-Pop-up-Tent.mp4?_=1\" \/><a href=\"http:\/\/cmykprinted.com\/wp-content\/uploads\/2022\/12\/10x15ft-Pop-up-Tent.mp4\">http:\/\/cmykprinted.com\/wp-content\/uploads\/2022\/12\/10x15ft-Pop-up-Tent.mp4<\/a><\/video><\/div>","protected":false},"featured_media":705,"template":"","meta":{"_kad_post_transparent":"default","_kad_post_title":"hide","_kad_post_layout":"fullwidth","_kad_post_sidebar_id":"","_kad_post_content_style":"unboxed","_kad_post_vertical_padding":"hide","_kad_post_feature":"hide","_kad_post_feature_position":"","_kad_post_header":false,"_kad_post_footer":false},"product_cat":[68,71,69],"product_tag":[179,180,182,181],"class_list":{"0":"post-704","1":"product","2":"type-product","3":"status-publish","4":"has-post-thumbnail","6":"product_cat-custom-canopy-tents","7":"product_cat-10x15ft-pop-up-tents","8":"product_cat-40mm-hexagon-aluminum-tents","9":"product_tag-10x15ft-pop-up-tent","10":"product_tag-40mm-hexagonal-pop-up-tent","11":"product_tag-aluminum-frame-pop-up-tent","12":"product_tag-folding-pop-up-tent","14":"first","15":"instock","16":"shipping-taxable","17":"product-type-simple","18":"entry","19":"content-bg","20":"loop-entry"},"_links":{"self":[{"href":"https:\/\/cmykprinted.com\/sv\/wp-json\/wp\/v2\/product\/704","targetHints":{"allow":["GET"]}}],"collection":[{"href":"https:\/\/cmykprinted.com\/sv\/wp-json\/wp\/v2\/product"}],"about":[{"href":"https:\/\/cmykprinted.com\/sv\/wp-json\/wp\/v2\/types\/product"}],"version-history":[{"count":3,"href":"https:\/\/cmykprinted.com\/sv\/wp-json\/wp\/v2\/product\/704\/revisions"}],"predecessor-version":[{"id":714,"href":"https:\/\/cmykprinted.com\/sv\/wp-json\/wp\/v2\/product\/704\/revisions\/714"}],"wp:featuredmedia":[{"embeddable":true,"href":"https:\/\/cmykprinted.com\/sv\/wp-json\/wp\/v2\/media\/705"}],"wp:attachment":[{"href":"https:\/\/cmykprinted.com\/sv\/wp-json\/wp\/v2\/media?parent=704"}],"wp:term":[{"taxonomy":"product_cat","embeddable":true,"href":"https:\/\/cmykprinted.com\/sv\/wp-json\/wp\/v2\/product_cat?post=704"},{"taxonomy":"product_tag","embeddable":true,"href":"https:\/\/cmykprinted.com\/sv\/wp-json\/wp\/v2\/product_tag?post=704"}],"curies":[{"name":"wp","href":"https:\/\/api.w.org\/{rel}","templated":true}]}}