{"id":715,"date":"2022-12-29T22:23:16","date_gmt":"2022-12-29T22:23:16","guid":{"rendered":"https:\/\/cmykprinted.com\/?post_type=product&#038;p=715"},"modified":"2022-12-29T22:34:28","modified_gmt":"2022-12-29T22:34:28","slug":"personalized-stretch-fitted-table-cover-tablecloth-with-logo","status":"publish","type":"product","link":"https:\/\/cmykprinted.com\/sv\/produkt\/personalized-stretch-fitted-table-cover-tablecloth-with-logo\/","title":{"rendered":"Personlig stretchad bordsduk med logotyp"},"content":{"rendered":"","protected":false},"excerpt":{"rendered":"<p>V\u00e5r spandexmonterade bords\u00f6verdrag \u00e4r speciellt utformad f\u00f6r att passa t\u00e4tt \u00f6ver ett hopf\u00e4llbart bord eller bankettbord med m\u00e5tten 72 tum p\u00e5 l\u00e4ngden, 30 tum p\u00e5 bredden och 30 tum p\u00e5 h\u00f6jden. Denna rektangul\u00e4ra duk \u00e4r ett utm\u00e4rkt val f\u00f6r en m\u00e4ngd olika evenemang, som br\u00f6llop, f\u00f6delsedagar, duschar, middagsrepetitioner och till och med enkla familjesammankomster. V\u00e5ra 6 ft spandex dukar \u00e4r gjorda av stretchpolyester av h\u00f6gsta kvalitet och \u00e4r byggda f\u00f6r att h\u00e5lla, med en h\u00e5llbar konstruktion som \u00e4r motst\u00e5ndskraftig mot skrynkling och fl\u00e4ckar. Dessutom kan dessa dukar tv\u00e4ttas otaliga g\u00e5nger, vilket g\u00f6r dem till ett ekonomiskt val f\u00f6r alla evenemangsplanerare eller hus\u00e4gare. Oavsett om du \u00e4r v\u00e4rd f\u00f6r ett formellt evenemang eller en tillf\u00e4llig sammankomst, \u00e4r v\u00e5r spandexmonterade bordsduk ett attraktivt och praktiskt komplement till din dukning.<\/p>\n<div style=\"width: 1290px;\" class=\"wp-video\"><!--[if lt IE 9]><script>document.createElement('video');<\/script><![endif]--><br \/>\n<video class=\"wp-video-shortcode\" id=\"video-715-1\" width=\"1290\" height=\"726\" loop autoplay preload=\"auto\" controls=\"controls\"><source type=\"video\/mp4\" src=\"http:\/\/cmykprinted.com\/wp-content\/uploads\/2022\/12\/Custom-Stretch-Tablecloth.mp4?_=1\" \/><a href=\"http:\/\/cmykprinted.com\/wp-content\/uploads\/2022\/12\/Custom-Stretch-Tablecloth.mp4\">http:\/\/cmykprinted.com\/wp-content\/uploads\/2022\/12\/Custom-Stretch-Tablecloth.mp4<\/a><\/video><\/div>","protected":false},"featured_media":716,"template":"","meta":{"_kad_post_transparent":"default","_kad_post_title":"hide","_kad_post_layout":"fullwidth","_kad_post_sidebar_id":"","_kad_post_content_style":"unboxed","_kad_post_vertical_padding":"hide","_kad_post_feature":"hide","_kad_post_feature_position":"","_kad_post_header":false,"_kad_post_footer":false},"product_cat":[80,81,83],"product_tag":[185,183,186,184],"class_list":{"0":"post-715","1":"product","2":"type-product","3":"status-publish","4":"has-post-thumbnail","6":"product_cat-custom-tablecloth","7":"product_cat-custom-stretch-tablecloth","8":"product_cat-fitted-table-cover","9":"product_tag-fitted-table-cover","10":"product_tag-personalized-fitted-table-cover","11":"product_tag-personalized-stretch-tablecloth","12":"product_tag-stretch-fitted-table-cover","14":"first","15":"instock","16":"shipping-taxable","17":"product-type-simple","18":"entry","19":"content-bg","20":"loop-entry"},"_links":{"self":[{"href":"https:\/\/cmykprinted.com\/sv\/wp-json\/wp\/v2\/product\/715","targetHints":{"allow":["GET"]}}],"collection":[{"href":"https:\/\/cmykprinted.com\/sv\/wp-json\/wp\/v2\/product"}],"about":[{"href":"https:\/\/cmykprinted.com\/sv\/wp-json\/wp\/v2\/types\/product"}],"version-history":[{"count":1,"href":"https:\/\/cmykprinted.com\/sv\/wp-json\/wp\/v2\/product\/715\/revisions"}],"predecessor-version":[{"id":722,"href":"https:\/\/cmykprinted.com\/sv\/wp-json\/wp\/v2\/product\/715\/revisions\/722"}],"wp:featuredmedia":[{"embeddable":true,"href":"https:\/\/cmykprinted.com\/sv\/wp-json\/wp\/v2\/media\/716"}],"wp:attachment":[{"href":"https:\/\/cmykprinted.com\/sv\/wp-json\/wp\/v2\/media?parent=715"}],"wp:term":[{"taxonomy":"product_cat","embeddable":true,"href":"https:\/\/cmykprinted.com\/sv\/wp-json\/wp\/v2\/product_cat?post=715"},{"taxonomy":"product_tag","embeddable":true,"href":"https:\/\/cmykprinted.com\/sv\/wp-json\/wp\/v2\/product_tag?post=715"}],"curies":[{"name":"wp","href":"https:\/\/api.w.org\/{rel}","templated":true}]}}