{"id":723,"date":"2022-12-30T02:47:50","date_gmt":"2022-12-30T02:47:50","guid":{"rendered":"https:\/\/cmykprinted.com\/?post_type=product&#038;p=723"},"modified":"2022-12-30T03:52:19","modified_gmt":"2022-12-30T03:52:19","slug":"all-weather-outdoor-advertising-pvc-mesh-banner-printing","status":"publish","type":"product","link":"https:\/\/cmykprinted.com\/sv\/produkt\/all-weather-outdoor-advertising-pvc-mesh-banner-printing\/","title":{"rendered":"Utomhusreklam f\u00f6r alla v\u00e4der i PVC Mesh Banner Printing"},"content":{"rendered":"","protected":false},"excerpt":{"rendered":"<p>V\u00e5r PVC-mesh-banner \u00e4r ett mycket specialiserat material som har designats speciellt f\u00f6r att t\u00e5la h\u00e5rda vindar och andra tuffa utomhusf\u00f6rh\u00e5llanden. Perforeringarna i materialet till\u00e5ter vind att passera igenom, vilket minskar risken f\u00f6r skador p\u00e5 banderollen och minimerar risken f\u00f6r att den slits eller bl\u00e5ser bort.<br \/>\nF\u00f6rutom sina vindbest\u00e4ndiga egenskaper \u00e4r PVC-mesh-bannern ocks\u00e5 extremt l\u00e4tt, vilket g\u00f6r den l\u00e4tt att installera och hantera. Detta g\u00f6r den till ett idealiskt val f\u00f6r ett brett utbud av speciella applikationer d\u00e4r ett delvis transparent material kr\u00e4vs som till\u00e5ter passage av ljus, ljud och luft.<br \/>\nB\u00e5de v\u00e5ra Mesh Banners och Stage Banners \u00e4r tryckta p\u00e5 antingen mesh PVC eller tyg AIRTEC-material, som b\u00e5da \u00e4r perforerade genom hela banderollen med ett mycket intensivt m\u00f6nster av sm\u00e5 h\u00e5l. Detta s\u00e4kerst\u00e4ller att scenbannern bibeh\u00e5ller sin strukturella integritet och visuella attraktionskraft, \u00e4ven i de mest kr\u00e4vande milj\u00f6erna. Oavsett om du beh\u00f6ver en banderoll f\u00f6r ett utomhusevenemang, m\u00e4ssa eller andra speciella tillf\u00e4llen, \u00e4r v\u00e5ra PVC-mesh- och scenbanners ett utm\u00e4rkt val f\u00f6r alla dina bannerbehov.<\/p>\n<div style=\"width: 1280px;\" class=\"wp-video\"><!--[if lt IE 9]><script>document.createElement('video');<\/script><![endif]--><br \/>\n<video class=\"wp-video-shortcode\" id=\"video-723-1\" width=\"1280\" height=\"720\" loop autoplay preload=\"metadata\" controls=\"controls\"><source type=\"video\/mp4\" src=\"http:\/\/cmykprinted.com\/wp-content\/uploads\/2022\/12\/PVC-Mesh-Banner.mp4?_=1\" \/><a href=\"http:\/\/cmykprinted.com\/wp-content\/uploads\/2022\/12\/PVC-Mesh-Banner.mp4\">http:\/\/cmykprinted.com\/wp-content\/uploads\/2022\/12\/PVC-Mesh-Banner.mp4<\/a><\/video><\/div>","protected":false},"featured_media":724,"template":"","meta":{"_kad_post_transparent":"default","_kad_post_title":"hide","_kad_post_layout":"fullwidth","_kad_post_sidebar_id":"","_kad_post_content_style":"unboxed","_kad_post_vertical_padding":"hide","_kad_post_feature":"hide","_kad_post_feature_position":"","_kad_post_header":false,"_kad_post_footer":false},"product_cat":[85,90,91,89,88],"product_tag":[189,191,188,190,187],"class_list":{"0":"post-723","1":"product","2":"type-product","3":"status-publish","4":"has-post-thumbnail","6":"product_cat-outdoor-vinyl-banners","7":"product_cat-glossy-pvc-banners","8":"product_cat-matte-vinyl-banners","9":"product_cat-pvc-banners","10":"product_cat-pvc-mesh-banners","11":"product_tag-advertising-mesh-banner","12":"product_tag-all-weather-mesh-banner","13":"product_tag-mesh-banner-printing","14":"product_tag-outdoor-mesh-banner","15":"product_tag-pvc-mesh-banner","17":"first","18":"instock","19":"shipping-taxable","20":"product-type-simple","21":"entry","22":"content-bg","23":"loop-entry"},"_links":{"self":[{"href":"https:\/\/cmykprinted.com\/sv\/wp-json\/wp\/v2\/product\/723","targetHints":{"allow":["GET"]}}],"collection":[{"href":"https:\/\/cmykprinted.com\/sv\/wp-json\/wp\/v2\/product"}],"about":[{"href":"https:\/\/cmykprinted.com\/sv\/wp-json\/wp\/v2\/types\/product"}],"version-history":[{"count":2,"href":"https:\/\/cmykprinted.com\/sv\/wp-json\/wp\/v2\/product\/723\/revisions"}],"predecessor-version":[{"id":732,"href":"https:\/\/cmykprinted.com\/sv\/wp-json\/wp\/v2\/product\/723\/revisions\/732"}],"wp:featuredmedia":[{"embeddable":true,"href":"https:\/\/cmykprinted.com\/sv\/wp-json\/wp\/v2\/media\/724"}],"wp:attachment":[{"href":"https:\/\/cmykprinted.com\/sv\/wp-json\/wp\/v2\/media?parent=723"}],"wp:term":[{"taxonomy":"product_cat","embeddable":true,"href":"https:\/\/cmykprinted.com\/sv\/wp-json\/wp\/v2\/product_cat?post=723"},{"taxonomy":"product_tag","embeddable":true,"href":"https:\/\/cmykprinted.com\/sv\/wp-json\/wp\/v2\/product_tag?post=723"}],"curies":[{"name":"wp","href":"https:\/\/api.w.org\/{rel}","templated":true}]}}