{"id":733,"date":"2022-12-30T03:56:29","date_gmt":"2022-12-30T03:56:29","guid":{"rendered":"https:\/\/cmykprinted.com\/?post_type=product&#038;p=733"},"modified":"2022-12-30T04:21:48","modified_gmt":"2022-12-30T04:21:48","slug":"promotional-triangle-pop-up-banners-a-frame-pop-out-banners","status":"publish","type":"product","link":"https:\/\/cmykprinted.com\/sv\/produkt\/promotional-triangle-pop-up-banners-a-frame-pop-out-banners\/","title":{"rendered":"Reklamtriangel popup-banners A-frame pop-out-banners"},"content":{"rendered":"","protected":false},"excerpt":{"rendered":"<p>Triangel popup-banners \u00e4r ett m\u00e5ngsidigt och i\u00f6gonfallande s\u00e4tt att marknadsf\u00f6ra ditt f\u00f6retag eller varum\u00e4rke. De \u00e4r designade f\u00f6r att l\u00e4tt kunna st\u00e4llas upp och tas ner, vilket g\u00f6r dem perfekta f\u00f6r anv\u00e4ndning p\u00e5 m\u00e4ssor, konferenser och andra evenemang. Dessa banderoller \u00e4r gjorda av slitstarkt persikoskinnstyg och \u00e4r l\u00e4tta och l\u00e4tta att transportera, och de kommer med en praktisk b\u00e4rv\u00e4ska f\u00f6r f\u00f6rvaring.<br \/>\nF\u00f6rutom att de \u00e4r l\u00e4tta att anv\u00e4nda \u00e4r v\u00e5ra triangel-popup-banners ocks\u00e5 mycket effektiva f\u00f6r att v\u00e4cka uppm\u00e4rksamhet. Oavsett om du vill marknadsf\u00f6ra en ny produktlansering, en rea eller ett kommande evenemang \u00e4r dessa banners ett utm\u00e4rkt s\u00e4tt att f\u00e5 folk intresserade av ditt f\u00f6retag. De kan anv\u00e4ndas b\u00e5de inomhus och utomhus, och deras fj\u00e4dermetallst\u00e5l och pinnar g\u00f6r dem l\u00e4tta att montera och demontera.<br \/>\nOm du letar efter ett s\u00e4tt att ta ditt f\u00f6retags reklam till n\u00e4sta niv\u00e5, \u00f6verv\u00e4g att investera i en triangel popup-banner. De \u00e4r ett bra s\u00e4tt att uppm\u00e4rksamma ditt f\u00f6retag och g\u00f6ra ett best\u00e5ende intryck p\u00e5 potentiella kunder. Och med v\u00e5r omfattande installationsmanual har du allt du beh\u00f6ver f\u00f6r att enkelt st\u00e4lla in och ta ner din banner. S\u00e5 dessa banderoller \u00e4r det perfekta valet f\u00f6r alla f\u00f6retag som vill g\u00f6ra ett st\u00e4nk vid sitt n\u00e4sta evenemang eller konferens.<\/p>\n<div style=\"width: 1280px;\" class=\"wp-video\"><!--[if lt IE 9]><script>document.createElement('video');<\/script><![endif]--><br \/>\n<video class=\"wp-video-shortcode\" id=\"video-733-1\" width=\"1280\" height=\"720\" loop autoplay preload=\"metadata\" controls=\"controls\"><source type=\"video\/mp4\" src=\"http:\/\/cmykprinted.com\/wp-content\/uploads\/2022\/12\/Triangle-Pop-Up-Banners.mp4?_=1\" \/><a href=\"http:\/\/cmykprinted.com\/wp-content\/uploads\/2022\/12\/Triangle-Pop-Up-Banners.mp4\">http:\/\/cmykprinted.com\/wp-content\/uploads\/2022\/12\/Triangle-Pop-Up-Banners.mp4<\/a><\/video><\/div>","protected":false},"featured_media":734,"template":"","meta":{"_kad_post_transparent":"default","_kad_post_title":"hide","_kad_post_layout":"fullwidth","_kad_post_sidebar_id":"","_kad_post_content_style":"unboxed","_kad_post_vertical_padding":"hide","_kad_post_feature":"hide","_kad_post_feature_position":"","_kad_post_header":false,"_kad_post_footer":false},"product_cat":[92,95],"product_tag":[193,194,128,195,192],"class_list":{"0":"post-733","1":"product","2":"type-product","3":"status-publish","4":"has-post-thumbnail","6":"product_cat-pop-up-banners","7":"product_cat-triangle-pop-up-banners","8":"product_tag-a-frame-pop-out-banners","9":"product_tag-pop-out-banners","10":"product_tag-pop-up-banner","11":"product_tag-promotional-pop-up-banners","12":"product_tag-triangle-pop-up-banner","14":"first","15":"instock","16":"shipping-taxable","17":"product-type-simple","18":"entry","19":"content-bg","20":"loop-entry"},"_links":{"self":[{"href":"https:\/\/cmykprinted.com\/sv\/wp-json\/wp\/v2\/product\/733","targetHints":{"allow":["GET"]}}],"collection":[{"href":"https:\/\/cmykprinted.com\/sv\/wp-json\/wp\/v2\/product"}],"about":[{"href":"https:\/\/cmykprinted.com\/sv\/wp-json\/wp\/v2\/types\/product"}],"version-history":[{"count":3,"href":"https:\/\/cmykprinted.com\/sv\/wp-json\/wp\/v2\/product\/733\/revisions"}],"predecessor-version":[{"id":743,"href":"https:\/\/cmykprinted.com\/sv\/wp-json\/wp\/v2\/product\/733\/revisions\/743"}],"wp:featuredmedia":[{"embeddable":true,"href":"https:\/\/cmykprinted.com\/sv\/wp-json\/wp\/v2\/media\/734"}],"wp:attachment":[{"href":"https:\/\/cmykprinted.com\/sv\/wp-json\/wp\/v2\/media?parent=733"}],"wp:term":[{"taxonomy":"product_cat","embeddable":true,"href":"https:\/\/cmykprinted.com\/sv\/wp-json\/wp\/v2\/product_cat?post=733"},{"taxonomy":"product_tag","embeddable":true,"href":"https:\/\/cmykprinted.com\/sv\/wp-json\/wp\/v2\/product_tag?post=733"}],"curies":[{"name":"wp","href":"https:\/\/api.w.org\/{rel}","templated":true}]}}