{"id":744,"date":"2022-12-30T08:55:17","date_gmt":"2022-12-30T08:55:17","guid":{"rendered":"https:\/\/cmykprinted.com\/?post_type=product&#038;p=744"},"modified":"2022-12-30T12:44:27","modified_gmt":"2022-12-30T12:44:27","slug":"straight-tension-fabric-backdrop-media-wall-wholesale-price","status":"publish","type":"product","link":"https:\/\/cmykprinted.com\/sv\/produkt\/straight-tension-fabric-backdrop-media-wall-wholesale-price\/","title":{"rendered":"Rak sp\u00e4nningstyg bakgrundsmedia v\u00e4gg grossistpris"},"content":{"rendered":"","protected":false},"excerpt":{"rendered":"<p>V\u00e5r b\u00e4sts\u00e4ljande raka tygbakgrund \u00e4r m\u00e5ngsidig och l\u00e4mpar sig f\u00f6r en m\u00e4ngd olika \u00e4ndam\u00e5l, inklusive anv\u00e4ndning som studiobakgrund, scen- eller eventbakgrund, photobooth-bakgrund, presskonferensbakgrund, prisutdelningsbakgrund och r\u00f6da mattanbakgrund. Med m\u00f6jligheten att inkludera tv\u00e5 olika designs p\u00e5 samma banner kan du maximera ditt v\u00e4rde och bekv\u00e4mligheten med transport. Bakgrunden i stretchtyget \u00e4r gjord av robust och flexibel 100% maskintv\u00e4ttbar polyester, tryckt med v\u00e5r anpassade tygtrycksprocess, vilket s\u00e4kerst\u00e4ller att din design f\u00f6rblir levande och klar \u00e4ven efter flera tv\u00e4ttar och under alla v\u00e4derf\u00f6rh\u00e5llanden. V\u00e5r tryckprocess \u00e4r ocks\u00e5 eko-l\u00f6sningsmedel, med helt naturliga, biologiskt nedbrytbara l\u00f6sningsmedel som \u00e4r mindre h\u00e5rda och s\u00e4krare f\u00f6r kroppen. Den l\u00e4tta och starka aluminiumramen \u00e4r designad f\u00f6r att st\u00f6dja tygets str\u00e4ckning under en l\u00e4ngre tidsperiod, och den kommer med sn\u00e4ppl\u00e5sr\u00f6r f\u00f6r enkel och snabb installation utan behov av extra verktyg. Stativet \u00e4r justerbart till din \u00f6nskade storlek, och det kommer med ett rullande h\u00e5rt fodral f\u00f6r enkel b\u00e4rbarhet. Den raka tygbakgrunden skickas inom fyra till fem arbetsdagar utan kostnad.<\/p>\n<div style=\"width: 1280px;\" class=\"wp-video\"><!--[if lt IE 9]><script>document.createElement('video');<\/script><![endif]--><br \/>\n<video class=\"wp-video-shortcode\" id=\"video-744-1\" width=\"1280\" height=\"720\" loop autoplay preload=\"auto\" controls=\"controls\"><source type=\"video\/mp4\" src=\"http:\/\/cmykprinted.com\/wp-content\/uploads\/2022\/12\/Straight-Tension-Fabric-Backdrop.mp4?_=1\" \/><a href=\"http:\/\/cmykprinted.com\/wp-content\/uploads\/2022\/12\/Straight-Tension-Fabric-Backdrop.mp4\">http:\/\/cmykprinted.com\/wp-content\/uploads\/2022\/12\/Straight-Tension-Fabric-Backdrop.mp4<\/a><\/video><\/div>","protected":false},"featured_media":745,"template":"","meta":{"_kad_post_transparent":"default","_kad_post_title":"hide","_kad_post_layout":"fullwidth","_kad_post_sidebar_id":"","_kad_post_content_style":"unboxed","_kad_post_vertical_padding":"hide","_kad_post_feature":"hide","_kad_post_feature_position":"","_kad_post_header":false,"_kad_post_footer":false},"product_cat":[97,100],"product_tag":[196,197,198],"class_list":{"0":"post-744","1":"product","2":"type-product","3":"status-publish","4":"has-post-thumbnail","6":"product_cat-tension-fabric-displays","7":"product_cat-straight-tension-fabric-backdrop","8":"product_tag-straight-tension-fabric-backdrop","9":"product_tag-tension-fabric-backdrop","10":"product_tag-tension-fabric-media-wall","12":"first","13":"instock","14":"shipping-taxable","15":"product-type-simple","16":"entry","17":"content-bg","18":"loop-entry"},"_links":{"self":[{"href":"https:\/\/cmykprinted.com\/sv\/wp-json\/wp\/v2\/product\/744","targetHints":{"allow":["GET"]}}],"collection":[{"href":"https:\/\/cmykprinted.com\/sv\/wp-json\/wp\/v2\/product"}],"about":[{"href":"https:\/\/cmykprinted.com\/sv\/wp-json\/wp\/v2\/types\/product"}],"version-history":[{"count":4,"href":"https:\/\/cmykprinted.com\/sv\/wp-json\/wp\/v2\/product\/744\/revisions"}],"predecessor-version":[{"id":750,"href":"https:\/\/cmykprinted.com\/sv\/wp-json\/wp\/v2\/product\/744\/revisions\/750"}],"wp:featuredmedia":[{"embeddable":true,"href":"https:\/\/cmykprinted.com\/sv\/wp-json\/wp\/v2\/media\/745"}],"wp:attachment":[{"href":"https:\/\/cmykprinted.com\/sv\/wp-json\/wp\/v2\/media?parent=744"}],"wp:term":[{"taxonomy":"product_cat","embeddable":true,"href":"https:\/\/cmykprinted.com\/sv\/wp-json\/wp\/v2\/product_cat?post=744"},{"taxonomy":"product_tag","embeddable":true,"href":"https:\/\/cmykprinted.com\/sv\/wp-json\/wp\/v2\/product_tag?post=744"}],"curies":[{"name":"wp","href":"https:\/\/api.w.org\/{rel}","templated":true}]}}