{"id":751,"date":"2022-12-30T12:03:52","date_gmt":"2022-12-30T12:03:52","guid":{"rendered":"https:\/\/cmykprinted.com\/?post_type=product&#038;p=751"},"modified":"2022-12-30T12:39:33","modified_gmt":"2022-12-30T12:39:33","slug":"multipurpose-wholesale-adhesive-uv-transfer-stickers-labels","status":"publish","type":"product","link":"https:\/\/cmykprinted.com\/sv\/produkt\/multipurpose-wholesale-adhesive-uv-transfer-stickers-labels\/","title":{"rendered":"Multipurpose sj\u00e4lvh\u00e4ftande UV-\u00f6verf\u00f6ringsetiketter i grossistledet"},"content":{"rendered":"","protected":false},"excerpt":{"rendered":"<p>UV-\u00f6verf\u00f6ringsklisterm\u00e4rken med 3D-stereoeffekt l\u00e5ter dig skapa anpassade m\u00f6nster med dina egna m\u00f6nster, logotyper och text. Dessa klisterm\u00e4rken \u00e4r gjorda av UV-transferpasta, som \u00e4r k\u00e4nt f\u00f6r sina starka vidh\u00e4ftande egenskaper och vattent\u00e4ta egenskaper. Den \u00e4r ocks\u00e5 resistent mot repor, vilket g\u00f6r den till ett h\u00e5llbart och l\u00e5ngvarigt val f\u00f6r olika ytor. Det \u00e4r dock viktigt att notera att dessa klisterm\u00e4rken inte b\u00f6r uts\u00e4ttas f\u00f6r varmvatten eller uppv\u00e4rmning, eftersom det kan p\u00e5verka deras klibbighet.<br \/>\nDessa klisterm\u00e4rken kan anv\u00e4ndas p\u00e5 ett brett utbud av ytor, inklusive metall, plast, glas, m\u00e5lade ytor, b\u00f6cker, kartong, tr\u00e4, kartonger, hartsmaterial, keramiska material, h\u00e5rda p\u00e4rmar, pennor, trof\u00e9er, flaskor, termosar, anteckningsblock, pendrives och annat smidigt material. De kan till och med appliceras p\u00e5 din bil, s\u00e5 l\u00e4nge som ytan \u00e4r ren f\u00f6re anv\u00e4ndning.<br \/>\nDessutom kan dessa klisterm\u00e4rken skr\u00e4ddarsys till vilken form du \u00f6nskar, med hj\u00e4lp av en process som kallas stansning eller kysssk\u00e4rning. Detta g\u00f6r att du kan skapa unika och personliga klisterm\u00e4rken som kan anv\u00e4ndas f\u00f6r en m\u00e4ngd olika \u00e4ndam\u00e5l, s\u00e5som varum\u00e4rke, marknadsf\u00f6ring eller personligt uttryck. S\u00e5 dessa klisterm\u00e4rken \u00e4r mycket m\u00e5ngsidiga och kan anv\u00e4ndas i en m\u00e4ngd olika applikationer.<\/p>\n<div style=\"width: 1280px;\" class=\"wp-video\"><!--[if lt IE 9]><script>document.createElement('video');<\/script><![endif]--><br \/>\n<video class=\"wp-video-shortcode\" id=\"video-751-1\" width=\"1280\" height=\"720\" loop autoplay preload=\"auto\" controls=\"controls\"><source type=\"video\/mp4\" src=\"http:\/\/cmykprinted.com\/wp-content\/uploads\/2022\/12\/UV-transfer-stickers.mp4?_=1\" \/><a href=\"http:\/\/cmykprinted.com\/wp-content\/uploads\/2022\/12\/UV-transfer-stickers.mp4\">http:\/\/cmykprinted.com\/wp-content\/uploads\/2022\/12\/UV-transfer-stickers.mp4<\/a><\/video><\/div>","protected":false},"featured_media":752,"template":"","meta":{"_kad_post_transparent":"default","_kad_post_title":"hide","_kad_post_layout":"fullwidth","_kad_post_sidebar_id":"","_kad_post_content_style":"unboxed","_kad_post_vertical_padding":"hide","_kad_post_feature":"hide","_kad_post_feature_position":"","_kad_post_header":false,"_kad_post_footer":false},"product_cat":[101,103],"product_tag":[202,200,199,138,201],"class_list":{"0":"post-751","1":"product","2":"type-product","3":"status-publish","4":"has-post-thumbnail","6":"product_cat-transfer-stickers","7":"product_cat-uv-transfer-stickers","8":"product_tag-adhesive-transfer-stickers","9":"product_tag-multipurpose-transfer-stickers","10":"product_tag-uv-transfer-labels","11":"product_tag-uv-transfer-stickers","12":"product_tag-wholesale-transfer-stickers","14":"first","15":"instock","16":"shipping-taxable","17":"product-type-simple","18":"entry","19":"content-bg","20":"loop-entry"},"_links":{"self":[{"href":"https:\/\/cmykprinted.com\/sv\/wp-json\/wp\/v2\/product\/751","targetHints":{"allow":["GET"]}}],"collection":[{"href":"https:\/\/cmykprinted.com\/sv\/wp-json\/wp\/v2\/product"}],"about":[{"href":"https:\/\/cmykprinted.com\/sv\/wp-json\/wp\/v2\/types\/product"}],"version-history":[{"count":3,"href":"https:\/\/cmykprinted.com\/sv\/wp-json\/wp\/v2\/product\/751\/revisions"}],"predecessor-version":[{"id":761,"href":"https:\/\/cmykprinted.com\/sv\/wp-json\/wp\/v2\/product\/751\/revisions\/761"}],"wp:featuredmedia":[{"embeddable":true,"href":"https:\/\/cmykprinted.com\/sv\/wp-json\/wp\/v2\/media\/752"}],"wp:attachment":[{"href":"https:\/\/cmykprinted.com\/sv\/wp-json\/wp\/v2\/media?parent=751"}],"wp:term":[{"taxonomy":"product_cat","embeddable":true,"href":"https:\/\/cmykprinted.com\/sv\/wp-json\/wp\/v2\/product_cat?post=751"},{"taxonomy":"product_tag","embeddable":true,"href":"https:\/\/cmykprinted.com\/sv\/wp-json\/wp\/v2\/product_tag?post=751"}],"curies":[{"name":"wp","href":"https:\/\/api.w.org\/{rel}","templated":true}]}}