{"id":791,"date":"2022-12-31T06:57:00","date_gmt":"2022-12-31T06:57:00","guid":{"rendered":"https:\/\/cmykprinted.com\/?post_type=product&#038;p=791"},"modified":"2022-12-31T07:06:35","modified_gmt":"2022-12-31T07:06:35","slug":"wall-mounted-promotional-flags-end-sign-flags-custom-printed","status":"publish","type":"product","link":"https:\/\/cmykprinted.com\/sv\/produkt\/wall-mounted-promotional-flags-end-sign-flags-custom-printed\/","title":{"rendered":"V\u00e4ggmonterade reklamflaggor Slutskylt Flaggor anpassade tryckta"},"content":{"rendered":"","protected":false},"excerpt":{"rendered":"<p>V\u00e5ra v\u00e4ggmonterade reklamflaggor \u00e4r tryckta p\u00e5 tufft, slitstarkt PVC-bannermaterial och behandlade med UV-bl\u00e4ck f\u00f6r l\u00e5ng livsl\u00e4ngd utomhus. Dessa flaggor \u00e4r 430 mm breda och 355 mm p\u00e5 ena sidan och 560 mm p\u00e5 den andra. De \u00e4r tillverkade av stark men \u00e4nd\u00e5 flexibel vit PVC och har en 750 mm l\u00e5ng flaggst\u00e5ng. Den avsmalnande fattningen s\u00e4kerst\u00e4ller ett s\u00e4kert grepp om st\u00e5ngen och f\u00f6rhindrar att flaggan tappas bort i bl\u00e5siga f\u00f6rh\u00e5llanden. Dessa flaggor kan enkelt skruvas fast p\u00e5 v\u00e4ggar och levereras med ett kit som inneh\u00e5ller ett polypropenf\u00e4ste, PVC-st\u00e5ng, finial och krage. Vi erbjuder \u00e4ven vanliga &quot;Display Flags&quot; gjorda av 780gsm f\u00f6rst\u00e4rkt ljusblock PVC som \u00e4r l\u00e4mpliga f\u00f6r vinylapplikationer och kan skrivas ut p\u00e5 best\u00e4llning. Skr\u00e4ddarsydda flaggor finns ocks\u00e5 tillg\u00e4ngliga. Alla v\u00e5ra flaggor \u00e4r gjorda med superstyrka media och polyesters\u00f6mmar av marina kvalitet f\u00f6r b\u00e4sta utomhusprestanda.<\/p>","protected":false},"featured_media":792,"template":"","meta":{"_kad_post_transparent":"default","_kad_post_title":"hide","_kad_post_layout":"fullwidth","_kad_post_sidebar_id":"","_kad_post_content_style":"unboxed","_kad_post_vertical_padding":"hide","_kad_post_feature":"hide","_kad_post_feature_position":"","_kad_post_header":false,"_kad_post_footer":false},"product_cat":[79],"product_tag":[215,213,214,212],"class_list":{"0":"post-791","1":"product","2":"type-product","3":"status-publish","4":"has-post-thumbnail","6":"product_cat-custom-flags","7":"product_tag-custom-promotional-flags","8":"product_tag-end-sign-flags","9":"product_tag-promotional-flags","10":"product_tag-wall-mounted-promotional-flags","12":"first","13":"instock","14":"shipping-taxable","15":"product-type-simple","16":"entry","17":"content-bg","18":"loop-entry"},"_links":{"self":[{"href":"https:\/\/cmykprinted.com\/sv\/wp-json\/wp\/v2\/product\/791","targetHints":{"allow":["GET"]}}],"collection":[{"href":"https:\/\/cmykprinted.com\/sv\/wp-json\/wp\/v2\/product"}],"about":[{"href":"https:\/\/cmykprinted.com\/sv\/wp-json\/wp\/v2\/types\/product"}],"version-history":[{"count":3,"href":"https:\/\/cmykprinted.com\/sv\/wp-json\/wp\/v2\/product\/791\/revisions"}],"predecessor-version":[{"id":799,"href":"https:\/\/cmykprinted.com\/sv\/wp-json\/wp\/v2\/product\/791\/revisions\/799"}],"wp:featuredmedia":[{"embeddable":true,"href":"https:\/\/cmykprinted.com\/sv\/wp-json\/wp\/v2\/media\/792"}],"wp:attachment":[{"href":"https:\/\/cmykprinted.com\/sv\/wp-json\/wp\/v2\/media?parent=791"}],"wp:term":[{"taxonomy":"product_cat","embeddable":true,"href":"https:\/\/cmykprinted.com\/sv\/wp-json\/wp\/v2\/product_cat?post=791"},{"taxonomy":"product_tag","embeddable":true,"href":"https:\/\/cmykprinted.com\/sv\/wp-json\/wp\/v2\/product_tag?post=791"}],"curies":[{"name":"wp","href":"https:\/\/api.w.org\/{rel}","templated":true}]}}