{"id":810,"date":"2022-12-31T13:39:50","date_gmt":"2022-12-31T13:39:50","guid":{"rendered":"https:\/\/cmykprinted.com\/?post_type=product&#038;p=810"},"modified":"2022-12-31T13:53:52","modified_gmt":"2022-12-31T13:53:52","slug":"durable-custom-printed-outdoor-scrim-glossy-vinyl-banner","status":"publish","type":"product","link":"https:\/\/cmykprinted.com\/sv\/produkt\/durable-custom-printed-outdoor-scrim-glossy-vinyl-banner\/","title":{"rendered":"Slitstark specialtryckt utomhusbanderoll med glansig vinyl"},"content":{"rendered":"","protected":false},"excerpt":{"rendered":"<p>V\u00e5ra gl\u00e4nsande vinylbanderoller \u00e4r l\u00e4mpliga f\u00f6r b\u00e5de inomhus- och utomhusbruk, eftersom de \u00e4r blekningsbest\u00e4ndiga, rivbest\u00e4ndiga och vindbest\u00e4ndiga. De \u00e4r ocks\u00e5 mycket kostnadseffektiva, vilket g\u00f6r dem till ett utm\u00e4rkt val f\u00f6r dem som har en budget. Vinylmaterialet som anv\u00e4nds i dessa banderoller \u00e4r ljust och gl\u00e4nsande, vilket hj\u00e4lper till att g\u00f6ra f\u00e4rgerna i din design mer levande och i\u00f6gonfallande. Dessutom hj\u00e4lper den ultrasl\u00e4ta bokst\u00e4verytan p\u00e5 dessa banderoller att ge din grafik liv.<br \/>\nV\u00e5ra gl\u00e4nsande vinylbanderoller \u00e4r ett popul\u00e4rt val f\u00f6r utomhusevenemang, som fotbollsmatcher, d\u00e4r de kan h\u00e4ngas l\u00e4ngs staketet eller v\u00e4ggen som omger planen f\u00f6r att visa upp lagets sponsorer. De \u00e4r ocks\u00e5 ett utm\u00e4rkt val f\u00f6r sl\u00e4kttr\u00e4ffar, f\u00f6retagspicknickar och andra utomhussammankomster, eftersom de enkelt kan h\u00e4ngas upp mellan tv\u00e5 tr\u00e4d f\u00f6r att skapa en levande och prisv\u00e4rd visning. Oavsett vilket tillf\u00e4lle kommer v\u00e5ra glansiga vinylbanderoller att g\u00f6ra ditt evenemang speciellt.<\/p>\n<div style=\"width: 1290px;\" class=\"wp-video\"><!--[if lt IE 9]><script>document.createElement('video');<\/script><![endif]--><br \/>\n<video class=\"wp-video-shortcode\" id=\"video-810-1\" width=\"1290\" height=\"726\" loop autoplay preload=\"auto\" controls=\"controls\"><source type=\"video\/mp4\" src=\"http:\/\/cmykprinted.com\/wp-content\/uploads\/2022\/12\/vinyl-PVC-banners.mp4?_=1\" \/><a href=\"http:\/\/cmykprinted.com\/wp-content\/uploads\/2022\/12\/vinyl-PVC-banners.mp4\">http:\/\/cmykprinted.com\/wp-content\/uploads\/2022\/12\/vinyl-PVC-banners.mp4<\/a><\/video><\/div>\n<p>&nbsp;<\/p>","protected":false},"featured_media":811,"template":"","meta":{"_kad_post_transparent":"default","_kad_post_title":"hide","_kad_post_layout":"fullwidth","_kad_post_sidebar_id":"","_kad_post_content_style":"unboxed","_kad_post_vertical_padding":"hide","_kad_post_feature":"hide","_kad_post_feature_position":"","_kad_post_header":false,"_kad_post_footer":false},"product_cat":[85,90,91,89],"product_tag":[221,220,219,222],"class_list":{"0":"post-810","1":"product","2":"type-product","3":"status-publish","4":"has-post-thumbnail","6":"product_cat-outdoor-vinyl-banners","7":"product_cat-glossy-pvc-banners","8":"product_cat-matte-vinyl-banners","9":"product_cat-pvc-banners","10":"product_tag-custom-vinyl-banner","11":"product_tag-durable-vinyl-banner","12":"product_tag-glossy-vinyl-banner","13":"product_tag-outdoor-vinyl-banner","15":"first","16":"instock","17":"shipping-taxable","18":"product-type-simple","19":"entry","20":"content-bg","21":"loop-entry"},"_links":{"self":[{"href":"https:\/\/cmykprinted.com\/sv\/wp-json\/wp\/v2\/product\/810","targetHints":{"allow":["GET"]}}],"collection":[{"href":"https:\/\/cmykprinted.com\/sv\/wp-json\/wp\/v2\/product"}],"about":[{"href":"https:\/\/cmykprinted.com\/sv\/wp-json\/wp\/v2\/types\/product"}],"version-history":[{"count":2,"href":"https:\/\/cmykprinted.com\/sv\/wp-json\/wp\/v2\/product\/810\/revisions"}],"predecessor-version":[{"id":817,"href":"https:\/\/cmykprinted.com\/sv\/wp-json\/wp\/v2\/product\/810\/revisions\/817"}],"wp:featuredmedia":[{"embeddable":true,"href":"https:\/\/cmykprinted.com\/sv\/wp-json\/wp\/v2\/media\/811"}],"wp:attachment":[{"href":"https:\/\/cmykprinted.com\/sv\/wp-json\/wp\/v2\/media?parent=810"}],"wp:term":[{"taxonomy":"product_cat","embeddable":true,"href":"https:\/\/cmykprinted.com\/sv\/wp-json\/wp\/v2\/product_cat?post=810"},{"taxonomy":"product_tag","embeddable":true,"href":"https:\/\/cmykprinted.com\/sv\/wp-json\/wp\/v2\/product_tag?post=810"}],"curies":[{"name":"wp","href":"https:\/\/api.w.org\/{rel}","templated":true}]}}