{"id":818,"date":"2022-12-31T14:04:19","date_gmt":"2022-12-31T14:04:19","guid":{"rendered":"https:\/\/cmykprinted.com\/?post_type=product&#038;p=818"},"modified":"2022-12-31T14:16:24","modified_gmt":"2022-12-31T14:16:24","slug":"vertical-pop-up-banners-for-promotional-outdoor-advertising","status":"publish","type":"product","link":"https:\/\/cmykprinted.com\/sv\/produkt\/vertical-pop-up-banners-for-promotional-outdoor-advertising\/","title":{"rendered":"Vertikala popup-banners f\u00f6r reklam utomhusreklam"},"content":{"rendered":"","protected":false},"excerpt":{"rendered":"<p>Vertikala popup-banderoller \u00e4r ett utm\u00e4rkt alternativ till traditionella A-ramdesigner, eftersom de erbjuder mycket mer utskrivbar yta. Dessa banderoller \u00e4r designade f\u00f6r att vara l\u00e4tta att transportera, s\u00e4tta upp och ta ner, vilket g\u00f6r dem till ett bekv\u00e4mt val f\u00f6r evenemang, m\u00e4ssor och andra tillf\u00e4llen. De \u00e4r ocks\u00e5 l\u00e4mpliga f\u00f6r b\u00e5de inomhus- och utomhusbruk och kommer med fyra markspetsar f\u00f6r \u00f6kad stabilitet.<br \/>\nEn av de viktigaste f\u00f6rdelarna med vertikala popup-banners \u00e4r att de \u00e4r en enhet i ett stycke, vilket inneb\u00e4r att stativet och grafiken kombineras i en enda enhet. Detta g\u00f6r dem l\u00e4tta att flytta och transportera, eftersom du inte beh\u00f6ver oroa dig f\u00f6r separata delar. Sj\u00e4lva grafiken \u00e4r tryckt p\u00e5 ett h\u00f6gkvalitativt polysatintyg, som \u00e4r sl\u00e4tt, h\u00e5llbart och l\u00e4tt att vika f\u00f6r frakt.<br \/>\nDet finns en m\u00e4ngd olika storlekar tillg\u00e4ngliga i varje konfiguration, s\u00e5 du kan v\u00e4lja den som b\u00e4st passar dina behov. Dessutom ing\u00e5r alltid en anpassad b\u00e4rv\u00e4ska, vilket g\u00f6r det enkelt att f\u00f6rvara och transportera din banderoll fr\u00e5n ett evenemang till ett annat. Sammantaget \u00e4r vertikala popup-banners ett m\u00e5ngsidigt, bekv\u00e4mt och effektivt s\u00e4tt att visa ditt varum\u00e4rke eller budskap p\u00e5 ett stort s\u00e4tt.<\/p>\n<div style=\"width: 1290px;\" class=\"wp-video\"><!--[if lt IE 9]><script>document.createElement('video');<\/script><![endif]--><br \/>\n<video class=\"wp-video-shortcode\" id=\"video-818-1\" width=\"1290\" height=\"726\" loop autoplay preload=\"auto\" controls=\"controls\"><source type=\"video\/mp4\" src=\"http:\/\/cmykprinted.com\/wp-content\/uploads\/2022\/12\/horizontal-pop-up-banners.mp4?_=1\" \/><a href=\"http:\/\/cmykprinted.com\/wp-content\/uploads\/2022\/12\/horizontal-pop-up-banners.mp4\">http:\/\/cmykprinted.com\/wp-content\/uploads\/2022\/12\/horizontal-pop-up-banners.mp4<\/a><\/video><\/div>\n<p>&nbsp;<\/p>","protected":false},"featured_media":819,"template":"","meta":{"_kad_post_transparent":"default","_kad_post_title":"hide","_kad_post_layout":"fullwidth","_kad_post_sidebar_id":"","_kad_post_content_style":"unboxed","_kad_post_vertical_padding":"hide","_kad_post_feature":"hide","_kad_post_feature_position":"","_kad_post_header":false,"_kad_post_footer":false},"product_cat":[92,96],"product_tag":[224,167,225,166,195,223],"class_list":{"0":"post-818","1":"product","2":"type-product","3":"status-publish","4":"has-post-thumbnail","6":"product_cat-pop-up-banners","7":"product_cat-vertical-pop-up-banners","8":"product_tag-advertising-pop-up-banners","9":"product_tag-custom-pop-up-banners","10":"product_tag-outdoor-pop-up-banners","11":"product_tag-pop-up-banners","12":"product_tag-promotional-pop-up-banners","13":"product_tag-vertical-pop-up-banners","15":"first","16":"instock","17":"shipping-taxable","18":"product-type-simple","19":"entry","20":"content-bg","21":"loop-entry"},"_links":{"self":[{"href":"https:\/\/cmykprinted.com\/sv\/wp-json\/wp\/v2\/product\/818","targetHints":{"allow":["GET"]}}],"collection":[{"href":"https:\/\/cmykprinted.com\/sv\/wp-json\/wp\/v2\/product"}],"about":[{"href":"https:\/\/cmykprinted.com\/sv\/wp-json\/wp\/v2\/types\/product"}],"version-history":[{"count":1,"href":"https:\/\/cmykprinted.com\/sv\/wp-json\/wp\/v2\/product\/818\/revisions"}],"predecessor-version":[{"id":825,"href":"https:\/\/cmykprinted.com\/sv\/wp-json\/wp\/v2\/product\/818\/revisions\/825"}],"wp:featuredmedia":[{"embeddable":true,"href":"https:\/\/cmykprinted.com\/sv\/wp-json\/wp\/v2\/media\/819"}],"wp:attachment":[{"href":"https:\/\/cmykprinted.com\/sv\/wp-json\/wp\/v2\/media?parent=818"}],"wp:term":[{"taxonomy":"product_cat","embeddable":true,"href":"https:\/\/cmykprinted.com\/sv\/wp-json\/wp\/v2\/product_cat?post=818"},{"taxonomy":"product_tag","embeddable":true,"href":"https:\/\/cmykprinted.com\/sv\/wp-json\/wp\/v2\/product_tag?post=818"}],"curies":[{"name":"wp","href":"https:\/\/api.w.org\/{rel}","templated":true}]}}