{"id":826,"date":"2022-12-31T14:33:36","date_gmt":"2022-12-31T14:33:36","guid":{"rendered":"https:\/\/cmykprinted.com\/?post_type=product&#038;p=826"},"modified":"2023-02-12T15:14:20","modified_gmt":"2023-02-12T15:14:20","slug":"formulate-exhibition-curved-fabric-display-stand-backdrop","status":"publish","type":"product","link":"https:\/\/cmykprinted.com\/sv\/produkt\/formulate-exhibition-curved-fabric-display-stand-backdrop\/","title":{"rendered":"Formulera utst\u00e4llningsb\u00f6jd tygdisplaybakgrund"},"content":{"rendered":"","protected":false},"excerpt":{"rendered":"<p>B\u00f6jt tygdisplayst\u00e4ll \u00e4r ett enast\u00e5ende alternativ f\u00f6r att skapa en visuellt sl\u00e5ende display. Den har en enda h\u00f6guppl\u00f6st bild utan n\u00e5gra synliga sammanfogningslinjer. Monteringen \u00e4r enkel \u2013 klipp helt enkelt ihop den l\u00e4tta aluminiumramen och str\u00e4ck det tryckta tyget \u00f6ver den. N\u00e4r du \u00e4r klar med den tar du bara ner den, f\u00e4ller ihop den och f\u00f6rvarar den i v\u00e4skan f\u00f6r enkel transport. Dessa montrar \u00e4r mycket bekv\u00e4mare att f\u00f6rvara och transportera j\u00e4mf\u00f6rt med traditionella pop-up utst\u00e4llningsmontrar. F\u00f6rutom att vara ett popul\u00e4rt val f\u00f6r konferenser och evenemang, g\u00f6r de ocks\u00e5 utm\u00e4rkta fotografiska bakgrunder och scenbakgrunder. Tyget \u00e4r tryckt p\u00e5 b\u00e5da sidor som standard, vilket ger dig mer utrymme f\u00f6r dina meddelanden. Det \u00e4r ocks\u00e5 enkelt att skriva ut alternativa omslag f\u00f6r olika evenemang.<\/p>","protected":false},"featured_media":827,"template":"","meta":{"_kad_post_transparent":"default","_kad_post_title":"hide","_kad_post_layout":"fullwidth","_kad_post_sidebar_id":"","_kad_post_content_style":"unboxed","_kad_post_vertical_padding":"hide","_kad_post_feature":"hide","_kad_post_feature_position":"","_kad_post_header":false,"_kad_post_footer":false},"product_cat":[97,98],"product_tag":[228,226,227,229],"class_list":{"0":"post-826","1":"product","2":"type-product","3":"status-publish","4":"has-post-thumbnail","6":"product_cat-tension-fabric-displays","7":"product_cat-curved-tension-fabric-pop-up-displays","8":"product_tag-curved-backdrop","9":"product_tag-curved-fabric-display-stand","10":"product_tag-exhibition-curved-display-stand","11":"product_tag-formulate-curved-fabric-display","13":"first","14":"instock","15":"shipping-taxable","16":"product-type-simple","17":"entry","18":"content-bg","19":"loop-entry"},"_links":{"self":[{"href":"https:\/\/cmykprinted.com\/sv\/wp-json\/wp\/v2\/product\/826","targetHints":{"allow":["GET"]}}],"collection":[{"href":"https:\/\/cmykprinted.com\/sv\/wp-json\/wp\/v2\/product"}],"about":[{"href":"https:\/\/cmykprinted.com\/sv\/wp-json\/wp\/v2\/types\/product"}],"version-history":[{"count":1,"href":"https:\/\/cmykprinted.com\/sv\/wp-json\/wp\/v2\/product\/826\/revisions"}],"predecessor-version":[{"id":833,"href":"https:\/\/cmykprinted.com\/sv\/wp-json\/wp\/v2\/product\/826\/revisions\/833"}],"wp:featuredmedia":[{"embeddable":true,"href":"https:\/\/cmykprinted.com\/sv\/wp-json\/wp\/v2\/media\/827"}],"wp:attachment":[{"href":"https:\/\/cmykprinted.com\/sv\/wp-json\/wp\/v2\/media?parent=826"}],"wp:term":[{"taxonomy":"product_cat","embeddable":true,"href":"https:\/\/cmykprinted.com\/sv\/wp-json\/wp\/v2\/product_cat?post=826"},{"taxonomy":"product_tag","embeddable":true,"href":"https:\/\/cmykprinted.com\/sv\/wp-json\/wp\/v2\/product_tag?post=826"}],"curies":[{"name":"wp","href":"https:\/\/api.w.org\/{rel}","templated":true}]}}