{"id":834,"date":"2023-01-01T06:16:03","date_gmt":"2023-01-01T06:16:03","guid":{"rendered":"https:\/\/cmykprinted.com\/?post_type=product&#038;p=834"},"modified":"2023-01-01T06:28:27","modified_gmt":"2023-01-01T06:28:27","slug":"metallic-letters-labels-adhesive-3d-transfer-metal-sticker","status":"publish","type":"product","link":"https:\/\/cmykprinted.com\/sv\/produkt\/metallic-letters-labels-adhesive-3d-transfer-metal-sticker\/","title":{"rendered":"Metalliska bokst\u00e4ver Etiketter sj\u00e4lvh\u00e4ftande 3D Transfer Metal Sticker"},"content":{"rendered":"","protected":false},"excerpt":{"rendered":"<p>Med etiketter med metalliska bokst\u00e4ver kan du enkelt f\u00e5nga dina kunders uppm\u00e4rksamhet och dra in dem f\u00f6r att l\u00e4ra dig mer om vad du har att erbjuda. Dessa i\u00f6gonfallande klisterm\u00e4rken \u00e4r designade f\u00f6r att l\u00e4gga till visuell effekt p\u00e5 din produkt eller tj\u00e4nst, vilket g\u00f6r att den sticker ut fr\u00e5n konkurrenterna.<br \/>\nMed den senaste tekniken produceras dessa etiketter med gl\u00e4nsande f\u00e4rger i en rad gradienter och halvtoner, vilket ger dem ett gl\u00e4nsande och attraktivt utseende som \u00f6kar det upplevda v\u00e4rdet av ditt erbjudande. Oavsett om du \u00e4r i branschen f\u00f6r att s\u00e4lja produkter eller marknadsf\u00f6ra evenemang eller tj\u00e4nster, kommer dessa anpassade etiketter garanterat att f\u00e5nga din m\u00e5lgrupps uppm\u00e4rksamhet och hj\u00e4lpa dig att sticka ut p\u00e5 den fullsatta marknaden.<br \/>\nS\u00e5 varf\u00f6r v\u00e4nta? Investera i metalliska bokst\u00e4veretiketter idag och se n\u00e4r ditt f\u00f6retag tar fart till nya h\u00f6jder!<\/p>\n<div style=\"width: 1280px;\" class=\"wp-video\"><!--[if lt IE 9]><script>document.createElement('video');<\/script><![endif]--><br \/>\n<video class=\"wp-video-shortcode\" id=\"video-834-1\" width=\"1280\" height=\"720\" loop autoplay preload=\"metadata\" controls=\"controls\"><source type=\"video\/mp4\" src=\"http:\/\/cmykprinted.com\/wp-content\/uploads\/2022\/12\/Metal-Transfer-Sticker.mp4?_=1\" \/><a href=\"http:\/\/cmykprinted.com\/wp-content\/uploads\/2022\/12\/Metal-Transfer-Sticker.mp4\">http:\/\/cmykprinted.com\/wp-content\/uploads\/2022\/12\/Metal-Transfer-Sticker.mp4<\/a><\/video><\/div>\n<p>&nbsp;<\/p>","protected":false},"featured_media":835,"template":"","meta":{"_kad_post_transparent":"default","_kad_post_title":"hide","_kad_post_layout":"fullwidth","_kad_post_sidebar_id":"","_kad_post_content_style":"unboxed","_kad_post_vertical_padding":"hide","_kad_post_feature":"hide","_kad_post_feature_position":"","_kad_post_header":false,"_kad_post_footer":false},"product_cat":[101,102],"product_tag":[232,233,230,231],"class_list":{"0":"post-834","1":"product","2":"type-product","3":"status-publish","4":"has-post-thumbnail","6":"product_cat-transfer-stickers","7":"product_cat-metal-transfer-stickers","8":"product_tag-3d-transfer-sticker","9":"product_tag-adhesive-metal-sticker","10":"product_tag-metallic-letters-labels","11":"product_tag-transfer-metal-sticker","13":"first","14":"instock","15":"shipping-taxable","16":"product-type-simple","17":"entry","18":"content-bg","19":"loop-entry"},"_links":{"self":[{"href":"https:\/\/cmykprinted.com\/sv\/wp-json\/wp\/v2\/product\/834","targetHints":{"allow":["GET"]}}],"collection":[{"href":"https:\/\/cmykprinted.com\/sv\/wp-json\/wp\/v2\/product"}],"about":[{"href":"https:\/\/cmykprinted.com\/sv\/wp-json\/wp\/v2\/types\/product"}],"version-history":[{"count":1,"href":"https:\/\/cmykprinted.com\/sv\/wp-json\/wp\/v2\/product\/834\/revisions"}],"predecessor-version":[{"id":841,"href":"https:\/\/cmykprinted.com\/sv\/wp-json\/wp\/v2\/product\/834\/revisions\/841"}],"wp:featuredmedia":[{"embeddable":true,"href":"https:\/\/cmykprinted.com\/sv\/wp-json\/wp\/v2\/media\/835"}],"wp:attachment":[{"href":"https:\/\/cmykprinted.com\/sv\/wp-json\/wp\/v2\/media?parent=834"}],"wp:term":[{"taxonomy":"product_cat","embeddable":true,"href":"https:\/\/cmykprinted.com\/sv\/wp-json\/wp\/v2\/product_cat?post=834"},{"taxonomy":"product_tag","embeddable":true,"href":"https:\/\/cmykprinted.com\/sv\/wp-json\/wp\/v2\/product_tag?post=834"}],"curies":[{"name":"wp","href":"https:\/\/api.w.org\/{rel}","templated":true}]}}