{"id":842,"date":"2023-01-01T06:44:35","date_gmt":"2023-01-01T06:44:35","guid":{"rendered":"https:\/\/cmykprinted.com\/?post_type=product&#038;p=842"},"modified":"2023-01-01T06:50:35","modified_gmt":"2023-01-01T06:50:35","slug":"rectangle-flag-banners-with-custom-printing-fast-delivery","status":"publish","type":"product","link":"https:\/\/cmykprinted.com\/sv\/produkt\/rectangle-flag-banners-with-custom-printing-fast-delivery\/","title":{"rendered":"Rektangul\u00e4ra flaggbanderoller med specialtryck och snabb leverans"},"content":{"rendered":"","protected":false},"excerpt":{"rendered":"<p>Om du vill g\u00f6ra ett stort genomslag med din n\u00e4sta kampanj eller evenemang, \u00f6verv\u00e4g anpassade tryckta rektangul\u00e4ra flaggor med din logotyp eller valfri design. Dessa banderoller finns i tre storlekar \u2013 5 fot, 8 fot eller 11 fot \u2013 s\u00e5 att du kan v\u00e4lja det alternativ som b\u00e4st passar dina behov. N\u00e4r flera flaggor st\u00e5r uppradade i rad skapar de en enorm och visuellt imponerande sk\u00e4rm som ger en ren, professionell och sp\u00e4nnande atmosf\u00e4r till ditt evenemang.<br \/>\nEn av de fantastiska sakerna med dessa rektangul\u00e4ra banderoller \u00e4r att det anpassade trycket p\u00e5 framsidan \u00e4r synligt p\u00e5 baksidan i spegelbildsformat. Det betyder att du kan anv\u00e4nda dem i en m\u00e4ngd olika inst\u00e4llningar och \u00e4nd\u00e5 f\u00e5 ditt meddelande synligt. Dessutom finns dubbelsidig utskrift tillg\u00e4nglig f\u00f6r dem som vill f\u00f6rmedla dubbla budskap.<br \/>\nDet \u00e4r enkelt att komma ig\u00e5ng med din anpassade rektangelbanner \u2013 ladda bara upp din logotyp eller design med hj\u00e4lp av instruktionerna ovan, eller ladda ner konstmallen nedan och skapa din egen fil att ladda upp och betala. Med v\u00e5ra h\u00f6gkvalitativa tryck och uppm\u00e4rksamhet p\u00e5 detaljer kan du vara s\u00e4ker p\u00e5 att din rektangul\u00e4ra flagga kommer att g\u00f6ra ett best\u00e5ende intryck p\u00e5 din publik.<\/p>\n<div style=\"width: 1280px;\" class=\"wp-video\"><!--[if lt IE 9]><script>document.createElement('video');<\/script><![endif]--><br \/>\n<video class=\"wp-video-shortcode\" id=\"video-842-1\" width=\"1280\" height=\"720\" loop autoplay preload=\"metadata\" controls=\"controls\"><source type=\"video\/mp4\" src=\"http:\/\/cmykprinted.com\/wp-content\/uploads\/2022\/12\/Feather-beach-flags.mp4?_=1\" \/><a href=\"http:\/\/cmykprinted.com\/wp-content\/uploads\/2022\/12\/Feather-beach-flags.mp4\">http:\/\/cmykprinted.com\/wp-content\/uploads\/2022\/12\/Feather-beach-flags.mp4<\/a><\/video><\/div>","protected":false},"featured_media":843,"template":"","meta":{"_kad_post_transparent":"default","_kad_post_title":"hide","_kad_post_layout":"fullwidth","_kad_post_sidebar_id":"","_kad_post_content_style":"unboxed","_kad_post_vertical_padding":"hide","_kad_post_feature":"hide","_kad_post_feature_position":"","_kad_post_header":false,"_kad_post_footer":false},"product_cat":[64,66],"product_tag":[236,235,234],"class_list":{"0":"post-842","1":"product","2":"type-product","3":"status-publish","4":"has-post-thumbnail","6":"product_cat-beach-flags","7":"product_cat-rectangular-flags-banners","8":"product_tag-custom-rectangle-banners","9":"product_tag-custom-rectangle-flag","10":"product_tag-rectangle-flag-banners","12":"first","13":"instock","14":"shipping-taxable","15":"product-type-simple","16":"entry","17":"content-bg","18":"loop-entry"},"_links":{"self":[{"href":"https:\/\/cmykprinted.com\/sv\/wp-json\/wp\/v2\/product\/842","targetHints":{"allow":["GET"]}}],"collection":[{"href":"https:\/\/cmykprinted.com\/sv\/wp-json\/wp\/v2\/product"}],"about":[{"href":"https:\/\/cmykprinted.com\/sv\/wp-json\/wp\/v2\/types\/product"}],"version-history":[{"count":1,"href":"https:\/\/cmykprinted.com\/sv\/wp-json\/wp\/v2\/product\/842\/revisions"}],"predecessor-version":[{"id":848,"href":"https:\/\/cmykprinted.com\/sv\/wp-json\/wp\/v2\/product\/842\/revisions\/848"}],"wp:featuredmedia":[{"embeddable":true,"href":"https:\/\/cmykprinted.com\/sv\/wp-json\/wp\/v2\/media\/843"}],"wp:attachment":[{"href":"https:\/\/cmykprinted.com\/sv\/wp-json\/wp\/v2\/media?parent=842"}],"wp:term":[{"taxonomy":"product_cat","embeddable":true,"href":"https:\/\/cmykprinted.com\/sv\/wp-json\/wp\/v2\/product_cat?post=842"},{"taxonomy":"product_tag","embeddable":true,"href":"https:\/\/cmykprinted.com\/sv\/wp-json\/wp\/v2\/product_tag?post=842"}],"curies":[{"name":"wp","href":"https:\/\/api.w.org\/{rel}","templated":true}]}}