{"id":849,"date":"2023-01-01T07:11:40","date_gmt":"2023-01-01T07:11:40","guid":{"rendered":"https:\/\/cmykprinted.com\/?post_type=product&#038;p=849"},"modified":"2023-01-01T07:22:48","modified_gmt":"2023-01-01T07:22:48","slug":"custom-small-instant-5x5ft-pop-up-canopy-tents-wholesale","status":"publish","type":"product","link":"https:\/\/cmykprinted.com\/sv\/produkt\/custom-small-instant-5x5ft-pop-up-canopy-tents-wholesale\/","title":{"rendered":"Anpassade sm\u00e5 omedelbara 5x5ft pop-up kapellt\u00e4lt grossist"},"content":{"rendered":"","protected":false},"excerpt":{"rendered":"<p>Om du letar efter ett kraftfullt reklamverktyg som \u00e4r l\u00e4tt att s\u00e4tta upp och anpassa, \u00e4r 5x5ft popup-t\u00e4ltet ett utm\u00e4rkt val. Detta t\u00e4lt \u00e4r designat f\u00f6r att sl\u00e5 igenom, med en h\u00f6gkvalitativ aluminiumram med livstidsgaranti, en helt anpassad topp och m\u00f6jlighet att l\u00e4gga till baksida och sidor f\u00f6r \u00e4nnu mer synlighet.<br \/>\nPopup-designen p\u00e5 detta t\u00e4lt g\u00f6r det otroligt enkelt att s\u00e4tta upp, s\u00e5 att du kan b\u00f6rja visa upp ditt budskap p\u00e5 nolltid. Oavsett om du anv\u00e4nder det p\u00e5 en m\u00e4ssa, utomhusevenemang eller n\u00e5gon annan marknadsf\u00f6ringsinst\u00e4llning, kommer detta t\u00e4lt s\u00e4kerligen att f\u00e5nga din m\u00e5lgrupps uppm\u00e4rksamhet och hj\u00e4lpa dig att sticka ut fr\u00e5n konkurrenterna.<br \/>\nS\u00e5 varf\u00f6r v\u00e4nta? Investera i ett 5x5 fot pop-up baldakint\u00e4lt idag och b\u00f6rja marknadsf\u00f6ra ditt f\u00f6retag eller event med stil!<\/p>\n<div style=\"width: 1280px;\" class=\"wp-video\"><!--[if lt IE 9]><script>document.createElement('video');<\/script><![endif]--><br \/>\n<video class=\"wp-video-shortcode\" id=\"video-849-1\" width=\"1280\" height=\"720\" loop autoplay preload=\"auto\" controls=\"controls\"><source type=\"video\/mp4\" src=\"http:\/\/cmykprinted.com\/wp-content\/uploads\/2022\/12\/10x20ft-Pop-Up-Canopies.mp4?_=1\" \/><a href=\"http:\/\/cmykprinted.com\/wp-content\/uploads\/2022\/12\/10x20ft-Pop-Up-Canopies.mp4\">http:\/\/cmykprinted.com\/wp-content\/uploads\/2022\/12\/10x20ft-Pop-Up-Canopies.mp4<\/a><\/video><\/div>","protected":false},"featured_media":850,"template":"","meta":{"_kad_post_transparent":"default","_kad_post_title":"hide","_kad_post_layout":"fullwidth","_kad_post_sidebar_id":"","_kad_post_content_style":"unboxed","_kad_post_vertical_padding":"hide","_kad_post_feature":"hide","_kad_post_feature_position":"","_kad_post_header":false,"_kad_post_footer":false},"product_cat":[68,69,73],"product_tag":[238,237,239,240],"class_list":{"0":"post-849","1":"product","2":"type-product","3":"status-publish","4":"has-post-thumbnail","6":"product_cat-custom-canopy-tents","7":"product_cat-40mm-hexagon-aluminum-tents","8":"product_cat-5x5ft-custom-pop-up-canopies","9":"product_tag-5x5ft-canopy-tents","10":"product_tag-5x5ft-pop-up-canopy-tents","11":"product_tag-custom-pop-up-canopy-tents","12":"product_tag-small-pop-up-canopy-tents","14":"first","15":"instock","16":"shipping-taxable","17":"product-type-simple","18":"entry","19":"content-bg","20":"loop-entry"},"_links":{"self":[{"href":"https:\/\/cmykprinted.com\/sv\/wp-json\/wp\/v2\/product\/849","targetHints":{"allow":["GET"]}}],"collection":[{"href":"https:\/\/cmykprinted.com\/sv\/wp-json\/wp\/v2\/product"}],"about":[{"href":"https:\/\/cmykprinted.com\/sv\/wp-json\/wp\/v2\/types\/product"}],"version-history":[{"count":1,"href":"https:\/\/cmykprinted.com\/sv\/wp-json\/wp\/v2\/product\/849\/revisions"}],"predecessor-version":[{"id":857,"href":"https:\/\/cmykprinted.com\/sv\/wp-json\/wp\/v2\/product\/849\/revisions\/857"}],"wp:featuredmedia":[{"embeddable":true,"href":"https:\/\/cmykprinted.com\/sv\/wp-json\/wp\/v2\/media\/850"}],"wp:attachment":[{"href":"https:\/\/cmykprinted.com\/sv\/wp-json\/wp\/v2\/media?parent=849"}],"wp:term":[{"taxonomy":"product_cat","embeddable":true,"href":"https:\/\/cmykprinted.com\/sv\/wp-json\/wp\/v2\/product_cat?post=849"},{"taxonomy":"product_tag","embeddable":true,"href":"https:\/\/cmykprinted.com\/sv\/wp-json\/wp\/v2\/product_tag?post=849"}],"curies":[{"name":"wp","href":"https:\/\/api.w.org\/{rel}","templated":true}]}}