{"id":858,"date":"2023-01-01T07:50:37","date_gmt":"2023-01-01T07:50:37","guid":{"rendered":"https:\/\/cmykprinted.com\/?post_type=product&#038;p=858"},"modified":"2023-01-01T07:57:12","modified_gmt":"2023-01-01T07:57:12","slug":"custom-branded-promotional-hand-held-stick-flags-printing","status":"publish","type":"product","link":"https:\/\/cmykprinted.com\/sv\/produkt\/custom-branded-promotional-hand-held-stick-flags-printing\/","title":{"rendered":"Custom Branded PR-handh\u00e5llen Stick Flags utskrift"},"content":{"rendered":"","protected":false},"excerpt":{"rendered":"<p>Handh\u00e5llna stickflaggor \u00e4r ett popul\u00e4rt val f\u00f6r f\u00f6retag och organisationer som vill \u00f6ka varum\u00e4rkets synlighet och engagera sig i sin m\u00e5lgrupp vid parader, sportevenemang och andra utomhussammankomster. Dessa flaggor \u00e4r s\u00e4rskilt popul\u00e4ra bland barn och andra deltagare som tycker om att vifta med dem och visa sitt st\u00f6d f\u00f6r en viss sak eller ett s\u00e4rskilt lag.<br \/>\nEn av de viktigaste f\u00f6rs\u00e4ljningsst\u00e4llena f\u00f6r handh\u00e5llna stickflaggor \u00e4r det stora varum\u00e4rkesomr\u00e5det, som g\u00f6r att f\u00f6retag kan utnyttja varje millimeter av det visade utrymmet f\u00f6rutom den vita remsan runt den monterade stickan. Detta ger gott om utrymme f\u00f6r f\u00f6retag att visa upp sin varum\u00e4rkesidentitet, logotyp och budskap, vilket s\u00e4kerst\u00e4ller att de ses av en stor och mottaglig publik.<br \/>\nF\u00f6rutom att vara ett effektivt marknadsf\u00f6ringsverktyg \u00e4r handh\u00e5llna stickflaggor ocks\u00e5 ett prisv\u00e4rt val f\u00f6r f\u00f6retag och organisationer som vill marknadsf\u00f6ra sitt varum\u00e4rke. De \u00e4r gjorda av slitstarka material, som polyester eller nylon, och har en tr\u00e4- eller plastpinne f\u00f6r att enkelt vifta. Dessa flaggor \u00e4r l\u00e4tta och l\u00e4tta att b\u00e4ra, vilket g\u00f6r dem till ett praktiskt val f\u00f6r utomhusevenemang.<br \/>\nSammantaget \u00e4r handh\u00e5llna stickflaggor ett kostnadseffektivt och interaktivt marknadsf\u00f6ringsverktyg som kan anv\u00e4ndas f\u00f6r att fr\u00e4mja en varum\u00e4rkesidentitet och \u00f6ka synligheten vid en m\u00e4ngd olika evenemang.<\/p>\n<div style=\"width: 1290px;\" class=\"wp-video\"><!--[if lt IE 9]><script>document.createElement('video');<\/script><![endif]--><br \/>\n<video class=\"wp-video-shortcode\" id=\"video-858-1\" width=\"1290\" height=\"726\" loop autoplay preload=\"auto\" controls=\"controls\"><source type=\"video\/mp4\" src=\"http:\/\/cmykprinted.com\/wp-content\/uploads\/2022\/12\/Custom-Printed-Hand-Flags.mp4?_=1\" \/><a href=\"http:\/\/cmykprinted.com\/wp-content\/uploads\/2022\/12\/Custom-Printed-Hand-Flags.mp4\">http:\/\/cmykprinted.com\/wp-content\/uploads\/2022\/12\/Custom-Printed-Hand-Flags.mp4<\/a><\/video><\/div>\n<p>&nbsp;<\/p>","protected":false},"featured_media":859,"template":"","meta":{"_kad_post_transparent":"default","_kad_post_title":"hide","_kad_post_layout":"fullwidth","_kad_post_sidebar_id":"","_kad_post_content_style":"unboxed","_kad_post_vertical_padding":"hide","_kad_post_feature":"hide","_kad_post_feature_position":"","_kad_post_header":false,"_kad_post_footer":false},"product_cat":[79],"product_tag":[153,243,241,242],"class_list":{"0":"post-858","1":"product","2":"type-product","3":"status-publish","4":"has-post-thumbnail","6":"product_cat-custom-flags","7":"product_tag-custom-hand-flags","8":"product_tag-hand-flags-printing","9":"product_tag-hand-held-stick-flags","10":"product_tag-promotional-hand-flags","12":"first","13":"instock","14":"shipping-taxable","15":"product-type-simple","16":"entry","17":"content-bg","18":"loop-entry"},"_links":{"self":[{"href":"https:\/\/cmykprinted.com\/sv\/wp-json\/wp\/v2\/product\/858","targetHints":{"allow":["GET"]}}],"collection":[{"href":"https:\/\/cmykprinted.com\/sv\/wp-json\/wp\/v2\/product"}],"about":[{"href":"https:\/\/cmykprinted.com\/sv\/wp-json\/wp\/v2\/types\/product"}],"version-history":[{"count":2,"href":"https:\/\/cmykprinted.com\/sv\/wp-json\/wp\/v2\/product\/858\/revisions"}],"predecessor-version":[{"id":865,"href":"https:\/\/cmykprinted.com\/sv\/wp-json\/wp\/v2\/product\/858\/revisions\/865"}],"wp:featuredmedia":[{"embeddable":true,"href":"https:\/\/cmykprinted.com\/sv\/wp-json\/wp\/v2\/media\/859"}],"wp:attachment":[{"href":"https:\/\/cmykprinted.com\/sv\/wp-json\/wp\/v2\/media?parent=858"}],"wp:term":[{"taxonomy":"product_cat","embeddable":true,"href":"https:\/\/cmykprinted.com\/sv\/wp-json\/wp\/v2\/product_cat?post=858"},{"taxonomy":"product_tag","embeddable":true,"href":"https:\/\/cmykprinted.com\/sv\/wp-json\/wp\/v2\/product_tag?post=858"}],"curies":[{"name":"wp","href":"https:\/\/api.w.org\/{rel}","templated":true}]}}