{"id":866,"date":"2023-01-01T08:19:36","date_gmt":"2023-01-01T08:19:36","guid":{"rendered":"https:\/\/cmykprinted.com\/?post_type=product&#038;p=866"},"modified":"2023-01-01T08:25:52","modified_gmt":"2023-01-01T08:25:52","slug":"promotional-advertising-color-printing-custom-table-runner","status":"publish","type":"product","link":"https:\/\/cmykprinted.com\/sv\/produkt\/promotional-advertising-color-printing-custom-table-runner\/","title":{"rendered":"Reklamf\u00e4rgtryck Anpassad bordl\u00f6pare"},"content":{"rendered":"","protected":false},"excerpt":{"rendered":"<p>\u00c4r du i behov av h\u00f6gkvalitativa skr\u00e4ddarsydda bordsl\u00f6pare f\u00f6r ditt n\u00e4sta event eller m\u00e4ssa? Kolla inte vidare! P\u00e5 v\u00e5r fabrik erbjuder vi premium bordsdukar som \u00e4r perfekta f\u00f6r b\u00e5de personliga och professionella evenemang. V\u00e5ra bordsl\u00f6pare \u00e4r gjorda av kvalitetspolyestertyg och har fullf\u00e4rg, 1440DPI, dye-sublimation-tryck, vilket s\u00e4kerst\u00e4ller att de \u00e4r l\u00e5ngvariga och effektiva n\u00e4r det g\u00e4ller att marknadsf\u00f6ra ditt f\u00f6retag eller marknadsf\u00f6ra din logotyp.<br \/>\nDessa skr\u00e4ddarsydda l\u00f6pare \u00e4r ett utm\u00e4rkt s\u00e4tt att varum\u00e4rket ditt f\u00f6retag eller l\u00e4gga till en touch av dekor och elegans till alla bord. De finns i f\u00f6rdefinierade m\u00e5tt p\u00e5 2&#039;x7,5\u2032, eller s\u00e5 kan du v\u00e4lja det anpassade storleksalternativet f\u00f6r att f\u00e5 den exakta storleken du beh\u00f6ver. L\u00e4gg dem helt enkelt \u00f6ver en solid bordsduk f\u00f6r att l\u00e4gga till en professionell och sammanh\u00e5llen look till ditt evenemang.<br \/>\nOavsett om du deltar i en m\u00e4ssa, \u00e4r v\u00e4rd f\u00f6r en konferens eller planerar en insamling, \u00e4r anpassade bordsl\u00f6pare ett utm\u00e4rkt val f\u00f6r att effektivt marknadsf\u00f6ra ditt varum\u00e4rke och g\u00f6ra ett best\u00e5ende intryck. Missa inte denna m\u00f6jlighet att s\u00e4tta en h\u00f6gkvalitativ och professionell touch till ditt evenemang.<\/p>","protected":false},"featured_media":867,"template":"","meta":{"_kad_post_transparent":"default","_kad_post_title":"hide","_kad_post_layout":"fullwidth","_kad_post_sidebar_id":"","_kad_post_content_style":"unboxed","_kad_post_vertical_padding":"hide","_kad_post_feature":"hide","_kad_post_feature_position":"","_kad_post_header":false,"_kad_post_footer":false},"product_cat":[80,82],"product_tag":[246,244,245],"class_list":{"0":"post-866","1":"product","2":"type-product","3":"status-publish","4":"has-post-thumbnail","6":"product_cat-custom-tablecloth","7":"product_cat-custom-table-runner","8":"product_tag-advertising-table-runner","9":"product_tag-custom-table-runner","10":"product_tag-promotional-table-runner","12":"first","13":"instock","14":"shipping-taxable","15":"product-type-simple","16":"entry","17":"content-bg","18":"loop-entry"},"_links":{"self":[{"href":"https:\/\/cmykprinted.com\/sv\/wp-json\/wp\/v2\/product\/866","targetHints":{"allow":["GET"]}}],"collection":[{"href":"https:\/\/cmykprinted.com\/sv\/wp-json\/wp\/v2\/product"}],"about":[{"href":"https:\/\/cmykprinted.com\/sv\/wp-json\/wp\/v2\/types\/product"}],"version-history":[{"count":2,"href":"https:\/\/cmykprinted.com\/sv\/wp-json\/wp\/v2\/product\/866\/revisions"}],"predecessor-version":[{"id":874,"href":"https:\/\/cmykprinted.com\/sv\/wp-json\/wp\/v2\/product\/866\/revisions\/874"}],"wp:featuredmedia":[{"embeddable":true,"href":"https:\/\/cmykprinted.com\/sv\/wp-json\/wp\/v2\/media\/867"}],"wp:attachment":[{"href":"https:\/\/cmykprinted.com\/sv\/wp-json\/wp\/v2\/media?parent=866"}],"wp:term":[{"taxonomy":"product_cat","embeddable":true,"href":"https:\/\/cmykprinted.com\/sv\/wp-json\/wp\/v2\/product_cat?post=866"},{"taxonomy":"product_tag","embeddable":true,"href":"https:\/\/cmykprinted.com\/sv\/wp-json\/wp\/v2\/product_tag?post=866"}],"curies":[{"name":"wp","href":"https:\/\/api.w.org\/{rel}","templated":true}]}}