{"id":875,"date":"2023-01-01T08:42:13","date_gmt":"2023-01-01T08:42:13","guid":{"rendered":"https:\/\/cmykprinted.com\/?post_type=product&#038;p=875"},"modified":"2023-01-01T08:53:01","modified_gmt":"2023-01-01T08:53:01","slug":"wholesale-personalized-advertising-matte-pvc-vinyl-banner","status":"publish","type":"product","link":"https:\/\/cmykprinted.com\/sv\/produkt\/wholesale-personalized-advertising-matte-pvc-vinyl-banner\/","title":{"rendered":"Partihandel Personlig reklam Matt PVC Vinyl Banner"},"content":{"rendered":"","protected":false},"excerpt":{"rendered":"<p>Om du \u00e4r i behov av en l\u00e5ngvarig och h\u00e5llbar reklaml\u00f6sning f\u00f6r ditt f\u00f6retag kan v\u00e5ra matta PVC-vinylbanderoller vara det perfekta valet. Dessa banderoller \u00e4r gjorda av robust PVC-flexmaterial och erbjuder utm\u00e4rkt motst\u00e5ndskraft och h\u00e5llbarhet mot h\u00e5rda yttre element, vilket g\u00f6r dem l\u00e4mpliga f\u00f6r utomhusbruk.<br \/>\nOavsett om du marknadsf\u00f6r ett evenemang, visar upp dina produkter eller tj\u00e4nster eller bara delar viktig information med din publik, \u00e4r v\u00e5ra anpassade matta banners ett effektivt och kostnadseffektivt val. Deras h\u00e5llbara natur g\u00f6r att de t\u00e5l v\u00e4der och vind och tillhandah\u00e5ller l\u00e5ngsiktig service, s\u00e5 att du kan \u00e5teranv\u00e4nda dem n\u00e4r det beh\u00f6vs.<br \/>\nEn av f\u00f6rdelarna med att anv\u00e4nda vinylbanderoller i matt PVC \u00e4r att de kan bidra till att minska din anl\u00e4ggnings totala reklamkostnader. Eftersom de \u00e4r s\u00e5 h\u00e5llbara och l\u00e5ngvariga beh\u00f6ver du inte oroa dig f\u00f6r frekventa k\u00f6p eller byten. Detta kan spara tid och pengar p\u00e5 l\u00e5ng sikt, samtidigt som det s\u00e4kerst\u00e4ller att dina banners f\u00f6rblir i toppskick och forts\u00e4tter att effektivt marknadsf\u00f6ra ditt f\u00f6retag.<br \/>\nSammanfattningsvis \u00e4r v\u00e5ra matta PVC-vinylbanderoller ett p\u00e5litligt och kostnadseffektivt val f\u00f6r att g\u00f6ra reklam f\u00f6r ditt f\u00f6retag utomhus. Deras robusta material och h\u00e5llbara konstruktion g\u00f6r dem l\u00e4mpliga f\u00f6r l\u00e5ngvarig anv\u00e4ndning, vilket hj\u00e4lper dig att spara pengar och uppn\u00e5 dina reklamm\u00e5l.<\/p>\n<div style=\"width: 1280px;\" class=\"wp-video\"><!--[if lt IE 9]><script>document.createElement('video');<\/script><![endif]--><br \/>\n<video class=\"wp-video-shortcode\" id=\"video-875-1\" width=\"1280\" height=\"720\" loop autoplay preload=\"metadata\" controls=\"controls\"><source type=\"video\/mp4\" src=\"http:\/\/cmykprinted.com\/wp-content\/uploads\/2022\/12\/PVC-Mesh-Banner.mp4?_=1\" \/><a href=\"http:\/\/cmykprinted.com\/wp-content\/uploads\/2022\/12\/PVC-Mesh-Banner.mp4\">http:\/\/cmykprinted.com\/wp-content\/uploads\/2022\/12\/PVC-Mesh-Banner.mp4<\/a><\/video><\/div>","protected":false},"featured_media":876,"template":"","meta":{"_kad_post_transparent":"default","_kad_post_title":"hide","_kad_post_layout":"fullwidth","_kad_post_sidebar_id":"","_kad_post_content_style":"unboxed","_kad_post_vertical_padding":"hide","_kad_post_feature":"hide","_kad_post_feature_position":"","_kad_post_header":false,"_kad_post_footer":false},"product_cat":[85,90,91,89,88],"product_tag":[189,191,188,190,187],"class_list":{"0":"post-875","1":"product","2":"type-product","3":"status-publish","4":"has-post-thumbnail","6":"product_cat-outdoor-vinyl-banners","7":"product_cat-glossy-pvc-banners","8":"product_cat-matte-vinyl-banners","9":"product_cat-pvc-banners","10":"product_cat-pvc-mesh-banners","11":"product_tag-advertising-mesh-banner","12":"product_tag-all-weather-mesh-banner","13":"product_tag-mesh-banner-printing","14":"product_tag-outdoor-mesh-banner","15":"product_tag-pvc-mesh-banner","17":"first","18":"instock","19":"shipping-taxable","20":"product-type-simple","21":"entry","22":"content-bg","23":"loop-entry"},"_links":{"self":[{"href":"https:\/\/cmykprinted.com\/sv\/wp-json\/wp\/v2\/product\/875","targetHints":{"allow":["GET"]}}],"collection":[{"href":"https:\/\/cmykprinted.com\/sv\/wp-json\/wp\/v2\/product"}],"about":[{"href":"https:\/\/cmykprinted.com\/sv\/wp-json\/wp\/v2\/types\/product"}],"version-history":[{"count":2,"href":"https:\/\/cmykprinted.com\/sv\/wp-json\/wp\/v2\/product\/875\/revisions"}],"predecessor-version":[{"id":883,"href":"https:\/\/cmykprinted.com\/sv\/wp-json\/wp\/v2\/product\/875\/revisions\/883"}],"wp:featuredmedia":[{"embeddable":true,"href":"https:\/\/cmykprinted.com\/sv\/wp-json\/wp\/v2\/media\/876"}],"wp:attachment":[{"href":"https:\/\/cmykprinted.com\/sv\/wp-json\/wp\/v2\/media?parent=875"}],"wp:term":[{"taxonomy":"product_cat","embeddable":true,"href":"https:\/\/cmykprinted.com\/sv\/wp-json\/wp\/v2\/product_cat?post=875"},{"taxonomy":"product_tag","embeddable":true,"href":"https:\/\/cmykprinted.com\/sv\/wp-json\/wp\/v2\/product_tag?post=875"}],"curies":[{"name":"wp","href":"https:\/\/api.w.org\/{rel}","templated":true}]}}