{"id":904,"date":"2023-01-11T13:28:48","date_gmt":"2023-01-11T13:28:48","guid":{"rendered":"https:\/\/cmykprinted.com\/?post_type=product&#038;p=904"},"modified":"2023-01-12T06:44:08","modified_gmt":"2023-01-12T06:44:08","slug":"uv-3d-dtf-vinyl-adhesive-transfer-stickers-labels-printing","status":"publish","type":"product","link":"https:\/\/cmykprinted.com\/sv\/produkt\/uv-3d-dtf-vinyl-adhesive-transfer-stickers-labels-printing\/","title":{"rendered":"UV 3D DTF vinyl sj\u00e4lvh\u00e4ftande \u00f6verf\u00f6ringsklisterm\u00e4rken etikettutskrift"},"content":{"rendered":"","protected":false},"excerpt":{"rendered":"<p>Vi presenterar v\u00e5r nya anpassade UV-dekal med en unik 3D-stereoeffekt. Du kan designa ditt eget m\u00f6nster, logotyp eller text f\u00f6r klisterm\u00e4rkena. Gjorda av UV-\u00f6verf\u00f6ringspasta, klisterm\u00e4rkena \u00e4r mycket vidh\u00e4ftande, vattent\u00e4ta och motst\u00e5ndskraftiga mot repor. Det \u00e4r dock viktigt att notera att anv\u00e4ndningen av varmvatten eller uppv\u00e4rmning kan p\u00e5verka pastans klibbighet. Dessa klisterm\u00e4rken kan appliceras p\u00e5 en m\u00e4ngd olika sl\u00e4ta ytor inklusive metall, plast, glas, m\u00e5lade ytor, b\u00f6cker, kartong, tr\u00e4 och till och med bilar (se bara till att ytan \u00e4r ren innan applicering). Utskriftsstorleken p\u00e5 klisterm\u00e4rkena \u00e4r A3 (11X16 tum), och m\u00e4ngden klisterm\u00e4rken du f\u00e5r beror p\u00e5 vilken storlek du v\u00e4ljer. Om du beh\u00f6ver mer kvantitet, v\u00e4nligen meddela oss i f\u00f6rv\u00e4g. Dessutom, f\u00f6r b\u00e4sta resultat, ladda upp h\u00f6gkvalitativa, h\u00f6guppl\u00f6sta, tydliga, st\u00f6rre bilder i makrol\u00e4ge och i fokus. Ju h\u00f6gre kvalitet p\u00e5 fotot, desto b\u00e4ttre blir den slutliga effekten.<\/p>\n<div style=\"width: 1280px;\" class=\"wp-video\"><!--[if lt IE 9]><script>document.createElement('video');<\/script><![endif]--><br \/>\n<video class=\"wp-video-shortcode\" id=\"video-904-1\" width=\"1280\" height=\"720\" loop autoplay preload=\"auto\" controls=\"controls\"><source type=\"video\/mp4\" src=\"http:\/\/cmykprinted.com\/wp-content\/uploads\/2022\/12\/UV-transfer-stickers.mp4?_=1\" \/><a href=\"http:\/\/cmykprinted.com\/wp-content\/uploads\/2022\/12\/UV-transfer-stickers.mp4\">http:\/\/cmykprinted.com\/wp-content\/uploads\/2022\/12\/UV-transfer-stickers.mp4<\/a><\/video><\/div>","protected":false},"featured_media":905,"template":"","meta":{"_kad_post_transparent":"default","_kad_post_title":"hide","_kad_post_layout":"fullwidth","_kad_post_sidebar_id":"","_kad_post_content_style":"unboxed","_kad_post_vertical_padding":"hide","_kad_post_feature":"hide","_kad_post_feature_position":"","_kad_post_header":false,"_kad_post_footer":false},"product_cat":[101,103],"product_tag":[202,252,251,250],"class_list":{"0":"post-904","1":"product","2":"type-product","3":"status-publish","4":"has-post-thumbnail","6":"product_cat-transfer-stickers","7":"product_cat-uv-transfer-stickers","8":"product_tag-adhesive-transfer-stickers","9":"product_tag-dtf-transfer-stickers","10":"product_tag-uv-3d-stickers","11":"product_tag-vinyl-transfer-stickers","13":"first","14":"instock","15":"shipping-taxable","16":"product-type-simple","17":"entry","18":"content-bg","19":"loop-entry"},"_links":{"self":[{"href":"https:\/\/cmykprinted.com\/sv\/wp-json\/wp\/v2\/product\/904","targetHints":{"allow":["GET"]}}],"collection":[{"href":"https:\/\/cmykprinted.com\/sv\/wp-json\/wp\/v2\/product"}],"about":[{"href":"https:\/\/cmykprinted.com\/sv\/wp-json\/wp\/v2\/types\/product"}],"version-history":[{"count":3,"href":"https:\/\/cmykprinted.com\/sv\/wp-json\/wp\/v2\/product\/904\/revisions"}],"predecessor-version":[{"id":912,"href":"https:\/\/cmykprinted.com\/sv\/wp-json\/wp\/v2\/product\/904\/revisions\/912"}],"wp:featuredmedia":[{"embeddable":true,"href":"https:\/\/cmykprinted.com\/sv\/wp-json\/wp\/v2\/media\/905"}],"wp:attachment":[{"href":"https:\/\/cmykprinted.com\/sv\/wp-json\/wp\/v2\/media?parent=904"}],"wp:term":[{"taxonomy":"product_cat","embeddable":true,"href":"https:\/\/cmykprinted.com\/sv\/wp-json\/wp\/v2\/product_cat?post=904"},{"taxonomy":"product_tag","embeddable":true,"href":"https:\/\/cmykprinted.com\/sv\/wp-json\/wp\/v2\/product_tag?post=904"}],"curies":[{"name":"wp","href":"https:\/\/api.w.org\/{rel}","templated":true}]}}