{"id":913,"date":"2023-01-13T12:49:09","date_gmt":"2023-01-13T12:49:09","guid":{"rendered":"https:\/\/cmykprinted.com\/?post_type=product&#038;p=913"},"modified":"2023-01-13T12:59:43","modified_gmt":"2023-01-13T12:59:43","slug":"custom-personalized-teardrop-shaped-advertising-flags","status":"publish","type":"product","link":"https:\/\/cmykprinted.com\/sv\/produkt\/custom-personalized-teardrop-shaped-advertising-flags\/","title":{"rendered":"Anpassade personliga droppformade reklamflaggor"},"content":{"rendered":"","protected":false},"excerpt":{"rendered":"<p>Dr\u00e5pformade reklamflaggor, \u00e4ven k\u00e4nda som fj\u00e4derbanderoller, \u00e4r ett utm\u00e4rkt s\u00e4tt att marknadsf\u00f6ra ditt f\u00f6retag och f\u00e5nga potentiella kunders uppm\u00e4rksamhet. Med en m\u00e4ngd olika tillg\u00e4ngliga alternativ kan v\u00e5ra flaggor anv\u00e4ndas b\u00e5de inomhus och utomhus, vilket g\u00f6r dem till ett m\u00e5ngsidigt val f\u00f6r alla f\u00f6retag.<br \/>\nV\u00e5ra flaggor kommer med flera basalternativ, inklusive markspikar och korsbaser, f\u00f6r att s\u00e4kerst\u00e4lla att de kan placeras var som helst. Vi erbjuder \u00e4ven b\u00e5de enkelsidiga och dubbelsidiga tryckalternativ, s\u00e5 att din annons kan ses fr\u00e5n alla vinklar.<br \/>\nV\u00e5ra flaggor \u00e4r gjorda av h\u00e5llbara 3,24 oz. polyestertyg och \u00e4r tryckta med UV-best\u00e4ndigt bl\u00e4ck f\u00f6r att s\u00e4kerst\u00e4lla att de t\u00e5l v\u00e4der och vind och h\u00e5ller l\u00e4nge. Flaggorna \u00e4r ocks\u00e5 l\u00e4tta och l\u00e4tta att transportera, vilket g\u00f6r dem perfekta f\u00f6r evenemang och m\u00e4ssor.<br \/>\nN\u00e4r du k\u00f6per ett av v\u00e5ra st\u00e5ngsatser f\u00e5r du \u00e4ven en resv\u00e4ska, vilket g\u00f6r det enkelt att transportera din flagga till olika platser. Med v\u00e5ra h\u00f6gkvalitativa flaggor och bekv\u00e4ma resealternativ kan du vara s\u00e4ker p\u00e5 att ditt f\u00f6retag syns vart du \u00e4n g\u00e5r.<\/p>\n<div style=\"width: 1280px;\" class=\"wp-video\"><!--[if lt IE 9]><script>document.createElement('video');<\/script><![endif]--><br \/>\n<video class=\"wp-video-shortcode\" id=\"video-913-1\" width=\"1280\" height=\"720\" loop autoplay preload=\"metadata\" controls=\"controls\"><source type=\"video\/mp4\" src=\"http:\/\/cmykprinted.com\/wp-content\/uploads\/2022\/12\/Feather-beach-flags.mp4?_=1\" \/><a href=\"http:\/\/cmykprinted.com\/wp-content\/uploads\/2022\/12\/Feather-beach-flags.mp4\">http:\/\/cmykprinted.com\/wp-content\/uploads\/2022\/12\/Feather-beach-flags.mp4<\/a><\/video><\/div>","protected":false},"featured_media":914,"template":"","meta":{"_kad_post_transparent":"default","_kad_post_title":"hide","_kad_post_layout":"fullwidth","_kad_post_sidebar_id":"","_kad_post_content_style":"unboxed","_kad_post_vertical_padding":"hide","_kad_post_feature":"hide","_kad_post_feature_position":"","_kad_post_header":false,"_kad_post_footer":false},"product_cat":[64,67],"product_tag":[254,255,256,253],"class_list":{"0":"post-913","1":"product","2":"type-product","3":"status-publish","4":"has-post-thumbnail","6":"product_cat-beach-flags","7":"product_cat-teardrop-flags-banners","8":"product_tag-custom-teardrop-flags","9":"product_tag-personalized-teardrop-flags","10":"product_tag-teardrop-advertising-flags","11":"product_tag-teardrop-shaped-advertising-flags","13":"first","14":"instock","15":"shipping-taxable","16":"product-type-simple","17":"entry","18":"content-bg","19":"loop-entry"},"_links":{"self":[{"href":"https:\/\/cmykprinted.com\/sv\/wp-json\/wp\/v2\/product\/913","targetHints":{"allow":["GET"]}}],"collection":[{"href":"https:\/\/cmykprinted.com\/sv\/wp-json\/wp\/v2\/product"}],"about":[{"href":"https:\/\/cmykprinted.com\/sv\/wp-json\/wp\/v2\/types\/product"}],"version-history":[{"count":2,"href":"https:\/\/cmykprinted.com\/sv\/wp-json\/wp\/v2\/product\/913\/revisions"}],"predecessor-version":[{"id":920,"href":"https:\/\/cmykprinted.com\/sv\/wp-json\/wp\/v2\/product\/913\/revisions\/920"}],"wp:featuredmedia":[{"embeddable":true,"href":"https:\/\/cmykprinted.com\/sv\/wp-json\/wp\/v2\/media\/914"}],"wp:attachment":[{"href":"https:\/\/cmykprinted.com\/sv\/wp-json\/wp\/v2\/media?parent=913"}],"wp:term":[{"taxonomy":"product_cat","embeddable":true,"href":"https:\/\/cmykprinted.com\/sv\/wp-json\/wp\/v2\/product_cat?post=913"},{"taxonomy":"product_tag","embeddable":true,"href":"https:\/\/cmykprinted.com\/sv\/wp-json\/wp\/v2\/product_tag?post=913"}],"curies":[{"name":"wp","href":"https:\/\/api.w.org\/{rel}","templated":true}]}}