{"id":921,"date":"2023-01-13T13:12:06","date_gmt":"2023-01-13T13:12:06","guid":{"rendered":"https:\/\/cmykprinted.com\/?post_type=product&#038;p=921"},"modified":"2023-01-13T13:59:27","modified_gmt":"2023-01-13T13:59:27","slug":"promotional-5-x-5-pop-up-tent-outdoor-indoor-canopy-tent","status":"publish","type":"product","link":"https:\/\/cmykprinted.com\/sv\/produkt\/promotional-5-x-5-pop-up-tent-outdoor-indoor-canopy-tent\/","title":{"rendered":"Reklam 1,5 m x 1,5 m popup-t\u00e4lt f\u00f6r utomhus- och inomhusbruk"},"content":{"rendered":"","protected":false},"excerpt":{"rendered":"<p>Detta 5\u00d75 pop-up t\u00e4lt \u00e4r den perfekta l\u00f6sningen f\u00f6r att ge skugga och skydd p\u00e5 din trottoarf\u00f6rs\u00e4ljning, bondemarknadsmonter eller utomhusevenemang. Finns i en m\u00e4ngd olika f\u00e4rger inklusive vit, gr\u00f6n, r\u00f6d, marinbl\u00e5 och svart, du kan v\u00e4lja den perfekta f\u00e4rgen f\u00f6r att matcha ditt evenemang eller varum\u00e4rke. T\u00e4ltet \u00e4r tillverkat i slitstarkt aluminium, vilket g\u00f6r det enkelt att montera p\u00e5 n\u00e5gra sekunder, och det passar i en b\u00e4rv\u00e4ska med hjul n\u00e4r du \u00e4r f\u00e4rdig med det, vilket g\u00f6r det enkelt att transportera och f\u00f6rvara.<br \/>\nDetta kommersiella 5\u00d75 pop-up t\u00e4lt h\u00e5lls stadigt p\u00e5 plats med f\u00f6rankringsp\u00e5lar och skapar totalt 25 kvadratfot skugga. Den \u00e4r perfekt f\u00f6r utomhusevenemang, sm\u00e5 incheckningsb\u00e5s, sportmatcher eller strandutflykter, eftersom den rymmer ungef\u00e4r tv\u00e5 gr\u00e4smatta stolar eller ett litet bord bekv\u00e4mt och t\u00e5l vindar p\u00e5 30 MPH. Den f\u00e4rgade polyestermarkisen \u00e4r brandskyddande och hydrostatiskt trycktestcertifierad f\u00f6r en s\u00e4ker kommersiell l\u00f6sning. Dragstiftens frig\u00f6rande teleskopben kan justeras till fem h\u00f6jdinst\u00e4llningar med tryckspakar som l\u00e5ser p\u00e5 plats.<br \/>\nV\u00e5rt kommersiella 5\u00d75 popup-t\u00e4lt \u00e4r ett bekv\u00e4mt s\u00e4tt att snabbt s\u00e4tta upp ett skuggigt utrymme f\u00f6r arbete eller lek p\u00e5 n\u00e5gra sekunder. Oavsett om du driver ett f\u00f6retag eller bara letar efter ett bekv\u00e4mt s\u00e4tt att njuta av utomhus \u00e4r detta t\u00e4lt det perfekta valet. Med sin h\u00e5llbara aluminiumram och l\u00e4ttmonterade design \u00e4r den det perfekta tillskottet till alla evenemang eller utomhussammankomster.<\/p>\n<div style=\"width: 1280px;\" class=\"wp-video\"><!--[if lt IE 9]><script>document.createElement('video');<\/script><![endif]--><br \/>\n<video class=\"wp-video-shortcode\" id=\"video-921-1\" width=\"1280\" height=\"720\" loop autoplay preload=\"auto\" controls=\"controls\"><source type=\"video\/mp4\" src=\"http:\/\/cmykprinted.com\/wp-content\/uploads\/2022\/12\/10x20ft-Pop-Up-Canopies.mp4?_=1\" \/><a href=\"http:\/\/cmykprinted.com\/wp-content\/uploads\/2022\/12\/10x20ft-Pop-Up-Canopies.mp4\">http:\/\/cmykprinted.com\/wp-content\/uploads\/2022\/12\/10x20ft-Pop-Up-Canopies.mp4<\/a><\/video><\/div>","protected":false},"featured_media":922,"template":"","meta":{"_kad_post_transparent":"default","_kad_post_title":"hide","_kad_post_layout":"fullwidth","_kad_post_sidebar_id":"","_kad_post_content_style":"unboxed","_kad_post_vertical_padding":"hide","_kad_post_feature":"hide","_kad_post_feature_position":"","_kad_post_header":false,"_kad_post_footer":false},"product_cat":[68,74,78],"product_tag":[257,259,258,260],"class_list":{"0":"post-921","1":"product","2":"type-product","3":"status-publish","4":"has-post-thumbnail","6":"product_cat-custom-canopy-tents","7":"product_cat-50mm-heavy-duty-hexagon-aluminum-tents","8":"product_cat-5x5ft-custom-pop-up-canopies-50mm-heavy-duty-hexagon-aluminum-tents-custom-canopy-tents","9":"product_tag-5-x-5-pop-up-tent","10":"product_tag-indoor-canopy-tent","11":"product_tag-outdoor-canopy-tent","12":"product_tag-promotional-pop-up-tent","14":"first","15":"instock","16":"shipping-taxable","17":"product-type-simple","18":"entry","19":"content-bg","20":"loop-entry"},"_links":{"self":[{"href":"https:\/\/cmykprinted.com\/sv\/wp-json\/wp\/v2\/product\/921","targetHints":{"allow":["GET"]}}],"collection":[{"href":"https:\/\/cmykprinted.com\/sv\/wp-json\/wp\/v2\/product"}],"about":[{"href":"https:\/\/cmykprinted.com\/sv\/wp-json\/wp\/v2\/types\/product"}],"version-history":[{"count":2,"href":"https:\/\/cmykprinted.com\/sv\/wp-json\/wp\/v2\/product\/921\/revisions"}],"predecessor-version":[{"id":929,"href":"https:\/\/cmykprinted.com\/sv\/wp-json\/wp\/v2\/product\/921\/revisions\/929"}],"wp:featuredmedia":[{"embeddable":true,"href":"https:\/\/cmykprinted.com\/sv\/wp-json\/wp\/v2\/media\/922"}],"wp:attachment":[{"href":"https:\/\/cmykprinted.com\/sv\/wp-json\/wp\/v2\/media?parent=921"}],"wp:term":[{"taxonomy":"product_cat","embeddable":true,"href":"https:\/\/cmykprinted.com\/sv\/wp-json\/wp\/v2\/product_cat?post=921"},{"taxonomy":"product_tag","embeddable":true,"href":"https:\/\/cmykprinted.com\/sv\/wp-json\/wp\/v2\/product_tag?post=921"}],"curies":[{"name":"wp","href":"https:\/\/api.w.org\/{rel}","templated":true}]}}