{"id":938,"date":"2023-01-15T14:03:34","date_gmt":"2023-01-15T14:03:34","guid":{"rendered":"https:\/\/cmykprinted.com\/?post_type=product&#038;p=938"},"modified":"2023-01-15T14:14:31","modified_gmt":"2023-01-15T14:14:31","slug":"trade-show-fitted-custom-stretch-table-cover-tablecloth","status":"publish","type":"product","link":"https:\/\/cmykprinted.com\/sv\/produkt\/trade-show-fitted-custom-stretch-table-cover-tablecloth\/","title":{"rendered":"M\u00e4ssanpassad anpassad stretchbordsduk"},"content":{"rendered":"","protected":false},"excerpt":{"rendered":"<p>Att h\u00e5lla ett f\u00f6retagsevent kan vara utmanande, eftersom du vill g\u00f6ra ett gott intryck p\u00e5 b\u00e5de nya och befintliga kunder. V\u00e5ra stretchbordsdukar \u00e4r en utm\u00e4rkt l\u00f6sning f\u00f6r att dekorera din monter och marknadsf\u00f6ra ditt f\u00f6retag. V\u00e5rt urval av snygga spandex\u00f6verdrag \u00e4r budgetv\u00e4nliga och kan anv\u00e4ndas f\u00f6r att f\u00f6rb\u00e4ttra utseendet p\u00e5 dina bord. Tillverkade av slitstarkt 180GSM stretchtyg, v\u00e5ra \u00f6verdrag \u00e4r rivt\u00e5liga och kan \u00e5teranv\u00e4ndas f\u00f6r flera evenemang. Med v\u00e5r fullf\u00e4rgs 1440-DPI-utskriftsteknik \u00e4r grafiken p\u00e5 omslagen levande och skarp, vilket s\u00e4kerligen f\u00e5ngar deltagarnas uppm\u00e4rksamhet. V\u00e5ra \u00f6verdrag finns i tv\u00e5 stilar: dragkedja och 3-sidig, som b\u00e5da \u00e4r enkla att installera och sitter s\u00e4kert p\u00e5 plats. Spandex stretchbordsdukar \u00e4r m\u00e5ngsidiga och budgetv\u00e4nliga, vilket g\u00f6r dem perfekta f\u00f6r alla typer av evenemang, som semesterfester, m\u00e4ssor och mer.<\/p>","protected":false},"featured_media":939,"template":"","meta":{"_kad_post_transparent":"default","_kad_post_title":"hide","_kad_post_layout":"fullwidth","_kad_post_sidebar_id":"","_kad_post_content_style":"unboxed","_kad_post_vertical_padding":"hide","_kad_post_feature":"hide","_kad_post_feature_position":"","_kad_post_header":false,"_kad_post_footer":false},"product_cat":[80,81],"product_tag":[117,265,264,266],"class_list":{"0":"post-938","1":"product","2":"type-product","3":"status-publish","4":"has-post-thumbnail","6":"product_cat-custom-tablecloth","7":"product_cat-custom-stretch-tablecloth","8":"product_tag-custom-stretch-tablecloth","9":"product_tag-fitted-tablecloth","10":"product_tag-stretch-table-cover","11":"product_tag-trade-show-table-cover","13":"first","14":"instock","15":"shipping-taxable","16":"product-type-simple","17":"entry","18":"content-bg","19":"loop-entry"},"_links":{"self":[{"href":"https:\/\/cmykprinted.com\/sv\/wp-json\/wp\/v2\/product\/938","targetHints":{"allow":["GET"]}}],"collection":[{"href":"https:\/\/cmykprinted.com\/sv\/wp-json\/wp\/v2\/product"}],"about":[{"href":"https:\/\/cmykprinted.com\/sv\/wp-json\/wp\/v2\/types\/product"}],"version-history":[{"count":3,"href":"https:\/\/cmykprinted.com\/sv\/wp-json\/wp\/v2\/product\/938\/revisions"}],"predecessor-version":[{"id":947,"href":"https:\/\/cmykprinted.com\/sv\/wp-json\/wp\/v2\/product\/938\/revisions\/947"}],"wp:featuredmedia":[{"embeddable":true,"href":"https:\/\/cmykprinted.com\/sv\/wp-json\/wp\/v2\/media\/939"}],"wp:attachment":[{"href":"https:\/\/cmykprinted.com\/sv\/wp-json\/wp\/v2\/media?parent=938"}],"wp:term":[{"taxonomy":"product_cat","embeddable":true,"href":"https:\/\/cmykprinted.com\/sv\/wp-json\/wp\/v2\/product_cat?post=938"},{"taxonomy":"product_tag","embeddable":true,"href":"https:\/\/cmykprinted.com\/sv\/wp-json\/wp\/v2\/product_tag?post=938"}],"curies":[{"name":"wp","href":"https:\/\/api.w.org\/{rel}","templated":true}]}}