{"id":965,"date":"2023-02-08T04:50:30","date_gmt":"2023-02-08T04:50:30","guid":{"rendered":"https:\/\/cmykprinted.com\/?post_type=product&#038;p=965"},"modified":"2023-02-08T05:02:02","modified_gmt":"2023-02-08T05:02:02","slug":"straight-tension-fabric-backdrop-media-wall-for-events","status":"publish","type":"product","link":"https:\/\/cmykprinted.com\/sv\/produkt\/straight-tension-fabric-backdrop-media-wall-for-events\/","title":{"rendered":"Rak sp\u00e4nningstyg bakgrundsmediav\u00e4gg f\u00f6r evenemang"},"content":{"rendered":"","protected":false},"excerpt":{"rendered":"<p>V\u00e5r mest s\u00e5lda raka tygbakgrund \u00e4r m\u00e5ngsidig och idealisk f\u00f6r olika applikationer som studiobakgrund, scenbakgrund, fotob\u00e5s, presskonferens, prisutdelning och r\u00f6da mattan. Med m\u00f6jligheten att ha tv\u00e5 designs f\u00e5r du maximalt v\u00e4rde och enkel transport. Tillverkad av h\u00e5llbar, flexibel 100% maskintv\u00e4ttbar polyester, v\u00e5r anpassade tygtrycksprocess s\u00e4kerst\u00e4ller att designen f\u00f6rblir levande \u00e4ven efter flera tv\u00e4ttar och i alla v\u00e4der. V\u00e5rt tryck anv\u00e4nder eko-l\u00f6sningsmedel, helt naturliga biologiskt nedbrytbara l\u00f6sningsmedel f\u00f6r en s\u00e4krare och mindre h\u00e5rd process. Den l\u00e4tta men \u00e4nd\u00e5 robusta aluminiumramen st\u00f6der tyget och kommer med sn\u00e4ppl\u00e5sr\u00f6r f\u00f6r enkel installation utan n\u00e5gra verktyg. Stativet \u00e4r justerbart till \u00f6nskad storlek och kommer med ett b\u00e4rbart rullande h\u00e5rt fodral. Frakten \u00e4r gratis och tar 4-5 arbetsdagar.<\/p>\n<div style=\"width: 1290px;\" class=\"wp-video\"><!--[if lt IE 9]><script>document.createElement('video');<\/script><![endif]--><br \/>\n<video class=\"wp-video-shortcode\" id=\"video-965-1\" width=\"1290\" height=\"726\" loop autoplay preload=\"metadata\" controls=\"controls\"><source type=\"video\/mp4\" src=\"http:\/\/cmykprinted.com\/wp-content\/uploads\/2023\/02\/Straight-Tension-Fabric-Backdrop.mp4?_=1\" \/><a href=\"http:\/\/cmykprinted.com\/wp-content\/uploads\/2023\/02\/Straight-Tension-Fabric-Backdrop.mp4\">http:\/\/cmykprinted.com\/wp-content\/uploads\/2023\/02\/Straight-Tension-Fabric-Backdrop.mp4<\/a><\/video><\/div>","protected":false},"featured_media":966,"template":"","meta":{"_kad_post_transparent":"default","_kad_post_title":"hide","_kad_post_layout":"fullwidth","_kad_post_sidebar_id":"","_kad_post_content_style":"unboxed","_kad_post_vertical_padding":"hide","_kad_post_feature":"hide","_kad_post_feature_position":"","_kad_post_header":false,"_kad_post_footer":false},"product_cat":[97,100],"product_tag":[274,196,197,198],"class_list":{"0":"post-965","1":"product","2":"type-product","3":"status-publish","4":"has-post-thumbnail","6":"product_cat-tension-fabric-displays","7":"product_cat-straight-tension-fabric-backdrop","8":"product_tag-events-media-wall","9":"product_tag-straight-tension-fabric-backdrop","10":"product_tag-tension-fabric-backdrop","11":"product_tag-tension-fabric-media-wall","13":"first","14":"instock","15":"shipping-taxable","16":"product-type-simple","17":"entry","18":"content-bg","19":"loop-entry"},"_links":{"self":[{"href":"https:\/\/cmykprinted.com\/sv\/wp-json\/wp\/v2\/product\/965","targetHints":{"allow":["GET"]}}],"collection":[{"href":"https:\/\/cmykprinted.com\/sv\/wp-json\/wp\/v2\/product"}],"about":[{"href":"https:\/\/cmykprinted.com\/sv\/wp-json\/wp\/v2\/types\/product"}],"version-history":[{"count":2,"href":"https:\/\/cmykprinted.com\/sv\/wp-json\/wp\/v2\/product\/965\/revisions"}],"predecessor-version":[{"id":975,"href":"https:\/\/cmykprinted.com\/sv\/wp-json\/wp\/v2\/product\/965\/revisions\/975"}],"wp:featuredmedia":[{"embeddable":true,"href":"https:\/\/cmykprinted.com\/sv\/wp-json\/wp\/v2\/media\/966"}],"wp:attachment":[{"href":"https:\/\/cmykprinted.com\/sv\/wp-json\/wp\/v2\/media?parent=965"}],"wp:term":[{"taxonomy":"product_cat","embeddable":true,"href":"https:\/\/cmykprinted.com\/sv\/wp-json\/wp\/v2\/product_cat?post=965"},{"taxonomy":"product_tag","embeddable":true,"href":"https:\/\/cmykprinted.com\/sv\/wp-json\/wp\/v2\/product_tag?post=965"}],"curies":[{"name":"wp","href":"https:\/\/api.w.org\/{rel}","templated":true}]}}