{"id":976,"date":"2023-02-11T03:41:11","date_gmt":"2023-02-11T03:41:11","guid":{"rendered":"https:\/\/cmykprinted.com\/?post_type=product&#038;p=976"},"modified":"2023-02-11T03:46:13","modified_gmt":"2023-02-11T03:46:13","slug":"double-sided-feather-flags-with-free-design-at-cheap-price","status":"publish","type":"product","link":"https:\/\/cmykprinted.com\/sv\/produkt\/double-sided-feather-flags-with-free-design-at-cheap-price\/","title":{"rendered":"Dubbelsidiga fj\u00e4derflaggor med gratis design till ett billigt pris"},"content":{"rendered":"","protected":false},"excerpt":{"rendered":"<p>Dubbelsidiga fj\u00e4derflaggor \u00e4r ett allm\u00e4nt anv\u00e4nt alternativ f\u00f6r f\u00f6retag och organisationer som s\u00f6ker en bekv\u00e4m metod f\u00f6r att marknadsf\u00f6ra sitt varum\u00e4rke eller budskap. Med enkel installation och m\u00f6jligheten att placeras p\u00e5 vilken plats som helst, erbjuder de en praktisk l\u00f6sning. Fj\u00e4derstrandflaggans mast \u00e4r konstruerad av starka material, s\u00e5som aluminium och glasfiber, vilket g\u00f6r att den kan beh\u00e5lla sin form \u00e4ven i bl\u00e5siga f\u00f6rh\u00e5llanden och d\u00e5ligt v\u00e4der. Flaggan \u00e4r tryckt p\u00e5 h\u00f6gkvalitativt 115 g\/m2 polyestertyg, som erbjuder n\u00e4stan 100% reflektion p\u00e5 baksidan, vilket garanterar att flaggan \u00e4r l\u00e4tt att m\u00e4rka och l\u00e4sbar p\u00e5 avst\u00e5nd.<br \/>\nF\u00f6rutom deras tillf\u00f6rlitlighet och synlighet \u00e4r fj\u00e4derstrandflaggor ocks\u00e5 l\u00e4tta att transportera och tar minimalt med utrymme. De kan enkelt flyttas fr\u00e5n en plats till en annan och kan s\u00e4ttas upp p\u00e5 vilken yta som helst med hj\u00e4lp av olika basalternativ.<br \/>\nSammanfattningsvis \u00e4r fj\u00e4derstrandflaggor ett flexibelt och effektivt s\u00e4tt att visa upp ditt varum\u00e4rke eller budskap. Med enkel montering, styrka och utm\u00e4rkt synlighet \u00e4r de ett utm\u00e4rkt val f\u00f6r alla f\u00f6retag eller organisationer som vill f\u00e5nga uppm\u00e4rksamhet.<\/p>\n<div style=\"width: 1280px;\" class=\"wp-video\"><!--[if lt IE 9]><script>document.createElement('video');<\/script><![endif]--><br \/>\n<video class=\"wp-video-shortcode\" id=\"video-976-1\" width=\"1280\" height=\"720\" loop autoplay preload=\"metadata\" controls=\"controls\"><source type=\"video\/mp4\" src=\"http:\/\/cmykprinted.com\/wp-content\/uploads\/2022\/12\/Feather-beach-flags.mp4?_=1\" \/><a href=\"http:\/\/cmykprinted.com\/wp-content\/uploads\/2022\/12\/Feather-beach-flags.mp4\">http:\/\/cmykprinted.com\/wp-content\/uploads\/2022\/12\/Feather-beach-flags.mp4<\/a><\/video><\/div>","protected":false},"featured_media":977,"template":"","meta":{"_kad_post_transparent":"default","_kad_post_title":"hide","_kad_post_layout":"fullwidth","_kad_post_sidebar_id":"","_kad_post_content_style":"unboxed","_kad_post_vertical_padding":"hide","_kad_post_feature":"hide","_kad_post_feature_position":"","_kad_post_header":false,"_kad_post_footer":false},"product_cat":[64,65],"product_tag":[278,275,276,277],"class_list":{"0":"post-976","1":"product","2":"type-product","3":"status-publish","4":"has-post-thumbnail","6":"product_cat-beach-flags","7":"product_cat-feather-flags-banners","8":"product_tag-cheap-feather-flags","9":"product_tag-double-sided-feather-flags","10":"product_tag-feather-flags","11":"product_tag-free-design-feather-flags","13":"first","14":"instock","15":"shipping-taxable","16":"product-type-simple","17":"entry","18":"content-bg","19":"loop-entry"},"_links":{"self":[{"href":"https:\/\/cmykprinted.com\/sv\/wp-json\/wp\/v2\/product\/976","targetHints":{"allow":["GET"]}}],"collection":[{"href":"https:\/\/cmykprinted.com\/sv\/wp-json\/wp\/v2\/product"}],"about":[{"href":"https:\/\/cmykprinted.com\/sv\/wp-json\/wp\/v2\/types\/product"}],"version-history":[{"count":2,"href":"https:\/\/cmykprinted.com\/sv\/wp-json\/wp\/v2\/product\/976\/revisions"}],"predecessor-version":[{"id":983,"href":"https:\/\/cmykprinted.com\/sv\/wp-json\/wp\/v2\/product\/976\/revisions\/983"}],"wp:featuredmedia":[{"embeddable":true,"href":"https:\/\/cmykprinted.com\/sv\/wp-json\/wp\/v2\/media\/977"}],"wp:attachment":[{"href":"https:\/\/cmykprinted.com\/sv\/wp-json\/wp\/v2\/media?parent=976"}],"wp:term":[{"taxonomy":"product_cat","embeddable":true,"href":"https:\/\/cmykprinted.com\/sv\/wp-json\/wp\/v2\/product_cat?post=976"},{"taxonomy":"product_tag","embeddable":true,"href":"https:\/\/cmykprinted.com\/sv\/wp-json\/wp\/v2\/product_tag?post=976"}],"curies":[{"name":"wp","href":"https:\/\/api.w.org\/{rel}","templated":true}]}}