{"id":984,"date":"2023-02-11T03:57:42","date_gmt":"2023-02-11T03:57:42","guid":{"rendered":"https:\/\/cmykprinted.com\/?post_type=product&#038;p=984"},"modified":"2023-02-11T04:04:18","modified_gmt":"2023-02-11T04:04:18","slug":"10x15ft-50mm-hexagonal-pop-up-canopy-tent-aluminum-frame","status":"publish","type":"product","link":"https:\/\/cmykprinted.com\/sv\/produkt\/10x15ft-50mm-hexagonal-pop-up-canopy-tent-aluminum-frame\/","title":{"rendered":"10X15FT 50mm sexkantigt popup-t\u00e4lt med aluminiumram"},"content":{"rendered":"","protected":false},"excerpt":{"rendered":"<p>En 50 mm hexagonal pop-up baldakin med en aluminiumram \u00e4r perfekt f\u00f6r att f\u00e5 din baldakin att sticka ut p\u00e5 ett marknadsst\u00e5nd eller m\u00e4ssa. Ramen har imponerande specifikationer, inklusive ett sexkantigt yttre ben av aluminium med en storlek p\u00e5 50x50 mm och en tjocklek p\u00e5 1,8 mm. Den har \u00e4ven fem h\u00f6jdl\u00e4gen med 7,5 cm intervall och \u00e4r stark och stabil f\u00f6r l\u00e5ngvarig anv\u00e4ndning.<br \/>\nAtt s\u00e4tta upp och ta ner kapellet g\u00e5r snabbt och enkelt, tack vare dess vikbara aluminiumram och fr\u00e5nvaron av l\u00f6sa delar. Tryckknappen v\u00e4xlar benjusteringar och de \u00f6verdimensionerade, l\u00e4tta att ta tag i dragstiften i de \u00f6vre h\u00f6rnen g\u00f6r installation och nedbrytning till en lek utan behov av n\u00e5gra verktyg.<br \/>\nPaketet inneh\u00e5ller den kommersiella popup-ramen i aluminium och kan st\u00e4llas upp och tas ner av en eller tv\u00e5 personer p\u00e5 n\u00e5gra minuter utan n\u00e5gra verktyg. Den levereras med 1 \u00e5rs garanti och livstidsf\u00f6rs\u00f6rjning av tillbeh\u00f6r och delar. Om du beh\u00f6ver skr\u00e4ddarsydda arbeten \u00e4r du v\u00e4lkommen att kontakta oss. Vi garanterar 100% tillfredsst\u00e4llelse och kommer att arbeta f\u00f6r att l\u00f6sa eventuella problem du kan ha.<br \/>\nDenna kapell \u00e4r l\u00e4mplig f\u00f6r en m\u00e4ngd olika utomhusevenemang, inklusive fester, m\u00e4ssor, sport, picknick, BBQs och mer. Den kan anv\u00e4ndas i kommersiella omr\u00e5den, str\u00e4nder, lekplatser, g\u00e5rdar, tr\u00e4dg\u00e5rdar, g\u00e5rdar och andra utomhusmilj\u00f6er, s\u00e5v\u00e4l som inomhusmilj\u00f6er som stora gymnastiksalar. Med f\u00f6rstklassig kvalitet kan du vara s\u00e4ker p\u00e5 dess livsl\u00e4ngd och h\u00e5llbarhet. Om du har n\u00e5gra kvalitetsproblem under det f\u00f6rsta \u00e5ret, tveka inte att kontakta oss. V\u00e5r 100% n\u00f6jdhetsgaranti s\u00e4kerst\u00e4ller att vi kommer att arbeta f\u00f6r att l\u00f6sa eventuella problem du kan ha.<\/p>\n<div style=\"width: 1280px;\" class=\"wp-video\"><!--[if lt IE 9]><script>document.createElement('video');<\/script><![endif]--><br \/>\n<video class=\"wp-video-shortcode\" id=\"video-984-1\" width=\"1280\" height=\"720\" loop autoplay preload=\"auto\" controls=\"controls\"><source type=\"video\/mp4\" src=\"http:\/\/cmykprinted.com\/wp-content\/uploads\/2022\/12\/10x15ft-Pop-up-Tent.mp4?_=1\" \/><a href=\"http:\/\/cmykprinted.com\/wp-content\/uploads\/2022\/12\/10x15ft-Pop-up-Tent.mp4\">http:\/\/cmykprinted.com\/wp-content\/uploads\/2022\/12\/10x15ft-Pop-up-Tent.mp4<\/a><\/video><\/div>","protected":false},"featured_media":985,"template":"","meta":{"_kad_post_transparent":"default","_kad_post_title":"hide","_kad_post_layout":"fullwidth","_kad_post_sidebar_id":"","_kad_post_content_style":"unboxed","_kad_post_vertical_padding":"hide","_kad_post_feature":"hide","_kad_post_feature_position":"","_kad_post_header":false,"_kad_post_footer":false},"product_cat":[68,76,74],"product_tag":[279,282,281,280],"class_list":{"0":"post-984","1":"product","2":"type-product","3":"status-publish","4":"has-post-thumbnail","6":"product_cat-custom-canopy-tents","7":"product_cat-10x15ft-pop-up-tents-50mm-heavy-duty-hexagon-aluminum-tents-custom-canopy-tents","8":"product_cat-50mm-heavy-duty-hexagon-aluminum-tents","9":"product_tag-10x15ft-hexagonal-pop-up-canopy-tent","10":"product_tag-50mm-hexagonal-pop-up-canopy","11":"product_tag-aluminum-frame-pop-up-canopy-tent","12":"product_tag-hexagonal-pop-up-canopy-tent","14":"first","15":"instock","16":"shipping-taxable","17":"product-type-simple","18":"entry","19":"content-bg","20":"loop-entry"},"_links":{"self":[{"href":"https:\/\/cmykprinted.com\/sv\/wp-json\/wp\/v2\/product\/984","targetHints":{"allow":["GET"]}}],"collection":[{"href":"https:\/\/cmykprinted.com\/sv\/wp-json\/wp\/v2\/product"}],"about":[{"href":"https:\/\/cmykprinted.com\/sv\/wp-json\/wp\/v2\/types\/product"}],"version-history":[{"count":2,"href":"https:\/\/cmykprinted.com\/sv\/wp-json\/wp\/v2\/product\/984\/revisions"}],"predecessor-version":[{"id":992,"href":"https:\/\/cmykprinted.com\/sv\/wp-json\/wp\/v2\/product\/984\/revisions\/992"}],"wp:featuredmedia":[{"embeddable":true,"href":"https:\/\/cmykprinted.com\/sv\/wp-json\/wp\/v2\/media\/985"}],"wp:attachment":[{"href":"https:\/\/cmykprinted.com\/sv\/wp-json\/wp\/v2\/media?parent=984"}],"wp:term":[{"taxonomy":"product_cat","embeddable":true,"href":"https:\/\/cmykprinted.com\/sv\/wp-json\/wp\/v2\/product_cat?post=984"},{"taxonomy":"product_tag","embeddable":true,"href":"https:\/\/cmykprinted.com\/sv\/wp-json\/wp\/v2\/product_tag?post=984"}],"curies":[{"name":"wp","href":"https:\/\/api.w.org\/{rel}","templated":true}]}}