{"id":993,"date":"2023-02-11T08:06:52","date_gmt":"2023-02-11T08:06:52","guid":{"rendered":"https:\/\/cmykprinted.com\/?post_type=product&#038;p=993"},"modified":"2023-02-11T08:14:57","modified_gmt":"2023-02-11T08:14:57","slug":"wall-mounted-shop-front-flagpole-end-sign-shop-front-flags","status":"publish","type":"product","link":"https:\/\/cmykprinted.com\/sv\/produkt\/wall-mounted-shop-front-flagpole-end-sign-shop-front-flags\/","title":{"rendered":"V\u00e4ggmonterad butiksfront flaggst\u00e5ngs\u00e4ndskylt Shopfrontflaggor"},"content":{"rendered":"","protected":false},"excerpt":{"rendered":"<p>Flaggst\u00e5ngen i butiken \u00e4r designad f\u00f6r att rymma flaggor i olika storlekar och former. Dess robusta konstruktion och enkla installation g\u00f6r den till ett popul\u00e4rt val f\u00f6r dem som stolt vill visa sina flaggor. St\u00e5ngen \u00e4r f\u00f6rkonfigurerad f\u00f6r att flyga 3\u2032 x 5\u2032 USA-flaggan, vilket \u00e4r en standardstorlek f\u00f6r de flesta bost\u00e4der och kommersiella fastigheter. Men om du vill \u00e4ndra flaggan till en annan storlek \u00e4r det en enkel och okomplicerad process som kan slutf\u00f6ras p\u00e5 bara n\u00e5gra minuter.<\/p>","protected":false},"featured_media":994,"template":"","meta":{"_kad_post_transparent":"default","_kad_post_title":"hide","_kad_post_layout":"fullwidth","_kad_post_sidebar_id":"","_kad_post_content_style":"unboxed","_kad_post_vertical_padding":"hide","_kad_post_feature":"hide","_kad_post_feature_position":"","_kad_post_header":false,"_kad_post_footer":false},"product_cat":[79],"product_tag":[213,283,285,284,286],"class_list":{"0":"post-993","1":"product","2":"type-product","3":"status-publish","4":"has-post-thumbnail","6":"product_cat-custom-flags","7":"product_tag-end-sign-flags","8":"product_tag-shop-front-flagpole","9":"product_tag-small-wall-flags","10":"product_tag-wall-mounted-flags","11":"product_tag-window-mounted-flags-signs","13":"first","14":"instock","15":"shipping-taxable","16":"product-type-simple","17":"entry","18":"content-bg","19":"loop-entry"},"_links":{"self":[{"href":"https:\/\/cmykprinted.com\/sv\/wp-json\/wp\/v2\/product\/993","targetHints":{"allow":["GET"]}}],"collection":[{"href":"https:\/\/cmykprinted.com\/sv\/wp-json\/wp\/v2\/product"}],"about":[{"href":"https:\/\/cmykprinted.com\/sv\/wp-json\/wp\/v2\/types\/product"}],"version-history":[{"count":1,"href":"https:\/\/cmykprinted.com\/sv\/wp-json\/wp\/v2\/product\/993\/revisions"}],"predecessor-version":[{"id":999,"href":"https:\/\/cmykprinted.com\/sv\/wp-json\/wp\/v2\/product\/993\/revisions\/999"}],"wp:featuredmedia":[{"embeddable":true,"href":"https:\/\/cmykprinted.com\/sv\/wp-json\/wp\/v2\/media\/994"}],"wp:attachment":[{"href":"https:\/\/cmykprinted.com\/sv\/wp-json\/wp\/v2\/media?parent=993"}],"wp:term":[{"taxonomy":"product_cat","embeddable":true,"href":"https:\/\/cmykprinted.com\/sv\/wp-json\/wp\/v2\/product_cat?post=993"},{"taxonomy":"product_tag","embeddable":true,"href":"https:\/\/cmykprinted.com\/sv\/wp-json\/wp\/v2\/product_tag?post=993"}],"curies":[{"name":"wp","href":"https:\/\/api.w.org\/{rel}","templated":true}]}}