{"id":1000,"date":"2023-02-12T10:41:09","date_gmt":"2023-02-12T10:41:09","guid":{"rendered":"https:\/\/cmykprinted.com\/?post_type=product&#038;p=1000"},"modified":"2023-02-12T10:46:25","modified_gmt":"2023-02-12T10:46:25","slug":"logo-printed-premium-full-color-trade-show-table-throw","status":"publish","type":"product","link":"https:\/\/cmykprinted.com\/tr\/urun\/logo-printed-premium-full-color-trade-show-table-throw\/","title":{"rendered":"Logo Bask\u0131l\u0131 Premium Tam Renkli Fuar Masa \u00d6rt\u00fcs\u00fc"},"content":{"rendered":"","protected":false},"excerpt":{"rendered":"<p>\u015eirketimizde, her b\u00fcy\u00fckl\u00fckteki i\u015fletme ve kurulu\u015fa y\u00fcksek kaliteli ve uygun fiyatl\u0131 ticari fuar masa \u00f6rt\u00fcleri sa\u011flamaya kendimizi adad\u0131k. Ticaret fuarlar\u0131nda ve sergilerde g\u00fc\u00e7l\u00fc bir izlenim b\u0131rakman\u0131n \u00f6nemini anl\u0131yoruz ve kendimizi m\u00fc\u015fterilerimizin tam da bunu yapmas\u0131na yard\u0131mc\u0131 olmaya adad\u0131k. Profesyonel yaz\u0131c\u0131lardan olu\u015fan ekibimiz, masa \u00f6rt\u00fclerimizin canl\u0131, g\u00f6z al\u0131c\u0131 ve tamamen \u00f6zelle\u015ftirilebilir olmas\u0131n\u0131 sa\u011flamak i\u00e7in tam bir s\u00fcblimasyon i\u015flemi kullan\u0131r. Bir ticari fuar i\u00e7in bir masa \u00f6rt\u00fcs\u00fcne, \u00f6zel bir sergi i\u00e7in bir masa \u00f6rt\u00fcs\u00fcne veya ba\u015fka bir masa \u00f6rt\u00fcs\u00fcne ihtiyac\u0131n\u0131z olsun, ihtiyac\u0131n\u0131z olan \u00fcr\u00fcnlere ihtiyac\u0131n\u0131z olan h\u0131zda sahibiz.<br \/>\nFabrikam\u0131z, stre\u00e7 \u00f6rt\u00fcler, 3 ve 4 tarafl\u0131 \u00f6rt\u00fcler, yolluklar ve \u00e7ok daha fazlas\u0131n\u0131 i\u00e7eren \u00e7ok \u00e7e\u015fitli ticari fuar masa \u00f6rt\u00fcleri sunmaktad\u0131r. \u0130\u015fletmenizin veya kurulu\u015funuzun renk \u015femas\u0131n\u0131 tamamlamak i\u00e7in tasarlanm\u0131\u015f masa \u00f6rt\u00fcleri bile sunuyoruz. Ve bir logonuz yoksa, bu sorun de\u011fil! Markan\u0131z\u0131 tan\u0131tman\u0131za ve yeni m\u00fc\u015fteriler \u00e7ekmenize yard\u0131mc\u0131 olacak size \u00f6zel bir tasar\u0131m olu\u015fturabiliriz.<br \/>\nT\u00fcm ticari fuar masa \u00f6rt\u00fclerimizde 24 saatlik geri d\u00f6n\u00fc\u015f s\u00fcresi sunarak, ihtiyac\u0131n\u0131z olan \u00fcr\u00fcnleri ihtiya\u00e7 duydu\u011funuz anda alabilmenizi sa\u011fl\u0131yoruz. Daha fazla rahatl\u0131k i\u00e7in, t\u00fcm \u00fcr\u00fcnlerimizi sat\u0131n ald\u0131ktan sonraki bir sonraki i\u015f g\u00fcn\u00fcnde g\u00f6ndeririz. \u0130ster tek bir masaya, ister yakla\u015fan bir etkinlik i\u00e7in b\u00fcy\u00fck bir sipari\u015fe ihtiyac\u0131n\u0131z olsun, ba\u015far\u0131l\u0131 olmak i\u00e7in ihtiyac\u0131n\u0131z olan \u00fcr\u00fcn ve hizmetlere sahibiz.<\/p>","protected":false},"featured_media":1001,"template":"","meta":{"_kad_post_transparent":"default","_kad_post_title":"hide","_kad_post_layout":"fullwidth","_kad_post_sidebar_id":"","_kad_post_content_style":"unboxed","_kad_post_vertical_padding":"hide","_kad_post_feature":"hide","_kad_post_feature_position":"","_kad_post_header":false,"_kad_post_footer":false},"product_cat":[80,84],"product_tag":[218,216,217],"class_list":{"0":"post-1000","1":"product","2":"type-product","3":"status-publish","4":"has-post-thumbnail","6":"product_cat-custom-tablecloth","7":"product_cat-trade-show-table-throw","8":"product_tag-custom-table-throw","9":"product_tag-trade-show-table-throw","10":"product_tag-tradeshow-table-throw","12":"first","13":"instock","14":"shipping-taxable","15":"product-type-simple","16":"entry","17":"content-bg","18":"loop-entry"},"_links":{"self":[{"href":"https:\/\/cmykprinted.com\/tr\/wp-json\/wp\/v2\/product\/1000","targetHints":{"allow":["GET"]}}],"collection":[{"href":"https:\/\/cmykprinted.com\/tr\/wp-json\/wp\/v2\/product"}],"about":[{"href":"https:\/\/cmykprinted.com\/tr\/wp-json\/wp\/v2\/types\/product"}],"version-history":[{"count":1,"href":"https:\/\/cmykprinted.com\/tr\/wp-json\/wp\/v2\/product\/1000\/revisions"}],"predecessor-version":[{"id":1007,"href":"https:\/\/cmykprinted.com\/tr\/wp-json\/wp\/v2\/product\/1000\/revisions\/1007"}],"wp:featuredmedia":[{"embeddable":true,"href":"https:\/\/cmykprinted.com\/tr\/wp-json\/wp\/v2\/media\/1001"}],"wp:attachment":[{"href":"https:\/\/cmykprinted.com\/tr\/wp-json\/wp\/v2\/media?parent=1000"}],"wp:term":[{"taxonomy":"product_cat","embeddable":true,"href":"https:\/\/cmykprinted.com\/tr\/wp-json\/wp\/v2\/product_cat?post=1000"},{"taxonomy":"product_tag","embeddable":true,"href":"https:\/\/cmykprinted.com\/tr\/wp-json\/wp\/v2\/product_tag?post=1000"}],"curies":[{"name":"wp","href":"https:\/\/api.w.org\/{rel}","templated":true}]}}