{"id":1016,"date":"2023-02-12T14:30:04","date_gmt":"2023-02-12T14:30:04","guid":{"rendered":"https:\/\/cmykprinted.com\/?post_type=product&#038;p=1016"},"modified":"2023-02-12T14:40:07","modified_gmt":"2023-02-12T14:40:07","slug":"personalized-triangle-pop-up-banners-a-frame-stand-display","status":"publish","type":"product","link":"https:\/\/cmykprinted.com\/tr\/urun\/personalized-triangle-pop-up-banners-a-frame-stand-display\/","title":{"rendered":"Ki\u015fiselle\u015ftirilmi\u015f \u00dc\u00e7gen Pop Up Bannerlar A-\u00c7er\u00e7eve Stand Ekran\u0131"},"content":{"rendered":"","protected":false},"excerpt":{"rendered":"<p>\u00dc\u00e7gen a\u00e7\u0131l\u0131r afi\u015fler, markan\u0131z\u0131 veya i\u015fletmenizi \u015f\u0131k ve etkili bir \u015fekilde tan\u0131tmak i\u00e7in nihai \u00e7\u00f6z\u00fcmd\u00fcr. Kolay kurulum ve demontaj sa\u011flayan bir tasar\u0131ma sahip olan bu afi\u015fler, ticari fuarlar, etkinlikler ve konferanslar i\u00e7in idealdir. Hafif ve dayan\u0131kl\u0131 \u015feftali derisi kuma\u015ftan yap\u0131lm\u0131\u015ft\u0131r, saklama ve ta\u015f\u0131ma i\u00e7in kullan\u0131\u015fl\u0131 bir ta\u015f\u0131ma \u00e7antas\u0131yla birlikte gelirler.<br \/>\nYaln\u0131zca kullan\u0131mlar\u0131 kolay olmakla kalmaz, ayn\u0131 zamanda hedef kitlenizin dikkatini \u00e7ekmeleri de garanti edilir. \u0130ster yeni bir \u00fcr\u00fcn lansman\u0131, ister bir sat\u0131\u015f veya yakla\u015fan bir etkinlik olsun, bu afi\u015fler ilgi \u00e7ekecek ve kal\u0131c\u0131 bir etki yaratacakt\u0131r. \u0130\u00e7 ve d\u0131\u015f mekanlarda kullan\u0131labilirler ve yay metal \u00e7elik ve d\u00fcbel aksamlar\u0131 ile montaj\u0131 kolayd\u0131r.<br \/>\n\u00dc\u00e7gen a\u00e7\u0131l\u0131r banner ile i\u015fletmenizin reklam\u0131n\u0131 y\u00fckseltin. Kapsaml\u0131 kurulum k\u0131lavuzu, afi\u015finizi zahmetsizce kurman\u0131z ve indirmeniz i\u00e7in gerekli t\u00fcm ara\u00e7lar\u0131 sa\u011flar. Bug\u00fcn bir pop-up banner&#039;a yat\u0131r\u0131m yap\u0131n ve bir sonraki etkinli\u011finizde veya konferans\u0131n\u0131zda cesur bir a\u00e7\u0131klama yap\u0131n.<\/p>\n<div style=\"width: 1280px;\" class=\"wp-video\"><!--[if lt IE 9]><script>document.createElement('video');<\/script><![endif]--><br \/>\n<video class=\"wp-video-shortcode\" id=\"video-1016-1\" width=\"1280\" height=\"720\" loop autoplay preload=\"metadata\" controls=\"controls\"><source type=\"video\/mp4\" src=\"http:\/\/cmykprinted.com\/wp-content\/uploads\/2022\/12\/Triangle-Pop-Up-Banners.mp4?_=1\" \/><a href=\"http:\/\/cmykprinted.com\/wp-content\/uploads\/2022\/12\/Triangle-Pop-Up-Banners.mp4\">http:\/\/cmykprinted.com\/wp-content\/uploads\/2022\/12\/Triangle-Pop-Up-Banners.mp4<\/a><\/video><\/div>","protected":false},"featured_media":1017,"template":"","meta":{"_kad_post_transparent":"default","_kad_post_title":"hide","_kad_post_layout":"fullwidth","_kad_post_sidebar_id":"","_kad_post_content_style":"unboxed","_kad_post_vertical_padding":"hide","_kad_post_feature":"hide","_kad_post_feature_position":"","_kad_post_header":false,"_kad_post_footer":false},"product_cat":[92,95],"product_tag":[292,293,166,291],"class_list":{"0":"post-1016","1":"product","2":"type-product","3":"status-publish","4":"has-post-thumbnail","6":"product_cat-pop-up-banners","7":"product_cat-triangle-pop-up-banners","8":"product_tag-a-frame-stand-display","9":"product_tag-personalized-pop-up-banners","10":"product_tag-pop-up-banners","11":"product_tag-triangle-pop-up-banners","13":"first","14":"instock","15":"shipping-taxable","16":"product-type-simple","17":"entry","18":"content-bg","19":"loop-entry"},"_links":{"self":[{"href":"https:\/\/cmykprinted.com\/tr\/wp-json\/wp\/v2\/product\/1016","targetHints":{"allow":["GET"]}}],"collection":[{"href":"https:\/\/cmykprinted.com\/tr\/wp-json\/wp\/v2\/product"}],"about":[{"href":"https:\/\/cmykprinted.com\/tr\/wp-json\/wp\/v2\/types\/product"}],"version-history":[{"count":2,"href":"https:\/\/cmykprinted.com\/tr\/wp-json\/wp\/v2\/product\/1016\/revisions"}],"predecessor-version":[{"id":1024,"href":"https:\/\/cmykprinted.com\/tr\/wp-json\/wp\/v2\/product\/1016\/revisions\/1024"}],"wp:featuredmedia":[{"embeddable":true,"href":"https:\/\/cmykprinted.com\/tr\/wp-json\/wp\/v2\/media\/1017"}],"wp:attachment":[{"href":"https:\/\/cmykprinted.com\/tr\/wp-json\/wp\/v2\/media?parent=1016"}],"wp:term":[{"taxonomy":"product_cat","embeddable":true,"href":"https:\/\/cmykprinted.com\/tr\/wp-json\/wp\/v2\/product_cat?post=1016"},{"taxonomy":"product_tag","embeddable":true,"href":"https:\/\/cmykprinted.com\/tr\/wp-json\/wp\/v2\/product_tag?post=1016"}],"curies":[{"name":"wp","href":"https:\/\/api.w.org\/{rel}","templated":true}]}}