{"id":1034,"date":"2023-02-13T02:28:32","date_gmt":"2023-02-13T02:28:32","guid":{"rendered":"https:\/\/cmykprinted.com\/?post_type=product&#038;p=1034"},"modified":"2023-02-13T02:37:55","modified_gmt":"2023-02-13T02:37:55","slug":"multipurpose-wholesale-3d-custom-metal-transfer-stickers","status":"publish","type":"product","link":"https:\/\/cmykprinted.com\/tr\/urun\/multipurpose-wholesale-3d-custom-metal-transfer-stickers\/","title":{"rendered":"\u00c7ok Ama\u00e7l\u0131 Toptan 3D \u00d6zel Metal Transfer Etiketleri"},"content":{"rendered":"","protected":false},"excerpt":{"rendered":"<p>\u00d6zel metal transfer etiketleri, \u00fc\u00e7 boyutlu bir etki yaratmak i\u00e7in sa\u011flam nikel folyo kullanan yenilik\u00e7i bir etiketleme \u00e7\u00f6z\u00fcm\u00fcd\u00fcr. Bu benzersiz yakla\u015f\u0131m, \u00e7\u0131kartmalara \u015f\u0131k ve zarif bir g\u00f6r\u00fcn\u00fcm kazand\u0131r\u0131rken fazla malzeme tasar\u0131mdan \u00e7\u0131kar\u0131larak &quot;etiketsiz&quot; bir g\u00f6r\u00fcn\u00fcm sa\u011flan\u0131r. \u00dcst d\u00fczey \u00fcr\u00fcnler veya \u00e7evrimi\u00e7i perakende sat\u0131\u015f i\u00e7in ideal olan bu etiketler, tasar\u0131m\u0131n \u00f6zel bir bask\u0131 y\u00f6ntemi kullan\u0131larak nikel folyoya bas\u0131lmas\u0131yla \u00fcretilir. Fazla malzeme \u00e7\u0131kar\u0131ld\u0131ktan sonra, y\u00fckseltilmi\u015f elemanlar bir yap\u0131\u015fkan tabakas\u0131 ile kaplanarak plastik, metal ve ka\u011f\u0131t dahil olmak \u00fczere \u00e7e\u015fitli y\u00fczeylere uygulanmaya uygun hale getirilir.<br \/>\n3D metal transfer \u00e7\u0131kartmalar\u0131n\u0131n dayan\u0131kl\u0131l\u0131\u011f\u0131, en \u00f6nemli avantajlar\u0131ndan biridir. Nikel sa\u011flam ve korozyona dayan\u0131kl\u0131 bir malzeme oldu\u011fundan, bu \u00e7\u0131kartmalar zamanla kalitelerini korurken a\u015f\u0131nmaya ve y\u0131pranmaya dayanabilir. Ayr\u0131ca solmaya ve renk solmas\u0131na kar\u015f\u0131 diren\u00e7lidirler ve bu da onlar\u0131 uzun \u00f6m\u00fcrl\u00fc bir etiketleme \u00e7\u00f6z\u00fcm\u00fc haline getirir. Ayr\u0131ca, bu \u00e7\u0131kartmalar\u0131n \u00fc\u00e7 boyutlu etkisi, \u00fcr\u00fcn ambalaj\u0131n\u0131za veya markan\u0131za \u00e7ekici ve ay\u0131rt edici bir dokunu\u015f katar.<\/p>\n<div style=\"width: 1280px;\" class=\"wp-video\"><!--[if lt IE 9]><script>document.createElement('video');<\/script><![endif]--><br \/>\n<video class=\"wp-video-shortcode\" id=\"video-1034-1\" width=\"1280\" height=\"720\" loop autoplay preload=\"metadata\" controls=\"controls\"><source type=\"video\/mp4\" src=\"http:\/\/cmykprinted.com\/wp-content\/uploads\/2022\/12\/Metal-Transfer-Sticker.mp4?_=1\" \/><a href=\"http:\/\/cmykprinted.com\/wp-content\/uploads\/2022\/12\/Metal-Transfer-Sticker.mp4\">http:\/\/cmykprinted.com\/wp-content\/uploads\/2022\/12\/Metal-Transfer-Sticker.mp4<\/a><\/video><\/div>\n<p>&nbsp;<\/p>","protected":false},"featured_media":1035,"template":"","meta":{"_kad_post_transparent":"default","_kad_post_title":"hide","_kad_post_layout":"fullwidth","_kad_post_sidebar_id":"","_kad_post_content_style":"unboxed","_kad_post_vertical_padding":"hide","_kad_post_feature":"hide","_kad_post_feature_position":"","_kad_post_header":false,"_kad_post_footer":false},"product_cat":[101,102],"product_tag":[299,297,298,300],"class_list":{"0":"post-1034","1":"product","2":"type-product","3":"status-publish","4":"has-post-thumbnail","6":"product_cat-transfer-stickers","7":"product_cat-metal-transfer-stickers","8":"product_tag-3d-metal-transfer-stickers","9":"product_tag-custom-metal-transfer-stickers","10":"product_tag-metal-transfer-stickers","11":"product_tag-wholesale-metal-transfer-stickers","13":"first","14":"instock","15":"shipping-taxable","16":"product-type-simple","17":"entry","18":"content-bg","19":"loop-entry"},"_links":{"self":[{"href":"https:\/\/cmykprinted.com\/tr\/wp-json\/wp\/v2\/product\/1034","targetHints":{"allow":["GET"]}}],"collection":[{"href":"https:\/\/cmykprinted.com\/tr\/wp-json\/wp\/v2\/product"}],"about":[{"href":"https:\/\/cmykprinted.com\/tr\/wp-json\/wp\/v2\/types\/product"}],"version-history":[{"count":2,"href":"https:\/\/cmykprinted.com\/tr\/wp-json\/wp\/v2\/product\/1034\/revisions"}],"predecessor-version":[{"id":1042,"href":"https:\/\/cmykprinted.com\/tr\/wp-json\/wp\/v2\/product\/1034\/revisions\/1042"}],"wp:featuredmedia":[{"embeddable":true,"href":"https:\/\/cmykprinted.com\/tr\/wp-json\/wp\/v2\/media\/1035"}],"wp:attachment":[{"href":"https:\/\/cmykprinted.com\/tr\/wp-json\/wp\/v2\/media?parent=1034"}],"wp:term":[{"taxonomy":"product_cat","embeddable":true,"href":"https:\/\/cmykprinted.com\/tr\/wp-json\/wp\/v2\/product_cat?post=1034"},{"taxonomy":"product_tag","embeddable":true,"href":"https:\/\/cmykprinted.com\/tr\/wp-json\/wp\/v2\/product_tag?post=1034"}],"curies":[{"name":"wp","href":"https:\/\/api.w.org\/{rel}","templated":true}]}}