{"id":1043,"date":"2023-02-13T04:54:51","date_gmt":"2023-02-13T04:54:51","guid":{"rendered":"https:\/\/cmykprinted.com\/?post_type=product&#038;p=1043"},"modified":"2023-02-13T05:02:42","modified_gmt":"2023-02-13T05:02:42","slug":"personalized-teardrop-banner-flags-with-full-color-printing","status":"publish","type":"product","link":"https:\/\/cmykprinted.com\/tr\/urun\/personalized-teardrop-banner-flags-with-full-color-printing\/","title":{"rendered":"Tam Renkli Bask\u0131 ile Ki\u015fiselle\u015ftirilmi\u015f Damla Afi\u015f Bayraklar\u0131"},"content":{"rendered":"","protected":false},"excerpt":{"rendered":"<p>Genellikle g\u00f6zya\u015f\u0131 afi\u015fleri veya t\u00fcy bayraklar\u0131 olarak adland\u0131r\u0131lan g\u00f6zya\u015f\u0131 afi\u015f bayraklar\u0131, reklam ve pazarlama ama\u00e7lar\u0131 i\u00e7in kullan\u0131lan b\u00fcy\u00fck, g\u00f6zya\u015f\u0131 \u015feklindeki bayraklard\u0131r. Parlak, y\u00fcksek kaliteli grafiklerle sonu\u00e7lanan boya s\u00fcblimasyon i\u015flemiyle \u00fcretilen \u00f6zel tasar\u0131mlara sahiptirler. Bayraklar, r\u00fczgarl\u0131 ko\u015fullarda bile bayra\u011f\u0131 gergin tutan, al\u00fcminyum ve cam elyaf\u0131ndan yap\u0131lm\u0131\u015f esnek, hafif bir direk \u00fczerine monte edilmi\u015ftir. Direk, kullan\u0131c\u0131n\u0131n ihtiya\u00e7 ve tercihlerine g\u00f6re zemine veya bir stand \u00fczerine yerle\u015ftirilebilir.<br \/>\n\u0130\u015fletmenizin \u00f6n\u00fcne bir g\u00f6zya\u015f\u0131 bayra\u011f\u0131 asmak, potansiyel m\u00fc\u015fterilerin ve yoldan ge\u00e7enlerin dikkatini \u00e7ekmenin etkili bir yolu olabilir. Bu bayraklar dikkat \u00e7ekicidir ve i\u015finizi ve tekliflerinizi etkili bir \u015fekilde tan\u0131tabilir. Ayr\u0131ca \u00e7ok y\u00f6nl\u00fcd\u00fcrler ve ticari fuarlar, a\u00e7\u0131k hava etkinlikleri ve vitrinler gibi \u00e7e\u015fitli ortamlarda kullan\u0131labilirler. \u0130\u015fletmenizin markas\u0131n\u0131 ve mesaj\u0131n\u0131 do\u011fru bir \u015fekilde temsil eden \u00f6zel bir tasar\u0131m se\u00e7erek mesaj\u0131n\u0131z\u0131 etkili bir \u015fekilde iletebilir ve hedef kitleniz \u00fczerinde kal\u0131c\u0131 bir etki b\u0131rakabilirsiniz.<\/p>\n<div style=\"width: 1280px;\" class=\"wp-video\"><!--[if lt IE 9]><script>document.createElement('video');<\/script><![endif]--><br \/>\n<video class=\"wp-video-shortcode\" id=\"video-1043-1\" width=\"1280\" height=\"720\" loop autoplay preload=\"metadata\" controls=\"controls\"><source type=\"video\/mp4\" src=\"http:\/\/cmykprinted.com\/wp-content\/uploads\/2022\/12\/Beach-Teardrop-Flags-Banner.mp4?_=1\" \/><a href=\"http:\/\/cmykprinted.com\/wp-content\/uploads\/2022\/12\/Beach-Teardrop-Flags-Banner.mp4\">http:\/\/cmykprinted.com\/wp-content\/uploads\/2022\/12\/Beach-Teardrop-Flags-Banner.mp4<\/a><\/video><\/div>","protected":false},"featured_media":1044,"template":"","meta":{"_kad_post_transparent":"default","_kad_post_title":"hide","_kad_post_layout":"fullwidth","_kad_post_sidebar_id":"","_kad_post_content_style":"unboxed","_kad_post_vertical_padding":"hide","_kad_post_feature":"hide","_kad_post_feature_position":"","_kad_post_header":false,"_kad_post_footer":false},"product_cat":[64,67],"product_tag":[255,301,302,303,178],"class_list":{"0":"post-1043","1":"product","2":"type-product","3":"status-publish","4":"has-post-thumbnail","6":"product_cat-beach-flags","7":"product_cat-teardrop-flags-banners","8":"product_tag-personalized-teardrop-flags","9":"product_tag-teardrop-banner-flags","10":"product_tag-teardrop-banners","11":"product_tag-teardrop-flag-banners","12":"product_tag-teardrop-flags","14":"first","15":"instock","16":"shipping-taxable","17":"product-type-simple","18":"entry","19":"content-bg","20":"loop-entry"},"_links":{"self":[{"href":"https:\/\/cmykprinted.com\/tr\/wp-json\/wp\/v2\/product\/1043","targetHints":{"allow":["GET"]}}],"collection":[{"href":"https:\/\/cmykprinted.com\/tr\/wp-json\/wp\/v2\/product"}],"about":[{"href":"https:\/\/cmykprinted.com\/tr\/wp-json\/wp\/v2\/types\/product"}],"version-history":[{"count":2,"href":"https:\/\/cmykprinted.com\/tr\/wp-json\/wp\/v2\/product\/1043\/revisions"}],"predecessor-version":[{"id":1051,"href":"https:\/\/cmykprinted.com\/tr\/wp-json\/wp\/v2\/product\/1043\/revisions\/1051"}],"wp:featuredmedia":[{"embeddable":true,"href":"https:\/\/cmykprinted.com\/tr\/wp-json\/wp\/v2\/media\/1044"}],"wp:attachment":[{"href":"https:\/\/cmykprinted.com\/tr\/wp-json\/wp\/v2\/media?parent=1043"}],"wp:term":[{"taxonomy":"product_cat","embeddable":true,"href":"https:\/\/cmykprinted.com\/tr\/wp-json\/wp\/v2\/product_cat?post=1043"},{"taxonomy":"product_tag","embeddable":true,"href":"https:\/\/cmykprinted.com\/tr\/wp-json\/wp\/v2\/product_tag?post=1043"}],"curies":[{"name":"wp","href":"https:\/\/api.w.org\/{rel}","templated":true}]}}