{"id":1052,"date":"2023-02-13T07:20:10","date_gmt":"2023-02-13T07:20:10","guid":{"rendered":"https:\/\/cmykprinted.com\/?post_type=product&#038;p=1052"},"modified":"2023-02-13T07:26:04","modified_gmt":"2023-02-13T07:26:04","slug":"50mm-hexagonal-aluminum-10x20ft-pop-up-canopies-tents","status":"publish","type":"product","link":"https:\/\/cmykprinted.com\/tr\/urun\/50mm-hexagonal-aluminum-10x20ft-pop-up-canopies-tents\/","title":{"rendered":"50mm Alt\u0131gen Al\u00fcminyum 10x20ft A\u00e7\u0131l\u0131r Kanopiler \u00c7ad\u0131rlar"},"content":{"rendered":"","protected":false},"excerpt":{"rendered":"<p>Al\u00fcminyum \u00e7er\u00e7eveli 10x20ft a\u00e7\u0131l\u0131r kanopi, bir pazar tezgah\u0131nda veya ticaret fuar\u0131nda a\u00e7\u0131klama yapmak i\u00e7in m\u00fckemmel bir se\u00e7imdir. \u00c7er\u00e7eve, 50x50mm \u00f6l\u00e7\u00fclerinde ve 1.8mm kal\u0131nl\u0131\u011f\u0131ndaki alt\u0131gen al\u00fcminyum d\u0131\u015f aya\u011f\u0131 ile g\u00f6z dolduracak \u015fekilde tasarlanm\u0131\u015ft\u0131r. 7,5 cm aral\u0131klarla be\u015f y\u00fckseklik konumu ile uzun s\u00fcreli kullan\u0131m i\u00e7in stabilite sunar.<br \/>\nKanopiyi kurmak ve s\u00f6kmek, katlan\u0131r al\u00fcminyum \u00e7er\u00e7evesi ve gev\u015fek par\u00e7a olmamas\u0131 sayesinde zahmetsizdir. Basmal\u0131 d\u00fc\u011fmeli mafsall\u0131 ayak ayarlar\u0131 ve \u00fcst k\u00f6\u015felerdeki b\u00fcy\u00fck boy \u00e7ekme pimleri, herhangi bir alete ihtiya\u00e7 duymadan kurulumu kolayla\u015ft\u0131r\u0131r. Paket, ticari a\u00e7\u0131l\u0131r kapan\u0131r kanopi al\u00fcminyum \u00e7er\u00e7eveyi i\u00e7erir ve herhangi bir alet kullanmadan bir veya iki ki\u015fi taraf\u0131ndan birka\u00e7 dakika i\u00e7inde kolayca monte edilebilir.<br \/>\nBu kanopi, 1 y\u0131ll\u0131k garanti ve \u00f6m\u00fcr boyu aksesuar ve par\u00e7a tedari\u011fi ile birlikte gelir. \u00d6zel bir \u00e7al\u0131\u015fmaya ihtiyac\u0131n\u0131z varsa, yard\u0131m etmek i\u00e7in buraday\u0131z. 100% memnuniyetini garanti ediyoruz ve sahip olabilece\u011finiz sorunlar\u0131 \u00e7\u00f6zmek i\u00e7in \u00e7al\u0131\u015faca\u011f\u0131z.<br \/>\nBu \u00e7ok y\u00f6nl\u00fc tente, partiler, ticari fuarlar, spor etkinlikleri, piknikler, barbek\u00fcler ve daha fazlas\u0131 gibi \u00e7ok \u00e7e\u015fitli a\u00e7\u0131k hava etkinlikleri i\u00e7in uygundur. Ayr\u0131ca ticari alanlar, plajlar, oyun alanlar\u0131, avlular, bah\u00e7eler, \u00e7iftlikler ve di\u011fer d\u0131\u015f mekan ortamlar\u0131n\u0131n yan\u0131 s\u0131ra b\u00fcy\u00fck spor salonlar\u0131 gibi i\u00e7 mekan ortamlar\u0131nda da kullan\u0131labilir. \u00dcst d\u00fczey kalitesi ile uzun \u00f6m\u00fcrl\u00fcl\u00fc\u011f\u00fcne ve dayan\u0131kl\u0131l\u0131\u011f\u0131na g\u00fcvenebilirsiniz. \u0130lk y\u0131l i\u00e7inde herhangi bir kalite endi\u015feniz varsa, bize ula\u015fman\u0131z yeterlidir. 100% memnuniyet garantimiz, sahip olabilece\u011finiz sorunlar\u0131 \u00e7\u00f6zmek i\u00e7in \u00e7al\u0131\u015faca\u011f\u0131m\u0131z\u0131 garanti eder.<\/p>\n<div style=\"width: 1280px;\" class=\"wp-video\"><!--[if lt IE 9]><script>document.createElement('video');<\/script><![endif]--><br \/>\n<video class=\"wp-video-shortcode\" id=\"video-1052-1\" width=\"1280\" height=\"720\" loop autoplay preload=\"auto\" controls=\"controls\"><source type=\"video\/mp4\" src=\"http:\/\/cmykprinted.com\/wp-content\/uploads\/2022\/12\/10x15ft-Pop-up-Tent.mp4?_=1\" \/><a href=\"http:\/\/cmykprinted.com\/wp-content\/uploads\/2022\/12\/10x15ft-Pop-up-Tent.mp4\">http:\/\/cmykprinted.com\/wp-content\/uploads\/2022\/12\/10x15ft-Pop-up-Tent.mp4<\/a><\/video><\/div>","protected":false},"featured_media":1053,"template":"","meta":{"_kad_post_transparent":"default","_kad_post_title":"hide","_kad_post_layout":"fullwidth","_kad_post_sidebar_id":"","_kad_post_content_style":"unboxed","_kad_post_vertical_padding":"hide","_kad_post_feature":"hide","_kad_post_feature_position":"","_kad_post_header":false,"_kad_post_footer":false},"product_cat":[68,77,74],"product_tag":[279,208,282,306,305,281,304,280],"class_list":{"0":"post-1052","1":"product","2":"type-product","3":"status-publish","4":"has-post-thumbnail","6":"product_cat-custom-canopy-tents","7":"product_cat-10x20ft-pop-up-canopies-50mm-heavy-duty-hexagon-aluminum-tents-custom-canopy-tents","8":"product_cat-50mm-heavy-duty-hexagon-aluminum-tents","9":"product_tag-10x15ft-hexagonal-pop-up-canopy-tent","10":"product_tag-10x20ft-pop-up-canopies","11":"product_tag-50mm-hexagonal-pop-up-canopy","12":"product_tag-50mm-hexagonal-pop-up-canopies","13":"product_tag-aluminum-canopies-pop-up-canopies","14":"product_tag-aluminum-frame-pop-up-canopy-tent","15":"product_tag-hexagonal-aluminum-canopies","16":"product_tag-hexagonal-pop-up-canopy-tent","18":"first","19":"instock","20":"shipping-taxable","21":"product-type-simple","22":"entry","23":"content-bg","24":"loop-entry"},"_links":{"self":[{"href":"https:\/\/cmykprinted.com\/tr\/wp-json\/wp\/v2\/product\/1052","targetHints":{"allow":["GET"]}}],"collection":[{"href":"https:\/\/cmykprinted.com\/tr\/wp-json\/wp\/v2\/product"}],"about":[{"href":"https:\/\/cmykprinted.com\/tr\/wp-json\/wp\/v2\/types\/product"}],"version-history":[{"count":2,"href":"https:\/\/cmykprinted.com\/tr\/wp-json\/wp\/v2\/product\/1052\/revisions"}],"predecessor-version":[{"id":1059,"href":"https:\/\/cmykprinted.com\/tr\/wp-json\/wp\/v2\/product\/1052\/revisions\/1059"}],"wp:featuredmedia":[{"embeddable":true,"href":"https:\/\/cmykprinted.com\/tr\/wp-json\/wp\/v2\/media\/1053"}],"wp:attachment":[{"href":"https:\/\/cmykprinted.com\/tr\/wp-json\/wp\/v2\/media?parent=1052"}],"wp:term":[{"taxonomy":"product_cat","embeddable":true,"href":"https:\/\/cmykprinted.com\/tr\/wp-json\/wp\/v2\/product_cat?post=1052"},{"taxonomy":"product_tag","embeddable":true,"href":"https:\/\/cmykprinted.com\/tr\/wp-json\/wp\/v2\/product_tag?post=1052"}],"curies":[{"name":"wp","href":"https:\/\/api.w.org\/{rel}","templated":true}]}}