{"id":1060,"date":"2023-02-13T07:46:21","date_gmt":"2023-02-13T07:46:21","guid":{"rendered":"https:\/\/cmykprinted.com\/?post_type=product&#038;p=1060"},"modified":"2023-02-13T07:55:50","modified_gmt":"2023-02-13T07:55:50","slug":"custom-printed-exhibit-fitted-table-cover-fitted-tablecloth","status":"publish","type":"product","link":"https:\/\/cmykprinted.com\/tr\/urun\/custom-printed-exhibit-fitted-table-cover-fitted-tablecloth\/","title":{"rendered":"\u00d6zel Bask\u0131l\u0131 Sergileme Masa \u00d6rt\u00fcs\u00fc Masa \u00d6rt\u00fcs\u00fc"},"content":{"rendered":"","protected":false},"excerpt":{"rendered":"<p>G\u00f6mme masa \u00f6rt\u00fcs\u00fc, 72 in\u00e7 uzunlu\u011funda, 30 in\u00e7 geni\u015fli\u011finde ve 30 in\u00e7 y\u00fcksekli\u011finde, ister katlan\u0131r ister ziyafet masas\u0131 olsun, dikd\u00f6rtgen masalara uyacak \u015fekilde hassasiyetle tasarlanm\u0131\u015ft\u0131r. Bu \u00e7ok y\u00f6nl\u00fc dikd\u00f6rtgen masa \u00f6rt\u00fcs\u00fc, d\u00fc\u011f\u00fcnler, do\u011fum g\u00fcnleri, du\u015flar, ak\u015fam yeme\u011fi provalar\u0131 ve hatta aile toplant\u0131lar\u0131 gibi etkinlikler i\u00e7in idealdir. \u00dcst\u00fcn kaliteli stre\u00e7 polyesterden \u00fcretilen bu 1,8 metre boyundaki spandeks masa \u00f6rt\u00fcs\u00fc, uzun s\u00fcre dayanacak \u015fekilde yap\u0131lm\u0131\u015ft\u0131r ve k\u0131r\u0131\u015f\u0131klara ve lekelere kar\u015f\u0131 dayan\u0131kl\u0131 dayan\u0131kl\u0131 bir yap\u0131ya sahiptir. Ek olarak, bu masa \u00f6rt\u00fcs\u00fc birden \u00e7ok kez y\u0131kanabilir, bu da onu etkinlik planlay\u0131c\u0131lar\u0131 veya ev sahipleri i\u00e7in uygun maliyetli bir se\u00e7enek haline getirir. Hem resmi hem de gayri resmi etkinlikler i\u00e7in uygun, spandeks kapl\u0131 masa \u00f6rt\u00fcm\u00fcz\u00fcn \u015f\u0131k ve pratik ilavesi ile masa ayarlar\u0131n\u0131z\u0131 y\u00fckseltin.<\/p>\n<div style=\"width: 1290px;\" class=\"wp-video\"><!--[if lt IE 9]><script>document.createElement('video');<\/script><![endif]--><br \/>\n<video class=\"wp-video-shortcode\" id=\"video-1060-1\" width=\"1290\" height=\"726\" loop autoplay preload=\"auto\" controls=\"controls\"><source type=\"video\/mp4\" src=\"http:\/\/cmykprinted.com\/wp-content\/uploads\/2023\/02\/Fitted-Table-Cover.mp4?_=1\" \/><a href=\"http:\/\/cmykprinted.com\/wp-content\/uploads\/2023\/02\/Fitted-Table-Cover.mp4\">http:\/\/cmykprinted.com\/wp-content\/uploads\/2023\/02\/Fitted-Table-Cover.mp4<\/a><\/video><\/div>","protected":false},"featured_media":1061,"template":"","meta":{"_kad_post_transparent":"default","_kad_post_title":"hide","_kad_post_layout":"fullwidth","_kad_post_sidebar_id":"","_kad_post_content_style":"unboxed","_kad_post_vertical_padding":"hide","_kad_post_feature":"hide","_kad_post_feature_position":"","_kad_post_header":false,"_kad_post_footer":false},"product_cat":[80,81,83],"product_tag":[157,307,308,185,265],"class_list":{"0":"post-1060","1":"product","2":"type-product","3":"status-publish","4":"has-post-thumbnail","6":"product_cat-custom-tablecloth","7":"product_cat-custom-stretch-tablecloth","8":"product_cat-fitted-table-cover","9":"product_tag-custom-table-cover","10":"product_tag-exhibit-table-cover","11":"product_tag-exhibit-table-tablecloth","12":"product_tag-fitted-table-cover","13":"product_tag-fitted-tablecloth","15":"first","16":"instock","17":"shipping-taxable","18":"product-type-simple","19":"entry","20":"content-bg","21":"loop-entry"},"_links":{"self":[{"href":"https:\/\/cmykprinted.com\/tr\/wp-json\/wp\/v2\/product\/1060","targetHints":{"allow":["GET"]}}],"collection":[{"href":"https:\/\/cmykprinted.com\/tr\/wp-json\/wp\/v2\/product"}],"about":[{"href":"https:\/\/cmykprinted.com\/tr\/wp-json\/wp\/v2\/types\/product"}],"version-history":[{"count":1,"href":"https:\/\/cmykprinted.com\/tr\/wp-json\/wp\/v2\/product\/1060\/revisions"}],"predecessor-version":[{"id":1068,"href":"https:\/\/cmykprinted.com\/tr\/wp-json\/wp\/v2\/product\/1060\/revisions\/1068"}],"wp:featuredmedia":[{"embeddable":true,"href":"https:\/\/cmykprinted.com\/tr\/wp-json\/wp\/v2\/media\/1061"}],"wp:attachment":[{"href":"https:\/\/cmykprinted.com\/tr\/wp-json\/wp\/v2\/media?parent=1060"}],"wp:term":[{"taxonomy":"product_cat","embeddable":true,"href":"https:\/\/cmykprinted.com\/tr\/wp-json\/wp\/v2\/product_cat?post=1060"},{"taxonomy":"product_tag","embeddable":true,"href":"https:\/\/cmykprinted.com\/tr\/wp-json\/wp\/v2\/product_tag?post=1060"}],"curies":[{"name":"wp","href":"https:\/\/api.w.org\/{rel}","templated":true}]}}