{"id":1069,"date":"2023-02-13T13:14:04","date_gmt":"2023-02-13T13:14:04","guid":{"rendered":"https:\/\/cmykprinted.com\/?post_type=product&#038;p=1069"},"modified":"2023-02-13T13:33:15","modified_gmt":"2023-02-13T13:33:15","slug":"heavy-duty-premium-custom-pvc-banner-with-hanging-grommets","status":"publish","type":"product","link":"https:\/\/cmykprinted.com\/tr\/urun\/heavy-duty-premium-custom-pvc-banner-with-hanging-grommets\/","title":{"rendered":"Asma Grommetli A\u011f\u0131r Hizmet Tipi Premium \u00d6zel PVC Banner"},"content":{"rendered":"","protected":false},"excerpt":{"rendered":"<p>\u0130\u015fletmeniz i\u00e7in g\u00fcvenilir ve uzun \u00f6m\u00fcrl\u00fc bir reklam \u00e7\u00f6z\u00fcm\u00fc ar\u0131yorsan\u0131z, \u00f6zel PVC afi\u015flerimizi d\u00fc\u015f\u00fcn\u00fcn. Sa\u011flam PVC esnek malzemeden \u00fcretilen bu afi\u015fler, sert d\u0131\u015f unsurlara kar\u015f\u0131 m\u00fckemmel diren\u00e7 ve dayan\u0131kl\u0131l\u0131k sunarak d\u0131\u015f mekan kullan\u0131m\u0131 i\u00e7in idealdir.<br \/>\n\u0130ster bir etkinli\u011fi tan\u0131t\u0131n, ister \u00fcr\u00fcnlerinizi veya hizmetlerinizi sergileyin, ister izleyicilerinizle \u00f6nemli bilgileri payla\u015f\u0131n, \u00f6zel PVC afi\u015flerimiz etkili ve uygun maliyetli bir se\u00e7imdir. Dayan\u0131kl\u0131 yap\u0131lar\u0131, d\u0131\u015f etkenlere dayanmalar\u0131na ve uzun s\u00fcreli hizmet sunmalar\u0131na olanak tan\u0131r, b\u00f6ylece gerekti\u011finde yeniden kullanabilirsiniz.<br \/>\n\u00d6zel PVC afi\u015fler kullanman\u0131n faydalar\u0131ndan biri, genel reklam harcamalar\u0131n\u0131z\u0131 azaltman\u0131za yard\u0131mc\u0131 olabilmesidir. Dayan\u0131kl\u0131 ve uzun \u00f6m\u00fcrl\u00fc yap\u0131lar\u0131, s\u0131k s\u0131k sat\u0131n alma veya de\u011fi\u015ftirme konusunda endi\u015felenmenize gerek kalmayaca\u011f\u0131 anlam\u0131na gelir, bu da uzun vadede size zaman ve para kazand\u0131r\u0131rken afi\u015flerinizin en iyi durumda kalmas\u0131n\u0131 ve i\u015finizi etkili bir \u015fekilde tan\u0131tmaya devam etmesini sa\u011flar.<br \/>\nSonu\u00e7 olarak, \u00f6zel PVC afi\u015fler i\u015fletmenizi a\u00e7\u0131k havada tan\u0131tmak i\u00e7in g\u00fcvenilir ve uygun maliyetli bir se\u00e7enektir. Sa\u011flam malzemeleri ve dayan\u0131kl\u0131 yap\u0131lar\u0131 onlar\u0131 uzun vadeli kullan\u0131ma uygun hale getirir ve bu s\u00fcre\u00e7te paradan tasarruf ederken reklam hedeflerinize ula\u015fman\u0131za yard\u0131mc\u0131 olur.<\/p>\n<div style=\"width: 1280px;\" class=\"wp-video\"><!--[if lt IE 9]><script>document.createElement('video');<\/script><![endif]--><br \/>\n<video class=\"wp-video-shortcode\" id=\"video-1069-1\" width=\"1280\" height=\"720\" loop autoplay preload=\"metadata\" controls=\"controls\"><source type=\"video\/mp4\" src=\"http:\/\/cmykprinted.com\/wp-content\/uploads\/2022\/12\/PVC-Mesh-Banner.mp4?_=1\" \/><a href=\"http:\/\/cmykprinted.com\/wp-content\/uploads\/2022\/12\/PVC-Mesh-Banner.mp4\">http:\/\/cmykprinted.com\/wp-content\/uploads\/2022\/12\/PVC-Mesh-Banner.mp4<\/a><\/video><\/div>","protected":false},"featured_media":1070,"template":"","meta":{"_kad_post_transparent":"default","_kad_post_title":"hide","_kad_post_layout":"fullwidth","_kad_post_sidebar_id":"","_kad_post_content_style":"unboxed","_kad_post_vertical_padding":"hide","_kad_post_feature":"hide","_kad_post_feature_position":"","_kad_post_header":false,"_kad_post_footer":false},"product_cat":[85,90,91,89,88],"product_tag":[310,309,311,312],"class_list":{"0":"post-1069","1":"product","2":"type-product","3":"status-publish","4":"has-post-thumbnail","6":"product_cat-outdoor-vinyl-banners","7":"product_cat-glossy-pvc-banners","8":"product_cat-matte-vinyl-banners","9":"product_cat-pvc-banners","10":"product_cat-pvc-mesh-banners","11":"product_tag-banner-with-hanging-grommets","12":"product_tag-custom-pvc-banner","13":"product_tag-heavy-duty-pvc-banner","14":"product_tag-premium-pvc-banner","16":"first","17":"instock","18":"shipping-taxable","19":"product-type-simple","20":"entry","21":"content-bg","22":"loop-entry"},"_links":{"self":[{"href":"https:\/\/cmykprinted.com\/tr\/wp-json\/wp\/v2\/product\/1069","targetHints":{"allow":["GET"]}}],"collection":[{"href":"https:\/\/cmykprinted.com\/tr\/wp-json\/wp\/v2\/product"}],"about":[{"href":"https:\/\/cmykprinted.com\/tr\/wp-json\/wp\/v2\/types\/product"}],"version-history":[{"count":2,"href":"https:\/\/cmykprinted.com\/tr\/wp-json\/wp\/v2\/product\/1069\/revisions"}],"predecessor-version":[{"id":1077,"href":"https:\/\/cmykprinted.com\/tr\/wp-json\/wp\/v2\/product\/1069\/revisions\/1077"}],"wp:featuredmedia":[{"embeddable":true,"href":"https:\/\/cmykprinted.com\/tr\/wp-json\/wp\/v2\/media\/1070"}],"wp:attachment":[{"href":"https:\/\/cmykprinted.com\/tr\/wp-json\/wp\/v2\/media?parent=1069"}],"wp:term":[{"taxonomy":"product_cat","embeddable":true,"href":"https:\/\/cmykprinted.com\/tr\/wp-json\/wp\/v2\/product_cat?post=1069"},{"taxonomy":"product_tag","embeddable":true,"href":"https:\/\/cmykprinted.com\/tr\/wp-json\/wp\/v2\/product_tag?post=1069"}],"curies":[{"name":"wp","href":"https:\/\/api.w.org\/{rel}","templated":true}]}}