{"id":1078,"date":"2023-02-13T14:09:55","date_gmt":"2023-02-13T14:09:55","guid":{"rendered":"https:\/\/cmykprinted.com\/?post_type=product&#038;p=1078"},"modified":"2023-02-13T14:16:32","modified_gmt":"2023-02-13T14:16:32","slug":"personalized-triangle-pop-out-banner-custom-pop-up-signs","status":"publish","type":"product","link":"https:\/\/cmykprinted.com\/tr\/urun\/personalized-triangle-pop-out-banner-custom-pop-up-signs\/","title":{"rendered":"Ki\u015fiselle\u015ftirilmi\u015f \u00dc\u00e7gen A\u00e7\u0131l\u0131r Afi\u015f \u00d6zel A\u00e7\u0131l\u0131r Tabelalar"},"content":{"rendered":"","protected":false},"excerpt":{"rendered":"<p>\u00dc\u00e7gen a\u00e7\u0131l\u0131r afi\u015fler, markan\u0131z\u0131 veya i\u015fletmenizi tan\u0131tman\u0131n \u015f\u0131k ve etkili bir yolunu sunar. Hafif ve dayan\u0131kl\u0131 \u015feftali derisi kuma\u015ftan yap\u0131lan montaj\u0131 kolay tasar\u0131m\u0131, onlar\u0131 ticari fuarlar, etkinlikler ve konferanslar i\u00e7in m\u00fckemmel k\u0131lar. Saklama ve ta\u015f\u0131ma i\u00e7in birlikte verilen ta\u015f\u0131ma \u00e7antas\u0131yla bu afi\u015fler yaln\u0131zca kullan\u0131m kolayl\u0131\u011f\u0131 sa\u011flamakla kalmaz, ayn\u0131 zamanda hedef kitlenizin dikkatini \u00e7ekmeyi de garanti eder. \u0130ster yeni bir \u00fcr\u00fcn, ister indirim veya yakla\u015fan bir etkinlik duyuruyor olun, bu afi\u015fler, yay metali \u00e7elik ve d\u00fcbel donan\u0131m\u0131yla hem i\u00e7 hem de d\u0131\u015f mekanlarda kal\u0131c\u0131 bir etki yaratacakt\u0131r.<br \/>\n\u00dc\u00e7gen a\u00e7\u0131l\u0131r banner ile reklamlar\u0131n\u0131z\u0131 bir sonraki seviyeye ta\u015f\u0131y\u0131n. Basit kurulum k\u0131lavuzu, banner&#039;\u0131n\u0131z\u0131 kolayl\u0131kla kurman\u0131z ve indirmeniz i\u00e7in ihtiyac\u0131n\u0131z olan t\u00fcm ara\u00e7lar\u0131 sa\u011flar. Bir sonraki etkinli\u011finizde veya konferans\u0131n\u0131zda hemen a\u00e7\u0131l\u0131r bir banner&#039;a yat\u0131r\u0131m yaparak bir a\u00e7\u0131klama yap\u0131n.<\/p>\n<div style=\"width: 1280px;\" class=\"wp-video\"><!--[if lt IE 9]><script>document.createElement('video');<\/script><![endif]--><br \/>\n<video class=\"wp-video-shortcode\" id=\"video-1078-1\" width=\"1280\" height=\"720\" loop autoplay preload=\"metadata\" controls=\"controls\"><source type=\"video\/mp4\" src=\"http:\/\/cmykprinted.com\/wp-content\/uploads\/2022\/12\/Triangle-Pop-Up-Banners.mp4?_=1\" \/><a href=\"http:\/\/cmykprinted.com\/wp-content\/uploads\/2022\/12\/Triangle-Pop-Up-Banners.mp4\">http:\/\/cmykprinted.com\/wp-content\/uploads\/2022\/12\/Triangle-Pop-Up-Banners.mp4<\/a><\/video><\/div>","protected":false},"featured_media":1079,"template":"","meta":{"_kad_post_transparent":"default","_kad_post_title":"hide","_kad_post_layout":"fullwidth","_kad_post_sidebar_id":"","_kad_post_content_style":"unboxed","_kad_post_vertical_padding":"hide","_kad_post_feature":"hide","_kad_post_feature_position":"","_kad_post_header":false,"_kad_post_footer":false},"product_cat":[92,95],"product_tag":[314,315,313,316],"class_list":{"0":"post-1078","1":"product","2":"type-product","3":"status-publish","4":"has-post-thumbnail","6":"product_cat-pop-up-banners","7":"product_cat-triangle-pop-up-banners","8":"product_tag-custom-pop-up-signs","9":"product_tag-personalized-pop-up-signs","10":"product_tag-triangle-pop-out-banner","11":"product_tag-triangle-pop-up-signs","13":"first","14":"instock","15":"shipping-taxable","16":"product-type-simple","17":"entry","18":"content-bg","19":"loop-entry"},"_links":{"self":[{"href":"https:\/\/cmykprinted.com\/tr\/wp-json\/wp\/v2\/product\/1078","targetHints":{"allow":["GET"]}}],"collection":[{"href":"https:\/\/cmykprinted.com\/tr\/wp-json\/wp\/v2\/product"}],"about":[{"href":"https:\/\/cmykprinted.com\/tr\/wp-json\/wp\/v2\/types\/product"}],"version-history":[{"count":2,"href":"https:\/\/cmykprinted.com\/tr\/wp-json\/wp\/v2\/product\/1078\/revisions"}],"predecessor-version":[{"id":1086,"href":"https:\/\/cmykprinted.com\/tr\/wp-json\/wp\/v2\/product\/1078\/revisions\/1086"}],"wp:featuredmedia":[{"embeddable":true,"href":"https:\/\/cmykprinted.com\/tr\/wp-json\/wp\/v2\/media\/1079"}],"wp:attachment":[{"href":"https:\/\/cmykprinted.com\/tr\/wp-json\/wp\/v2\/media?parent=1078"}],"wp:term":[{"taxonomy":"product_cat","embeddable":true,"href":"https:\/\/cmykprinted.com\/tr\/wp-json\/wp\/v2\/product_cat?post=1078"},{"taxonomy":"product_tag","embeddable":true,"href":"https:\/\/cmykprinted.com\/tr\/wp-json\/wp\/v2\/product_tag?post=1078"}],"curies":[{"name":"wp","href":"https:\/\/api.w.org\/{rel}","templated":true}]}}